{"id":1535,"date":"2026-02-21T15:53:49","date_gmt":"2026-02-21T15:53:49","guid":{"rendered":"https:\/\/rslbaltic.eu\/?page_id=1535"},"modified":"2026-02-21T15:57:42","modified_gmt":"2026-02-21T15:57:42","slug":"universalaus-zaidimo-raketes","status":"publish","type":"page","link":"https:\/\/rslbaltic.eu\/en\/universalaus-zaidimo-raketes\/","title":{"rendered":"Universalaus \u017eaidimo raket\u0117s"},"content":{"rendered":"<div data-elementor-type=\"wp-page\" data-elementor-id=\"1535\" class=\"elementor elementor-1535\">\n\t\t\t\t<div class=\"elementor-element elementor-element-183a375 e-flex e-con-boxed ecomus-responsive-column ecomus-tablet-column--default ecomus-responsive-column ecomus-mobile-column--default ecomus-responsive-column ecomus-motion--var(--position) e-con e-parent\" data-id=\"183a375\" data-element_type=\"container\" data-e-type=\"container\">\n\t\t\t\t\t<div class=\"e-con-inner\">\n\t\t<div class=\"elementor-element elementor-element-cf35576 e-con-full e-flex ecomus-responsive-column ecomus-tablet-column--default ecomus-responsive-column ecomus-mobile-column--default ecomus-responsive-column ecomus-motion--var(--position) e-con e-child\" data-id=\"cf35576\" data-element_type=\"container\" data-e-type=\"container\">\n\t\t\t\t<div class=\"elementor-element elementor-element-bf3a146 elementor-widget elementor-widget-image\" data-id=\"bf3a146\" data-element_type=\"widget\" data-e-type=\"widget\" data-widget_type=\"image.default\">\n\t\t\t\t\t\t\t\t\t\t\t\t\t\t\t<img fetchpriority=\"high\" decoding=\"async\" width=\"1024\" height=\"1024\" src=\"https:\/\/rslbaltic.eu\/wp-content\/uploads\/2026\/02\/RSL-AR07-15-1024x1024.jpg\" class=\"attachment-large size-large wp-image-1492\" alt=\"\" srcset=\"https:\/\/rslbaltic.eu\/wp-content\/uploads\/2026\/02\/RSL-AR07-15-1024x1024.jpg 1024w, https:\/\/rslbaltic.eu\/wp-content\/uploads\/2026\/02\/RSL-AR07-15-300x300.jpg 300w, https:\/\/rslbaltic.eu\/wp-content\/uploads\/2026\/02\/RSL-AR07-15-150x150.jpg 150w, https:\/\/rslbaltic.eu\/wp-content\/uploads\/2026\/02\/RSL-AR07-15-768x768.jpg 768w, https:\/\/rslbaltic.eu\/wp-content\/uploads\/2026\/02\/RSL-AR07-15-12x12.jpg 12w, https:\/\/rslbaltic.eu\/wp-content\/uploads\/2026\/02\/RSL-AR07-15-600x600.jpg 600w, https:\/\/rslbaltic.eu\/wp-content\/uploads\/2026\/02\/RSL-AR07-15-130x130.jpg 130w, https:\/\/rslbaltic.eu\/wp-content\/uploads\/2026\/02\/RSL-AR07-15.jpg 1400w\" sizes=\"(max-width: 1024px) 100vw, 1024px\" \/>\t\t\t\t\t\t\t\t\t\t\t\t\t\t\t<\/div>\n\t\t\t\t<\/div>\n\t\t<div class=\"elementor-element elementor-element-b9fa69f e-con-full e-flex ecomus-responsive-column ecomus-tablet-column--default ecomus-responsive-column ecomus-mobile-column--default ecomus-responsive-column ecomus-motion--var(--position) e-con e-child\" data-id=\"b9fa69f\" data-element_type=\"container\" data-e-type=\"container\">\n\t\t\t\t<div class=\"elementor-element elementor-element-cb7630d elementor-widget elementor-widget-heading\" data-id=\"cb7630d\" data-element_type=\"widget\" data-e-type=\"widget\" data-widget_type=\"heading.default\">\n\t\t\t\t\t<h5 class=\"elementor-heading-title elementor-size-default\">RSL Strike Raket\u0117s<\/h5>\t\t\t\t<\/div>\n\t\t\t\t<div class=\"elementor-element elementor-element-0aaca5b elementor-widget elementor-widget-heading\" data-id=\"0aaca5b\" data-element_type=\"widget\" data-e-type=\"widget\" data-widget_type=\"heading.default\">\n\t\t\t\t\t<h2 class=\"elementor-heading-title elementor-size-default\">UNIVERSALAUS \u017dAIDIMO KOLEKCIJA<\/h2>\t\t\t\t<\/div>\n\t\t\t\t<div class=\"elementor-element elementor-element-432e38e elementor-widget elementor-widget-text-editor\" data-id=\"432e38e\" data-element_type=\"widget\" data-e-type=\"widget\" data-widget_type=\"text-editor.default\">\n\t\t\t\t\t\t\t\t\t<p><strong>Tobula pusiausvyra be kompromis\u0173.<\/strong><\/p>\t\t\t\t\t\t\t\t<\/div>\n\t\t\t\t<div class=\"elementor-element elementor-element-ec88743 elementor-widget elementor-widget-text-editor\" data-id=\"ec88743\" data-element_type=\"widget\" data-e-type=\"widget\" data-widget_type=\"text-editor.default\">\n\t\t\t\t\t\t\t\t\t<p>\u201eRSL Strike\u201c kolekcija skirta \u017eaid\u0117jams, kurie nori tobulos pusiausvyros tarp galios ir kontrol\u0117s, tuo pa\u010diu i\u0161laikant stabilumo poj\u016bt\u012f aik\u0161tel\u0117je.<\/p><p>\u201eRSL Strike\u201c yra idealus pasirinkimas \u017eaid\u0117jams, kurie nori poj\u016b\u010dio badmintono aik\u0161tel\u0117je, i\u0161rei\u0161kian\u010dio stipr\u0173 agresyvum\u0105 ir technik\u0105, nepriklausomai nuo lygio ar \u017eaidimo stiliaus. Naujojoje \u201eRSL Strike\u201c kolekcijoje pasieksite tobul\u0105 pusiausvyr\u0105 tarp greito raket\u0117s valdymo, stabilumo ir galios.<\/p>\t\t\t\t\t\t\t\t<\/div>\n\t\t\t\t<\/div>\n\t\t\t\t\t<\/div>\n\t\t\t\t<\/div>\n\t\t<div class=\"elementor-element elementor-element-10b65ed e-flex e-con-boxed ecomus-responsive-column ecomus-tablet-column--default ecomus-responsive-column ecomus-mobile-column--default ecomus-responsive-column ecomus-motion--var(--position) e-con e-parent\" data-id=\"10b65ed\" data-element_type=\"container\" data-e-type=\"container\">\n\t\t\t\t\t<div class=\"e-con-inner\">\n\t\t\t\t<div class=\"elementor-element elementor-element-f52b447 elementor-widget__width-inherit elementor-widget elementor-widget-ecomus-product-grid\" data-id=\"f52b447\" data-element_type=\"widget\" data-e-type=\"widget\" data-settings=\"{&quot;columns&quot;:&quot;3&quot;,&quot;category&quot;:&quot;rsl-strike-series&quot;,&quot;product_card_layout&quot;:&quot;1&quot;,&quot;limit&quot;:10,&quot;type&quot;:&quot;recent_products&quot;,&quot;hide_product_outofstock&quot;:&quot;no&quot;,&quot;product_outofstock_last&quot;:&quot;no&quot;}\" data-widget_type=\"ecomus-product-grid.default\">\n\t\t\t\t<div class=\"elementor-widget-container\">\n\t\t\t\t\t<div class=\"ecomus-product-grid ecomus-product-columns--3\"><ul class=\"products columns-3\">\n<li class=\"product type-product post-1490 status-publish first onbackorder product_cat-nauja-kolekcija-2026 product_cat-rsl-strike-series has-post-thumbnail taxable shipping-taxable product-type-simple\">\n\t<a href=\"https:\/\/rslbaltic.eu\/en\/product\/rsl-strike-ar-07\/\" class=\"woocommerce-LoopProduct-link woocommerce-loop-product__link\"><img decoding=\"async\" width=\"300\" height=\"300\" src=\"https:\/\/rslbaltic.eu\/wp-content\/uploads\/2026\/02\/RSL-AR07-300x300.jpg\" class=\"attachment-woocommerce_thumbnail size-woocommerce_thumbnail\" alt=\"RSL Strike AR-07\" srcset=\"https:\/\/rslbaltic.eu\/wp-content\/uploads\/2026\/02\/RSL-AR07-300x300.jpg 300w, https:\/\/rslbaltic.eu\/wp-content\/uploads\/2026\/02\/RSL-AR07-1024x1024.jpg 1024w, https:\/\/rslbaltic.eu\/wp-content\/uploads\/2026\/02\/RSL-AR07-150x150.jpg 150w, https:\/\/rslbaltic.eu\/wp-content\/uploads\/2026\/02\/RSL-AR07-768x768.jpg 768w, https:\/\/rslbaltic.eu\/wp-content\/uploads\/2026\/02\/RSL-AR07-12x12.jpg 12w, https:\/\/rslbaltic.eu\/wp-content\/uploads\/2026\/02\/RSL-AR07-600x600.jpg 600w, https:\/\/rslbaltic.eu\/wp-content\/uploads\/2026\/02\/RSL-AR07-130x130.jpg 130w, https:\/\/rslbaltic.eu\/wp-content\/uploads\/2026\/02\/RSL-AR07.jpg 1400w\" sizes=\"(max-width: 300px) 100vw, 300px\" \/><h2 class=\"woocommerce-loop-product__title\">RSL Strike AR-07<\/h2>\n<\/a><a href=\"https:\/\/rslbaltic.eu\/en\/product\/rsl-strike-ar-07\/\" data-quantity=\"1\" class=\"button product_type_simple\" data-product_id=\"1490\" data-product_sku=\"AR07\" aria-label=\"Read more about \u201cRSL Strike AR-07\u201d\" rel=\"nofollow\" data-success_message=\"\" data-no-translation=\"\" data-trp-gettext=\"\" data-no-translation-aria-label=\"\">Read more<\/a><\/li>\n<li class=\"product type-product post-1484 status-publish onbackorder product_cat-nauja-kolekcija-2026 product_cat-rsl-strike-series has-post-thumbnail taxable shipping-taxable product-type-simple\">\n\t<a href=\"https:\/\/rslbaltic.eu\/en\/product\/rsl-strike-ar-06\/\" class=\"woocommerce-LoopProduct-link woocommerce-loop-product__link\"><img decoding=\"async\" width=\"300\" height=\"300\" src=\"https:\/\/rslbaltic.eu\/wp-content\/uploads\/2026\/02\/RSL-AR06-300x300.jpg\" class=\"attachment-woocommerce_thumbnail size-woocommerce_thumbnail\" alt=\"RSL Strike AR-06\" srcset=\"https:\/\/rslbaltic.eu\/wp-content\/uploads\/2026\/02\/RSL-AR06-300x300.jpg 300w, https:\/\/rslbaltic.eu\/wp-content\/uploads\/2026\/02\/RSL-AR06-1024x1024.jpg 1024w, https:\/\/rslbaltic.eu\/wp-content\/uploads\/2026\/02\/RSL-AR06-150x150.jpg 150w, https:\/\/rslbaltic.eu\/wp-content\/uploads\/2026\/02\/RSL-AR06-768x768.jpg 768w, https:\/\/rslbaltic.eu\/wp-content\/uploads\/2026\/02\/RSL-AR06-12x12.jpg 12w, https:\/\/rslbaltic.eu\/wp-content\/uploads\/2026\/02\/RSL-AR06-600x600.jpg 600w, https:\/\/rslbaltic.eu\/wp-content\/uploads\/2026\/02\/RSL-AR06-130x130.jpg 130w, https:\/\/rslbaltic.eu\/wp-content\/uploads\/2026\/02\/RSL-AR06.jpg 1400w\" sizes=\"(max-width: 300px) 100vw, 300px\" \/><h2 class=\"woocommerce-loop-product__title\">RSL Strike AR-06<\/h2>\n<\/a><a href=\"https:\/\/rslbaltic.eu\/en\/product\/rsl-strike-ar-06\/\" data-quantity=\"1\" class=\"button product_type_simple\" data-product_id=\"1484\" data-product_sku=\"AR06\" aria-label=\"Read more about \u201cRSL Strike AR-06\u201d\" rel=\"nofollow\" data-success_message=\"\" data-no-translation=\"\" data-trp-gettext=\"\" data-no-translation-aria-label=\"\">Read more<\/a><\/li>\n<li class=\"product type-product post-1478 status-publish last onbackorder product_cat-nauja-kolekcija-2026 product_cat-rsl-strike-series has-post-thumbnail taxable shipping-taxable product-type-simple\">\n\t<a href=\"https:\/\/rslbaltic.eu\/en\/product\/rsl-strike-ar-05\/\" class=\"woocommerce-LoopProduct-link woocommerce-loop-product__link\"><img loading=\"lazy\" decoding=\"async\" width=\"300\" height=\"300\" src=\"https:\/\/rslbaltic.eu\/wp-content\/uploads\/2026\/02\/RSL-AR05-300x300.jpg\" class=\"attachment-woocommerce_thumbnail size-woocommerce_thumbnail\" alt=\"RSL Strike AR-05\" srcset=\"https:\/\/rslbaltic.eu\/wp-content\/uploads\/2026\/02\/RSL-AR05-300x300.jpg 300w, https:\/\/rslbaltic.eu\/wp-content\/uploads\/2026\/02\/RSL-AR05-1024x1024.jpg 1024w, https:\/\/rslbaltic.eu\/wp-content\/uploads\/2026\/02\/RSL-AR05-150x150.jpg 150w, https:\/\/rslbaltic.eu\/wp-content\/uploads\/2026\/02\/RSL-AR05-768x768.jpg 768w, https:\/\/rslbaltic.eu\/wp-content\/uploads\/2026\/02\/RSL-AR05-12x12.jpg 12w, https:\/\/rslbaltic.eu\/wp-content\/uploads\/2026\/02\/RSL-AR05-600x600.jpg 600w, https:\/\/rslbaltic.eu\/wp-content\/uploads\/2026\/02\/RSL-AR05-130x130.jpg 130w, https:\/\/rslbaltic.eu\/wp-content\/uploads\/2026\/02\/RSL-AR05.jpg 1400w\" sizes=\"(max-width: 300px) 100vw, 300px\" \/><h2 class=\"woocommerce-loop-product__title\">RSL Strike AR-05<\/h2>\n<\/a><a href=\"https:\/\/rslbaltic.eu\/en\/product\/rsl-strike-ar-05\/\" data-quantity=\"1\" class=\"button product_type_simple\" data-product_id=\"1478\" data-product_sku=\"AR05\" aria-label=\"Read more about \u201cRSL Strike AR-05\u201d\" rel=\"nofollow\" data-success_message=\"\" data-no-translation=\"\" data-trp-gettext=\"\" data-no-translation-aria-label=\"\">Read more<\/a><\/li>\n<li class=\"product type-product post-1472 status-publish first onbackorder product_cat-nauja-kolekcija-2026 product_cat-rsl-strike-series has-post-thumbnail taxable shipping-taxable product-type-simple\">\n\t<a href=\"https:\/\/rslbaltic.eu\/en\/product\/rsl-strike-ar-04\/\" class=\"woocommerce-LoopProduct-link woocommerce-loop-product__link\"><img loading=\"lazy\" decoding=\"async\" width=\"300\" height=\"300\" src=\"https:\/\/rslbaltic.eu\/wp-content\/uploads\/2026\/02\/RSL-AR04-300x300.jpg\" class=\"attachment-woocommerce_thumbnail size-woocommerce_thumbnail\" alt=\"RSL Strike AR-04\" srcset=\"https:\/\/rslbaltic.eu\/wp-content\/uploads\/2026\/02\/RSL-AR04-300x300.jpg 300w, https:\/\/rslbaltic.eu\/wp-content\/uploads\/2026\/02\/RSL-AR04-1024x1024.jpg 1024w, https:\/\/rslbaltic.eu\/wp-content\/uploads\/2026\/02\/RSL-AR04-150x150.jpg 150w, https:\/\/rslbaltic.eu\/wp-content\/uploads\/2026\/02\/RSL-AR04-768x768.jpg 768w, https:\/\/rslbaltic.eu\/wp-content\/uploads\/2026\/02\/RSL-AR04-12x12.jpg 12w, https:\/\/rslbaltic.eu\/wp-content\/uploads\/2026\/02\/RSL-AR04-600x600.jpg 600w, https:\/\/rslbaltic.eu\/wp-content\/uploads\/2026\/02\/RSL-AR04-130x130.jpg 130w, https:\/\/rslbaltic.eu\/wp-content\/uploads\/2026\/02\/RSL-AR04.jpg 1400w\" sizes=\"(max-width: 300px) 100vw, 300px\" \/><h2 class=\"woocommerce-loop-product__title\">RSL Strike AR-04<\/h2>\n<\/a><a href=\"https:\/\/rslbaltic.eu\/en\/product\/rsl-strike-ar-04\/\" data-quantity=\"1\" class=\"button product_type_simple\" data-product_id=\"1472\" data-product_sku=\"AR04\" aria-label=\"Read more about \u201cRSL Strike AR-04\u201d\" rel=\"nofollow\" data-success_message=\"\" data-no-translation=\"\" data-trp-gettext=\"\" data-no-translation-aria-label=\"\">Read more<\/a><\/li>\n<li class=\"product type-product post-1466 status-publish onbackorder product_cat-nauja-kolekcija-2026 product_cat-rsl-strike-series has-post-thumbnail taxable shipping-taxable product-type-simple\">\n\t<a href=\"https:\/\/rslbaltic.eu\/en\/product\/rsl-strike-ar-03\/\" class=\"woocommerce-LoopProduct-link woocommerce-loop-product__link\"><img loading=\"lazy\" decoding=\"async\" width=\"300\" height=\"300\" src=\"https:\/\/rslbaltic.eu\/wp-content\/uploads\/2026\/02\/RSL-AR03-300x300.jpg\" class=\"attachment-woocommerce_thumbnail size-woocommerce_thumbnail\" alt=\"RSL Strike AR-03\" srcset=\"https:\/\/rslbaltic.eu\/wp-content\/uploads\/2026\/02\/RSL-AR03-300x300.jpg 300w, https:\/\/rslbaltic.eu\/wp-content\/uploads\/2026\/02\/RSL-AR03-1024x1024.jpg 1024w, https:\/\/rslbaltic.eu\/wp-content\/uploads\/2026\/02\/RSL-AR03-150x150.jpg 150w, https:\/\/rslbaltic.eu\/wp-content\/uploads\/2026\/02\/RSL-AR03-768x768.jpg 768w, https:\/\/rslbaltic.eu\/wp-content\/uploads\/2026\/02\/RSL-AR03-12x12.jpg 12w, https:\/\/rslbaltic.eu\/wp-content\/uploads\/2026\/02\/RSL-AR03-600x600.jpg 600w, https:\/\/rslbaltic.eu\/wp-content\/uploads\/2026\/02\/RSL-AR03-130x130.jpg 130w, https:\/\/rslbaltic.eu\/wp-content\/uploads\/2026\/02\/RSL-AR03.jpg 1400w\" sizes=\"(max-width: 300px) 100vw, 300px\" \/><h2 class=\"woocommerce-loop-product__title\">RSL Strike AR-03<\/h2>\n<\/a><a href=\"https:\/\/rslbaltic.eu\/en\/product\/rsl-strike-ar-03\/\" data-quantity=\"1\" class=\"button product_type_simple\" data-product_id=\"1466\" data-product_sku=\"AR03\" aria-label=\"Read more about \u201cRSL Strike AR-03\u201d\" rel=\"nofollow\" data-success_message=\"\" data-no-translation=\"\" data-trp-gettext=\"\" data-no-translation-aria-label=\"\">Read more<\/a><\/li>\n<li class=\"product type-product post-1460 status-publish last onbackorder product_cat-nauja-kolekcija-2026 product_cat-rsl-strike-series has-post-thumbnail taxable shipping-taxable product-type-simple\">\n\t<a href=\"https:\/\/rslbaltic.eu\/en\/product\/rsl-strike-ar-02\/\" class=\"woocommerce-LoopProduct-link woocommerce-loop-product__link\"><img loading=\"lazy\" decoding=\"async\" width=\"300\" height=\"300\" src=\"https:\/\/rslbaltic.eu\/wp-content\/uploads\/2026\/02\/RSL-AR02-300x300.jpg\" class=\"attachment-woocommerce_thumbnail size-woocommerce_thumbnail\" alt=\"RSL Strike AR-02\" srcset=\"https:\/\/rslbaltic.eu\/wp-content\/uploads\/2026\/02\/RSL-AR02-300x300.jpg 300w, https:\/\/rslbaltic.eu\/wp-content\/uploads\/2026\/02\/RSL-AR02-1024x1024.jpg 1024w, https:\/\/rslbaltic.eu\/wp-content\/uploads\/2026\/02\/RSL-AR02-150x150.jpg 150w, https:\/\/rslbaltic.eu\/wp-content\/uploads\/2026\/02\/RSL-AR02-768x768.jpg 768w, https:\/\/rslbaltic.eu\/wp-content\/uploads\/2026\/02\/RSL-AR02-12x12.jpg 12w, https:\/\/rslbaltic.eu\/wp-content\/uploads\/2026\/02\/RSL-AR02-600x600.jpg 600w, https:\/\/rslbaltic.eu\/wp-content\/uploads\/2026\/02\/RSL-AR02-130x130.jpg 130w, https:\/\/rslbaltic.eu\/wp-content\/uploads\/2026\/02\/RSL-AR02.jpg 1400w\" sizes=\"(max-width: 300px) 100vw, 300px\" \/><h2 class=\"woocommerce-loop-product__title\">RSL Strike AR-02<\/h2>\n<\/a><a href=\"https:\/\/rslbaltic.eu\/en\/product\/rsl-strike-ar-02\/\" data-quantity=\"1\" class=\"button product_type_simple\" data-product_id=\"1460\" data-product_sku=\"AR02\" aria-label=\"Read more about \u201cRSL Strike AR-02\u201d\" rel=\"nofollow\" data-success_message=\"\" data-no-translation=\"\" data-trp-gettext=\"\" data-no-translation-aria-label=\"\">Read more<\/a><\/li>\n<\/ul>\n<\/div>\t\t\t\t<\/div>\n\t\t\t\t<\/div>\n\t\t\t\t\t<\/div>\n\t\t\t\t<\/div>\n\t\t\t\t<\/div>","protected":false},"excerpt":{"rendered":"<p>RSL Strike Raket\u0117s UNIVERSALAUS \u017dAIDIMO KOLEKCIJA Tobula pusiausvyra be kompromis\u0173. \u201eRSL Strike\u201c kolekcija skirta \u017eaid\u0117jams, kurie nori tobulos pusiausvyros tarp galios ir kontrol\u0117s, tuo pa\u010diu i\u0161laikant stabilumo poj\u016bt\u012f aik\u0161tel\u0117je. \u201eRSL Strike\u201c yra idealus pasirinkimas \u017eaid\u0117jams, kurie nori poj\u016b\u010dio badmintono aik\u0161tel\u0117je, i\u0161rei\u0161kian\u010dio stipr\u0173 agresyvum\u0105 ir technik\u0105, nepriklausomai nuo lygio ar \u017eaidimo stiliaus. Naujojoje \u201eRSL Strike\u201c kolekcijoje [&hellip;]<\/p>\n","protected":false},"author":1,"featured_media":0,"parent":0,"menu_order":0,"comment_status":"closed","ping_status":"closed","template":"","meta":{"footnotes":""},"class_list":["post-1535","page","type-page","status-publish","hentry"],"aioseo_notices":[],"_hostinger_reach_plugin_has_subscription_block":false,"_hostinger_reach_plugin_is_elementor":false,"_links":{"self":[{"href":"https:\/\/rslbaltic.eu\/en\/wp-json\/wp\/v2\/pages\/1535","targetHints":{"allow":["GET"]}}],"collection":[{"href":"https:\/\/rslbaltic.eu\/en\/wp-json\/wp\/v2\/pages"}],"about":[{"href":"https:\/\/rslbaltic.eu\/en\/wp-json\/wp\/v2\/types\/page"}],"author":[{"embeddable":true,"href":"https:\/\/rslbaltic.eu\/en\/wp-json\/wp\/v2\/users\/1"}],"replies":[{"embeddable":true,"href":"https:\/\/rslbaltic.eu\/en\/wp-json\/wp\/v2\/comments?post=1535"}],"version-history":[{"count":4,"href":"https:\/\/rslbaltic.eu\/en\/wp-json\/wp\/v2\/pages\/1535\/revisions"}],"predecessor-version":[{"id":1543,"href":"https:\/\/rslbaltic.eu\/en\/wp-json\/wp\/v2\/pages\/1535\/revisions\/1543"}],"wp:attachment":[{"href":"https:\/\/rslbaltic.eu\/en\/wp-json\/wp\/v2\/media?parent=1535"}],"curies":[{"name":"wp","href":"https:\/\/api.w.org\/{rel}","templated":true}]}}