{"id":3,"date":"2026-01-12T08:06:42","date_gmt":"2026-01-12T08:06:42","guid":{"rendered":"http:\/\/rslbaltic.eu\/?page_id=3"},"modified":"2026-01-13T07:21:17","modified_gmt":"2026-01-13T07:21:17","slug":"privatumo-poilitika","status":"publish","type":"page","link":"https:\/\/rslbaltic.eu\/en\/privatumo-poilitika\/","title":{"rendered":"Privatumo poilitika"},"content":{"rendered":"<div data-elementor-type=\"wp-page\" data-elementor-id=\"3\" class=\"elementor elementor-3\">\n\t\t\t\t<div class=\"elementor-element elementor-element-62376121 e-flex e-con-boxed ecomus-responsive-column ecomus-tablet-column--default ecomus-responsive-column ecomus-mobile-column--default ecomus-responsive-column ecomus-motion--var(--position) e-con e-parent\" data-id=\"62376121\" data-element_type=\"container\" data-e-type=\"container\">\n\t\t\t\t\t<div class=\"e-con-inner\">\n\t\t\t\t<div class=\"elementor-element elementor-element-60da1eff elementor-widget elementor-widget-text-editor\" data-id=\"60da1eff\" data-element_type=\"widget\" data-e-type=\"widget\" data-widget_type=\"text-editor.default\">\n\t\t\t\t\t\t\t\t\t<ol>\n<li><strong>Privatumo politika<\/strong><\/li>\n<\/ol>\n<p>patvirtinta 2021 m. rugpj\u016b\u010dio 09 d.<\/p>\n<p>Mums r\u016bpi J\u016bs\u0173 privatumas ir asmens duomen\u0173 saugumas. \u012egyvendindami&nbsp;Europos Parlamento ir Tarybos Reglament\u0105 (ES) 2016\/679 2016 m. baland\u017eio 27 d. d\u0117l fizini\u0173 asmen\u0173 apsaugos tvarkant asmens duomenis ir d\u0117l laisvo toki\u0173 duomen\u0173 jud\u0117jimo ir kuriuo panaikinama Direktyva 95\/46\/EB (Bendrasis duomen\u0173 apsaugos reglamentas)&nbsp;&nbsp;u\u017etikriname Jums ypa\u010d skaidr\u0173 ir s\u0105\u017eining\u0105 J\u016bs\u0173 asmens duomen\u0173 tvarkym\u0105.<\/p>\n<ol>\n<li>\u0160ioje privatumo politikoje galite susipa\u017einti su savo teis\u0117mis bei informacija apie J\u016bs\u0173 asmens duomen\u0173 tvarkym\u0105. I\u0161sami informacija apie konkre\u010di\u0173 asmens duomen\u0173 tvarkym\u0105 pateikiama juos renkant, kiekvien\u0105 kart\u0105 informacin\u012f prane\u0161im\u0105 pateikiant gerai matomoje ir lengvai pasiekiamoje vietoje. Vis\u0173 pirma, tai yra informacija apie asmens duomen\u0173 tvarkymo tiksl\u0105 ir teisin\u012f pagrind\u0105, duomen\u0173 saugojimo laikotarp\u012f ir duomen\u0173 gav\u0117jus, kuriems duomenys yra perduodami.<\/li>\n<li>J\u016bs\u0173 asmens duomen\u0173 valdytojas yra Mati2ilt Baltic, UAB, juridinio asmens kodas 305539410, adresas Naugarduko g. 37-15, LT-03227 Vilnius. Kontaktinis telefono Nr. &nbsp;+370&nbsp;676 56953 elektroninio pa\u0161to adresas:&nbsp;<u><a href=\"http:\/\/uzsakymairsl@gmail.com\">uzsakymairsl@gmail.com<\/a><\/u><\/li>\n<li><strong>KOKIUS MANO ASMENS DUOMENIS RENKATE IR TVARKOTE?&nbsp;<\/strong><\/li>\n<\/ol>\n<p>3.1.&nbsp;&nbsp;&nbsp;&nbsp;&nbsp;Mes renkame ir tvarkome tik adekva\u010dius ir tinkamus J\u016bs\u0173 asmens duomenis, kuri\u0173 reikia siekiant tiksl\u0173 d\u0117l kuri\u0173 jie tvarkomi.<\/p>\n<p>3.2.&nbsp;&nbsp;&nbsp;&nbsp;&nbsp;Asmens duomenys kuriuos renkame ir tvarkome:<\/p>\n<table width=\"700\">\n<tbody>\n<tr>\n<td width=\"162\">\n<p><strong>Duomen\u0173 pavadinimas<\/strong><\/p>\n<\/td>\n<td width=\"302\">\n<p><strong>Renkami ir tvarkomi asmens duomenys<\/strong><\/p>\n<\/td>\n<td width=\"236\">\n<p><strong>Duomen\u0173 tvarkymo pagrindas<\/strong><\/p>\n<\/td>\n<\/tr>\n<tr>\n<td width=\"162\">\n<p><strong>U\u017eklausos forma<\/strong><\/p>\n<\/td>\n<td width=\"302\">\n<p>Elektroninio pa\u0161to adresas, Vardas, Pavard\u0117, Telefono numeris, \u017dinut\u0117<\/p>\n<\/td>\n<td width=\"236\">\n<p>Tarp j\u016bs\u0173 ir m\u016bs\u0173 sudarytos rslbaltic.eu internetin\u0117s svetain\u0117s naudojimosi sutarties pagrindu<\/p>\n<\/td>\n<\/tr>\n<tr>\n<td width=\"162\">\n<p><strong>Naudojimosi rslbaltic.eu interneto svetain\u0117s paslaugomis duomenys<\/strong><\/p>\n<\/td>\n<td width=\"302\">\n<p>Vardas, Pavard\u0117, Elektroninio pa\u0161to adresas, J\u016bs\u0173 vie\u0161ai paskalbtos nuomon\u0117s apie rslbaltic.eu parduodamas prekes istorija. Papildomai, atsi\u017evelgiant \u012f interneto svetain\u0117je rslbaltic.eu teikiamas paslaugas, gali b\u016bti renkami papildomi J\u016bs\u0173 asmens duomenys susij\u0119 su&nbsp; J\u016bs\u0173 naudojimusi rslbaltic.eu internetin\u0117je svetain\u0117je.<\/p>\n<\/td>\n<td width=\"236\">\n<p>Tarp j\u016bs\u0173 ir m\u016bs\u0173 sudarytos rslbaltic.eu internetin\u0117j svetain\u0117je naudojimosi sutarties pagrindu<\/p>\n<\/td>\n<\/tr>\n<tr>\n<td width=\"162\">\n<p><strong>Slapuk\u0173 duomenys<\/strong><\/p>\n<\/td>\n<td width=\"302\">\n<p>Elgsenos m\u016bs\u0173 interneto svetain\u0117je istorija<\/p>\n<\/td>\n<td width=\"236\">\n<p>J\u016bs\u0173 sutikimo pagrindu<\/p>\n<\/td>\n<\/tr>\n<tr>\n<td width=\"162\">\n<p><strong>Analitiniai duomenys<\/strong><\/p>\n<\/td>\n<td width=\"302\">\n<p>Norime, kad naudojimasis m\u016bs\u0173 internetin\u0117je svetain\u0117je&nbsp;<a href=\"http:\/\/www.pigu.lt\/\">rslbaltic.eu<\/a>&nbsp;Jums b\u016bt\u0173 kuo paprastesnis ir patogesnis, tod\u0117l vykdome nuolatin\u0119 savo veiklos analiz\u0119, kurios metu analizuojame ir tvarkome \u0161iuos J\u016bs\u0173 asmens duomenis: Nar\u0161ymo m\u016bs\u0173 internetin\u0117je svetain\u0117je istorij\u0105; Atsiliepimai apie j\u016bs\u0173 pirktas prekes; Apklaus\u0173 metu pateiktus atsakymus; J\u016bs\u0173 ir M\u016bs\u0173 tarpusavio komunikacijos istorij\u0105, \u012fskaitant elektroninius susira\u0161in\u0117jimus<\/p>\n<\/td>\n<td width=\"236\">\n<p>rslbaltic.eu teis\u0117to intereso pagrindu<\/p>\n<\/td>\n<\/tr>\n<tr>\n<td width=\"162\">\n<p><strong>Naujiniai duomenys<\/strong><\/p>\n<\/td>\n<td width=\"302\">\n<p>Teikdami Jums bendrinius pasi\u016blymus d\u0117l preki\u0173 ir d\u0117l m\u016bs\u0173 organizuojam\u0173 loterij\u0173, akcij\u0173, projekt\u0173 tvarkome \u0161iuos J\u016bs\u0173 asmens duomenis: Vardas, Telefono numeris, Elektroninio pa\u0161to adresas, \u012erengini\u0173 identifikaciniai numeriai.<\/p>\n<\/td>\n<td width=\"236\">\n<p>Tarp j\u016bs\u0173 ir m\u016bs\u0173 sudarytos rslbaltic.eu internetin\u0117je svetain\u0117je naudojimosi sutarties ir j\u016bs\u0173 u\u017esakytos paslaugos&nbsp; pagrindu<\/p>\n<\/td>\n<\/tr>\n<tr>\n<td width=\"162\">\n<p><strong>Individualizuoti duomenys<\/strong><\/p>\n<\/td>\n<td width=\"302\">\n<p>Vardas, Telefono numeris, Elektroninio pa\u0161to adresas, Nar\u0161ymo m\u016bs\u0173 internetin\u0117je svetain\u0117je istorija, Pirkimo istorija, IP adresas, \u012erengini\u0173 identifikaciniai numeriai.<\/p>\n<\/td>\n<td width=\"236\">\n<p>Tarp j\u016bs\u0173 ir m\u016bs\u0173 sudarytos rslbaltic.eu internetin\u0117je svetain\u0117je naudojimosi sutarties<\/p>\n<\/td>\n<\/tr>\n<\/tbody>\n<\/table>\n<ol start=\"4\">\n<li><strong>KOKIU TIKSLU TVARKOTE MANO ASMENS DUOMENIS?<\/strong><\/li>\n<\/ol>\n<p>4.1.&nbsp;&nbsp;&nbsp;&nbsp;&nbsp;J\u016bs\u0173 asmens duomenis renkame tik nustatytais, ai\u0161kiai apibr\u0117\u017etais bei teis\u0117tais tikslais ir toliau netvarkome su tais tikslais nesuderinamu b\u016bdu.<\/p>\n<p>4.2.&nbsp;&nbsp;&nbsp;&nbsp;&nbsp;Siekdami suteikti Jums platesnes galimybes naudotis m\u016bs\u0173 teikiamomis paslaugomis, paslaug\u0173 sutarties pagrindu, t.y. naudojimosi internetin\u0117s svetain\u0117s rslbaltic.eu sutarties pagrindu, tvarkome \u0161iuos j\u016bs\u0173 asmens duomenis:&nbsp;<\/p>\n<ul>\n<li>Naudojimosi rslbaltic.eu elektronin\u0117s parduotuv\u0117s paslaugomis duomenys.<\/li>\n<\/ul>\n<p>4.3.&nbsp;&nbsp;&nbsp;&nbsp;&nbsp;Norime, kad naudojimasis m\u016bs\u0173 interneto svetaine rslbaltic.eu b\u016bt\u0173 kuo paprastesnis ir patogesnis, tod\u0117l paslaug\u0173 gerinimo tikslais vykdome nuolatin\u0119 savo veiklos analiz\u0119, kurios metu analizuojame ir tvarkome \u0161iuos J\u016bs\u0173 asmenis:<\/p>\n<ul>\n<li>Slapuk\u0173 duomenys;<\/li>\n<li>Analitiniai duomenys.<\/li>\n<\/ul>\n<p>4.4.&nbsp;&nbsp;&nbsp;&nbsp;&nbsp;J\u016bs\u0173 pra\u0161ym\u0173 ir klausim\u0173 nagrin\u0117jimo tikslu tvarkomi j\u016bs\u0173 asmens duomenys:<br>siekdami teikti Jums kokybi\u0161kas paslaugas bei u\u017etikrinti visapusi\u0161k\u0105 aptarnavim\u0105 tvarkome J\u016bs\u0173 asmens duomenis, nurodytus \u0161ios privatumo politikos 3.2. punkte, taip pat tvarkome ir J\u016bs\u0173 klausim\u0173 bei pra\u0161ym\u0173 nagrin\u0117jimo tikslu.<\/p>\n<ol start=\"5\">\n<li><strong>AR GALIU NESUTIKTI SU SAVO ASMENS DUOMEN\u0172 TVARKYMU IR VIS TIEK NAUDOTIS SAUNUM.LT INTERNETIN\u0116 SVETAIN\u0116?&nbsp;<\/strong><\/li>\n<\/ol>\n<p>5.1.&nbsp;&nbsp;&nbsp;&nbsp;&nbsp;J\u016bs visada galite nesutikti su J\u016bs\u0173 asmens duomen\u0173 tvarkymu, kuris yra vykdomas J\u016bs\u0173 sutikimo pagrindu. &nbsp; Ta\u010diau be privalom\u0173 duomen\u0173 u\u017esakymui \u012fgyvendinti, pabaigti pirkimo n\u0117ra galimyb\u0117s, nes mes negalime tokio u\u017esakymo i\u0161pildyti. &nbsp;<\/p>\n<ol start=\"6\">\n<li><strong>KAM PERDUODAMI MANO ASMENS DUOMENYS?&nbsp;<\/strong><\/li>\n<\/ol>\n<p>6.1.&nbsp;&nbsp;&nbsp;&nbsp;&nbsp;Asmens duomenys yra perduodami tik patikimoms tre\u010diosioms \u0161alims, su kuriomis esame sudar\u0119 sutartis, &nbsp;ir tik tokia apimtimi, kuri yra b\u016btina paslaugai teikti. &nbsp; Tinkamo paslaug\u0173 suteikimo Jums tikslu, perduodame J\u016bs\u0173 asmens duomenis \u0161iems savo partneriams:<br>6.1.1.&nbsp;&nbsp; &nbsp;Kurjeri\u0173 paslaugas teikian\u010dioms \u012fmon\u0117ms, kurios pristato Jums prekes J\u016bs\u0173 nurodytais adresais;<br>6.1.2.&nbsp;&nbsp; &nbsp;Preki\u0173 tiek\u0117jams, kurie Jums pristato Prekes tiesiogiai;<br>6.1.3.&nbsp;&nbsp; &nbsp;Bendrov\u0117ms, teikian\u010dioms skambu\u010di\u0173 centro paslaugas;&nbsp;<br>6.1.4.&nbsp;&nbsp; &nbsp;Rinkodaros ir marketingo paslaugas teikian\u010dioms \u012fmon\u0117ms.<\/p>\n<p>6.2.&nbsp;&nbsp;&nbsp;&nbsp;&nbsp;J\u016bs\u0173 Asmens duomenis taip pat teikiame:<br>6.2.1.&nbsp;&nbsp; &nbsp;Teis\u0117saugos institucijoms Lietuvos Respublikos teis\u0117s akt\u0173 numatyta tvarka;<br>6.2.2.&nbsp;&nbsp; &nbsp;Valstybin\u0117s institucijoms ir teismams, kai toki\u0105 pareig\u0105 numato taikytini teis\u0117s aktai.<\/p>\n<p>6.3.&nbsp;&nbsp;&nbsp;&nbsp;&nbsp;Taupydami J\u016bs\u0173 laik\u0105 bei siekdami kuo grei\u010diau pa\u0161alinti nepatogumus kilusius d\u0117l to, kad prek\u0117 Jums buvo pristatyta ne pilnos sud\u0117ties arba sugadinta, teikiant garantinio aptarnavimo paslaugas J\u016bs\u0173 asmens duomenis: vard\u0105, pavard\u0119, telefono numer\u012f bei J\u016bs\u0173 nurodyt\u0105 prek\u0117s pristatymo adres\u0105, tr\u016bkstam\u0173 detali\u0173 ar nauj\u0173 preki\u0173 pristatymo tikslais perduodame nepilnos sud\u0117ties ar nekokybi\u0161kos prek\u0117s gamintojui.<\/p>\n<p>6.4.&nbsp;&nbsp;&nbsp;&nbsp;&nbsp;Informuojame, kad J\u016bs\u0173 asmens duomenys gali b\u016bti perduodami u\u017e Europos s\u0105jungos rib\u0173. J\u016bs\u0173 asmens duomenys u\u017e ES rib\u0173 yra perduodami tik esat \u0161ioms s\u0105lygoms:<\/p>\n<ul>\n<li>Duomenys perduodami tik m\u016bs\u0173 patikimiems partneriams u\u017etikrinantiems m\u016bs\u0173 paslaug\u0173 Jums teikim\u0105;<\/li>\n<li>Su tokiais partneriais yra pasira\u0161ytos duomen\u0173 tvarkymo sutartys, kuriomis jie u\u017etikrina J\u016bs\u0173 asmens duomen\u0173 saugum\u0105 pagal \u012fstatym\u0173 reikalavimus;<\/li>\n<li>Europos S\u0105jungos Komisija yra pri\u0117musi sprendim\u0105 d\u0117l valstyb\u0117s, kurioje yra \u012fsisteig\u0119s m\u016bs\u0173 partneris, tinkamumo, t.y. yra u\u017etikrinamas tinkamo lygio saugumas; &nbsp;<\/li>\n<li>Parneriai u\u017etikrina asmens duomen\u0173 saugumo lyg\u012f pagal \u201eES-US Privatumo skyd\u0105\u201c.<\/li>\n<\/ul>\n<ol start=\"7\">\n<li><strong>KIEK LAIKO SAUGOMI MANO ASMENS DUOMENYS?<\/strong><\/li>\n<\/ol>\n<p>7.1.&nbsp;&nbsp;&nbsp;&nbsp;&nbsp;J\u016bs\u0173 asmens duomenys yra saugomi&nbsp; 5 (penkerius) metus nuo paskutinio prisijungimo prie&nbsp;rslbaltic.eu dienos, nebent teis\u0117s aktai numatyt\u0173 ilgesn\u012f saugojimo termin\u0105. &nbsp;J\u016bs\u0173 asmens duomenys, kurie tvarkomi Jums sutikus su tokiu asmens duomen\u0173 tvarkymu yra tvarkomi ir saugomi iki J\u016bs\u0173 sutikimo at\u0161aukimo dienos.<\/p>\n<ol start=\"8\">\n<li><strong>KAIP GALIU SUSIPA\u017dINTI SU TVARKOMAIS MANO ASMENS DUOMENIMIS?<\/strong><\/li>\n<\/ol>\n<p>8.1.&nbsp;&nbsp;&nbsp;&nbsp;&nbsp;J\u016bs turite teis\u0119 susipa\u017einti su m\u016bs\u0173 tvarkomais J\u016bs\u0173 asmens duomenimis. Su tvarkomais J\u016bs\u0173 asmens duomenimis J\u016bs galite susipa\u017einti \u0161iais b\u016bdais:<br>8.1.1.&nbsp;&nbsp; &nbsp;Atsi\u0173sdami mums pra\u0161ym\u0105 elektroniniu pa\u0161tu:&nbsp;&nbsp;uzsakymairsl@gmail.com<br>8.1.2.&nbsp;&nbsp; &nbsp;Prane\u0161dami mums telefonu: +370 676 56953<\/p>\n<ol start=\"9\">\n<li><strong>KAIP GALIU KEISTI\/TIKSLINTI SAVO ASMENS DUOMENIS?<\/strong><\/li>\n<\/ol>\n<p>9.1.&nbsp;&nbsp; &nbsp;Jeigu pasteb\u0117jote, kad J\u016bs\u0173 asmens duomenys yra netiksl\u016bs ar nei\u0161sam\u016bs ir norite Juos pakeisti ar patikslinti tai galite padaryti \u0161iais b\u016bdais:<br>9.1.1.&nbsp;&nbsp; &nbsp;Savo asmenin\u0117je paskyroje mano profilio redagavimo aplinkoje;&nbsp;<br>9.1.2.&nbsp;&nbsp; &nbsp;Atsi\u0173sdami mums pra\u0161ym\u0105 elektroniniu pa\u0161tu:&nbsp;&nbsp;uzsakymairsl@gmail.com<br>9.1.3.&nbsp;&nbsp; &nbsp;Prane\u0161dami mums telefonu: +370 676 56953<\/p>\n<ol start=\"10\">\n<li><strong>AR GALIU REIKALAUTI, KAD I\u0160TRINTUM\u0116TE MANO ASMENS DUOMENIS?<\/strong><\/li>\n<\/ol>\n<p>10.1.&nbsp;&nbsp;J\u016bs turite teis\u0119 pra\u0161yti, kad nebetvarkytume J\u016bs\u0173 asmens duomen\u0173 ir juos panaikintume J\u016bs\u0173 asmens duomenys bus panaikinti gavus J\u016bs\u0173 pra\u0161ym\u0105.&nbsp;<\/p>\n<p>10.2.&nbsp;&nbsp;Apgailestaujame, ta\u010diau J\u016bs\u0173 asmens duomenys nebus panaikinti i\u0161 m\u016bs\u0173 duomen\u0173 baz\u0117s jei gav\u0119 J\u016bs\u0173 pra\u0161ym\u0105 nustatysime, kad:<\/p>\n<p>10.2.1.&nbsp;J\u016bs\u0173 asmens duomenys yra reikalingi, kad b\u016bt\u0173 pasiekti tikslai d\u0117l kuri\u0173 jie buvo surinkti ar tvarkomi;<\/p>\n<p>10.2.2.&nbsp;nesate at\u0161auk\u0119s sutikimo d\u0117l J\u016bs\u0173 asmens duomen\u0173 tvarkymo;<\/p>\n<p>10.2.3.&nbsp;J\u016bs nesutikote su J\u016bs\u0173 asmens duomen\u0173 tvarkymo, ta\u010diau toks duomen\u0173 tvarkymas yra b\u016btinas d\u0117l m\u016bs\u0173 teis\u0117t\u0173 interes\u0173;<\/p>\n<p>10.2.4.&nbsp;Tvarkyti J\u016bs\u0173 asmens duomenis mus \u012fpareigoja taikomi Europos s\u0105jungos ir nacionaliniai teis\u0117s aktai. &nbsp;<\/p>\n<p>10.2.5.&nbsp;J\u016bs\u0173 duomenis mums b\u016btina tvarkyti d\u0117l teisini\u0173 reikalavim\u0173 parei\u0161kimo, vykdymo ar gynimo. &nbsp;<\/p>\n<p>10.3.&nbsp;&nbsp;Pra\u0161ym\u0105 d\u0117l J\u016bs\u0173 asmens duomen\u0173 i\u0161trynimo J\u016bs galite pateikti \u0161iais b\u016bdais:<\/p>\n<p>10.3.1.&nbsp;mums pra\u0161ym\u0105 elektroniniu pa\u0161tu:&nbsp;uzsakymairsl@gmail.com<\/p>\n<p>10.3.2.&nbsp;Prane\u0161dami mums telefonu +370&nbsp;676 56953<\/p>\n<p>10.3.3.&nbsp;Atvykdami \u012f m\u016bs\u0173 prekybos vietas.<\/p>\n<ol start=\"11\">\n<li><strong>AR GALIU APRIBOTI TEIS\u0118 TVARKYTI MANO ASMENS DUOMENIS KAIP TAI PADARYTI?<\/strong><\/li>\n<\/ol>\n<p>11.1.&nbsp;&nbsp;Jus turite teis\u0119 apriboti mums galimyb\u0119 tvarkyti J\u016bs\u0173 asmens duomenis. Jums apribojus J\u016bs\u0173 asmens duomen\u0173 tvarkym\u0105 mes su J\u016bs\u0173 asmens duomenimis nebeatliksime joki\u0173 veiksm\u0173 i\u0161skyrus asmens duomen\u0173 saugojim\u0105. Asmens duomen\u0173 tvarkym\u0105 J\u016bs galite apriboti esant bent vienai i\u0161 \u0161i\u0173 aplinkybi\u0173:<\/p>\n<p>11.1.1.&nbsp;J\u016bs\u0173 asmens duomenys yra netiksl\u016bs (Asmens duomen\u0173 tvarkymo veiksmai \u0161iuo atveju bus apriboti iki duomen\u0173 tikslumo patikrinimo);<\/p>\n<p>11.1.2.&nbsp;&nbsp;J\u016bs\u0173 asmens duomenys yra tvarkomi neteis\u0117tai, ta\u010diau nesutinkate, kad J\u016bs\u0173 duomenys b\u016bt\u0173 i\u0161trinti;&nbsp;<\/p>\n<p>11.1.3.&nbsp;J\u016bs\u0173 asmens duomenys yra b\u016btini siekiant pareik\u0161ti, vykdyti arba apginti teisinius reikalavimus.<\/p>\n<p>11.1.4.&nbsp;&nbsp;J\u016bs\u0173 asmens duomenys tvarkomi Jums prie\u0161taraujant d\u0117l tokio asmens duomen\u0173 tvarkymo (Duomen\u0173 tvarkymas bus apribojamas \u0161iuo pagrindu iki kol bus patikrinta, ar prie\u017eastys d\u0117l kuri\u0173 mes tvarkome J\u016bs\u0173 asmens duomenis yra vir\u0161esn\u0117s u\u017e J\u016bs\u0173).&nbsp;<\/p>\n<p>11.2.&nbsp;&nbsp;Apriboti J\u016bs\u0173 asmens duomen\u0173 tvarkym\u0105 J\u016bs galite \u0161iais b\u016bdais:<\/p>\n<p>11.2.1.&nbsp;Atsi\u0173sdami mums pra\u0161ym\u0105 elektroniniu pa\u0161tu:&nbsp;uzsakymairsl@gmail.com<\/p>\n<p>11.2.2.&nbsp;Prane\u0161dami mums telefonu: +370&nbsp;676 56953<\/p>\n<ol start=\"12\">\n<li><strong>AR GALIU AT\u0160AUKTI SAVO SUTIKIM\u0104 IR KAIP TAI PADARYTI?<\/strong><\/li>\n<\/ol>\n<p>12.1.1.&nbsp;Savo sutikim\u0105 d\u0117l J\u016bs\u0173 asmens duomen\u0173 tvarkymo galite at\u0161aukti bet kuriuo metu. Sutikim\u0105 galite at\u0161aukti keliais b\u016bdais:&nbsp;<\/p>\n<p>12.1.3.&nbsp;Atsi\u0173sdami mums pra\u0161ym\u0105 elektroniniu pa\u0161tu uzsakymairsl@gmail.com;<\/p>\n<p>12.1.4.&nbsp;Prane\u0161dami mums telefonu: +370&nbsp;676 56953<\/p>\n<ol start=\"13\">\n<li><strong>KAS YRA TEIS\u0116 \u012e DUOMEN\u0172 PERKELIAMUM\u0104? KAIP GALIU JA PASINAUDOTI?<\/strong><\/li>\n<\/ol>\n<p>13.1.&nbsp;&nbsp;Teis\u0117 \u012f duomen\u0173 perkeliamum\u0105 rei\u0161kia, kad Jums leid\u017eiama gauti susistemintu, paprastai naudojamu, kompiuterio skaitomu ir s\u0105veikiu formatu tuos J\u016bs\u0173 pateiktus asmens duomenis, kuriuos mes tvarkome automatizuotomis priemon\u0117mis. Esant technin\u0117ms galimyb\u0117ms ir Jums pra\u0161ant tokie J\u016bs\u0173 duomenys gali b\u016bti persiun\u010diami tiesiogiai kitam J\u016bs\u0173 nurodytam asmeniui.<\/p>\n<p>13.2.&nbsp;&nbsp;Pra\u0161ym\u0105 d\u0117l asmens duomen\u0173 pateikimo ar persiuntimo susistemintu formatu J\u016bs galite pateikti \u0161iais b\u016bdais:&nbsp;<\/p>\n<p>13.2.1.&nbsp;Atsi\u0173sdami mums pra\u0161ym\u0105 elektroniniu pa\u0161tu:&nbsp;uzsakymairsl@gmail.com<\/p>\n<p>13.2.2.&nbsp;Pateikdami mums pra\u0161ym\u0105 telefonu: +370&nbsp;676 56953<\/p>\n<ol start=\"14\">\n<li><strong>KAIP GALIU PATEIKTI PRA\u0160YM\u0104 D\u0116L SAVO TEISI\u0172 \u012eGYVENDINIMO?<\/strong><\/li>\n<\/ol>\n<p>14.1.&nbsp;&nbsp;Pra\u0161ymus, susijusius su J\u016bs\u0173 asmens duomen\u0173 tvarkymu, mums galite pateikti \u0161iais b\u016bdais:<\/p>\n<p>14.1.1.&nbsp;Atsi\u0173sdami mums pra\u0161ym\u0105 elektroniniu pa\u0161tu:uzsakymairsl@gmail.com<\/p>\n<p>14.1.2.&nbsp;Pateikdami mums pra\u0161ym\u0105 telefonu: +370&nbsp;676 56953<\/p>\n<p>14.2.&nbsp;&nbsp;Savo sistemoje J\u016bs\u0173 identifikacij\u0105 atliekame pagal J\u016bs\u0173 elektroninio pa\u0161to adres\u0105. Pateikdami mums pra\u0161ym\u0105 vienu i\u0161 nurodyt\u0173 b\u016bd\u0173 visada nurodykite savo elektroninio pa\u0161to adres\u0105 d\u0117l kurio at\u017evilgiu sukauptos informacijos jis teikiamas. Jums nenurod\u017eius elektroninio pa\u0161to, arba jam nesutapus su pra\u0161ym\u0105 pateikusio asmens elektroninio pa\u0161to adresu, netur\u0117sime galimyb\u0117s J\u016bs\u0173 tinkamai identifikuoti ir pateikti J\u016bs\u0173 pra\u0161omos informacijos ar \u012fgyvendinti J\u016bs\u0173 pra\u0161ymo.&nbsp;<\/p>\n<p>14.2.1.&nbsp;Jeigu manote, kad J\u016bs\u0173 teis\u0117s yra pa\u017eeistos, d\u0117l savo teisi\u0173 gynimo galite kreiptis \u012f Valstybin\u0119 asmens duomen\u0173 apsaugos inspekcij\u0105.&nbsp;<\/p>\n<ol start=\"15\">\n<li><strong>KAS YRA SLAPUKAI?&nbsp;<\/strong><\/li>\n<\/ol>\n<p>15.1.&nbsp;&nbsp;Slapukai yra nedideli tekstiniai failai, kurie atsiun\u010diami \u012f J\u016bs\u0173 \u012frengin\u012f, Jums besilankant atitinkamoje interneto svetain\u0117je. Slapukai padeda mums atpa\u017einti J\u016bs\u0173 \u012frengin\u012f ir padeda mums pagerinti m\u016bs\u0173 interneto svetain\u0117s funkcionalum\u0105 bei palengvinti naudojim\u0105si ja. &nbsp;&nbsp;<\/p>\n<p>15.2.&nbsp;&nbsp;Mes naudojame \u0161iuos slapukus:<\/p>\n<table width=\"645\">\n<tbody>\n<tr>\n<td width=\"123\">\n<p><strong>Slapuko pavadinimas<\/strong><\/p>\n<\/td>\n<td width=\"180\">\n<p><strong>Apra\u0161ymas<\/strong><\/p>\n<\/td>\n<td width=\"151\">\n<p><strong>Suk\u016brimo momentas<\/strong><\/p>\n<\/td>\n<td>\n<p><strong>Galiojimo laikas<\/strong><\/p>\n<\/td>\n<\/tr>\n<tr>\n<td width=\"123\">\n<p>cookie-module-1-accepted<\/p>\n<\/td>\n<td width=\"180\">\n<p>\u012esimina, kad sutikote, jog neberodyti privatumo politikos teksto<\/p>\n<\/td>\n<td width=\"151\">\n<p>Pa\u017eym\u0117jus, kad nerodyti Privatumo politikos teksto<\/p>\n<\/td>\n<td>\n<p>1 metai<\/p>\n<\/td>\n<\/tr>\n<tr>\n<td width=\"123\">\n<p>OCSESSID<\/p>\n<\/td>\n<td width=\"180\">\n<p>Laiko prisijungusio vartotojo ID<\/p>\n<\/td>\n<td width=\"151\">\n<p>Kai vartotojas prisijungia prie paskyros<\/p>\n<\/td>\n<td>\n<p>Kai baigiasi nar\u0161ymo sesija<\/p>\n<\/td>\n<\/tr>\n<tr>\n<td width=\"123\">\n<p>language<\/p>\n<\/td>\n<td width=\"180\">\n<p>\u012esimina pasirinkta kalb\u0105<\/p>\n<\/td>\n<td width=\"151\">\n<p>Atsidarius pirm\u0105 kart\u0105 puslap\u012f\/pasikeitus kalb\u0105<\/p>\n<\/td>\n<td>\n<p>1 metai<\/p>\n<\/td>\n<\/tr>\n<\/tbody>\n<\/table>\n<p>15.3.&nbsp;&nbsp;Slapukai naudojami statistinei informacijai apie rslbaltic.eu lankomum\u0105 rinkti bei J\u016bs\u0173 \u012frenginio identifikavimui. Jeigu norite, galite slapukus kontroliuoti ir (arba) pa\u0161alinti. Galite pa\u0161alinti arba blokuoti visus slapukus, kurie jau yra j\u016bs\u0173 kompiuteryje, ta\u010diau tai padarius kai kurios \u0161ios svetain\u0117s funkcijos neveiks taip, kaip tur\u0117t\u0173, o Jums gali tekti rankiniu b\u016bdu reguliuoti tam tikras nuostatas kiekvien\u0105 kart\u0105 apsilankius svetain\u0117je.<\/p>\n<p>15.4.&nbsp;&nbsp;&nbsp;Sutikimai galioja Privatumo politikos 15.2 punkte nurodytais terminais arba iki Naudotojas at\u0161auks savo sutikim\u0105 pa\u0161alindamas arba blokuodamas visus slapukus, kurie jau yra Naudotojo kompiuteryje.<\/p>\n<p><\/p>\t\t\t\t\t\t\t\t<\/div>\n\t\t\t\t\t<\/div>\n\t\t\t\t<\/div>\n\t\t\t\t<\/div>","protected":false},"excerpt":{"rendered":"<p>Privatumo politika patvirtinta 2021 m. rugpj\u016b\u010dio 09 d. Mums r\u016bpi J\u016bs\u0173 privatumas ir asmens duomen\u0173 saugumas. \u012egyvendindami&nbsp;Europos Parlamento ir Tarybos Reglament\u0105 (ES) 2016\/679 2016 m. baland\u017eio 27 d. d\u0117l fizini\u0173 asmen\u0173 apsaugos tvarkant asmens duomenis ir d\u0117l laisvo toki\u0173 duomen\u0173 jud\u0117jimo ir kuriuo panaikinama Direktyva 95\/46\/EB (Bendrasis duomen\u0173 apsaugos reglamentas)&nbsp;&nbsp;u\u017etikriname Jums ypa\u010d skaidr\u0173 ir s\u0105\u017eining\u0105 [&hellip;]<\/p>\n","protected":false},"author":1,"featured_media":0,"parent":0,"menu_order":0,"comment_status":"closed","ping_status":"open","template":"","meta":{"footnotes":""},"class_list":["post-3","page","type-page","status-publish","hentry"],"aioseo_notices":[],"_hostinger_reach_plugin_has_subscription_block":false,"_hostinger_reach_plugin_is_elementor":false,"_links":{"self":[{"href":"https:\/\/rslbaltic.eu\/en\/wp-json\/wp\/v2\/pages\/3","targetHints":{"allow":["GET"]}}],"collection":[{"href":"https:\/\/rslbaltic.eu\/en\/wp-json\/wp\/v2\/pages"}],"about":[{"href":"https:\/\/rslbaltic.eu\/en\/wp-json\/wp\/v2\/types\/page"}],"author":[{"embeddable":true,"href":"https:\/\/rslbaltic.eu\/en\/wp-json\/wp\/v2\/users\/1"}],"replies":[{"embeddable":true,"href":"https:\/\/rslbaltic.eu\/en\/wp-json\/wp\/v2\/comments?post=3"}],"version-history":[{"count":4,"href":"https:\/\/rslbaltic.eu\/en\/wp-json\/wp\/v2\/pages\/3\/revisions"}],"predecessor-version":[{"id":899,"href":"https:\/\/rslbaltic.eu\/en\/wp-json\/wp\/v2\/pages\/3\/revisions\/899"}],"wp:attachment":[{"href":"https:\/\/rslbaltic.eu\/en\/wp-json\/wp\/v2\/media?parent=3"}],"curies":[{"name":"wp","href":"https:\/\/api.w.org\/{rel}","templated":true}]}}