{"id":862,"date":"2026-01-12T20:10:39","date_gmt":"2026-01-12T20:10:39","guid":{"rendered":"https:\/\/rslbaltic.eu\/?page_id=862"},"modified":"2026-01-14T13:00:22","modified_gmt":"2026-01-14T13:00:22","slug":"pradzia","status":"publish","type":"page","link":"https:\/\/rslbaltic.eu\/en\/","title":{"rendered":"Prad\u017eia"},"content":{"rendered":"<div data-elementor-type=\"wp-page\" data-elementor-id=\"862\" class=\"elementor elementor-862\">\n\t\t\t\t<div class=\"elementor-element elementor-element-3e6cf1e e-con-full e-flex ecomus-responsive-column ecomus-tablet-column--default ecomus-responsive-column ecomus-mobile-column--default ecomus-responsive-column ecomus-motion--var(--position) e-con e-parent\" data-id=\"3e6cf1e\" data-element_type=\"container\" data-e-type=\"container\">\n\t\t\t\t<div class=\"elementor-element elementor-element-1cda147 elementor-widget elementor-widget-image\" data-id=\"1cda147\" data-element_type=\"widget\" data-e-type=\"widget\" data-widget_type=\"image.default\">\n\t\t\t\t\t\t\t\t\t\t\t\t\t\t\t<img fetchpriority=\"high\" decoding=\"async\" width=\"1381\" height=\"730\" src=\"https:\/\/rslbaltic.eu\/wp-content\/uploads\/2026\/01\/Forside-Samlet-DECEMBER-2025.backdrop.webp\" class=\"attachment-full size-full wp-image-864\" alt=\"\" srcset=\"https:\/\/rslbaltic.eu\/wp-content\/uploads\/2026\/01\/Forside-Samlet-DECEMBER-2025.backdrop.webp 1381w, https:\/\/rslbaltic.eu\/wp-content\/uploads\/2026\/01\/Forside-Samlet-DECEMBER-2025.backdrop-300x159.webp 300w, https:\/\/rslbaltic.eu\/wp-content\/uploads\/2026\/01\/Forside-Samlet-DECEMBER-2025.backdrop-1024x541.webp 1024w, https:\/\/rslbaltic.eu\/wp-content\/uploads\/2026\/01\/Forside-Samlet-DECEMBER-2025.backdrop-768x406.webp 768w, https:\/\/rslbaltic.eu\/wp-content\/uploads\/2026\/01\/Forside-Samlet-DECEMBER-2025.backdrop-600x317.webp 600w, https:\/\/rslbaltic.eu\/wp-content\/uploads\/2026\/01\/Forside-Samlet-DECEMBER-2025.backdrop-130x69.webp 130w\" sizes=\"(max-width: 1381px) 100vw, 1381px\" \/>\t\t\t\t\t\t\t\t\t\t\t\t\t\t\t<\/div>\n\t\t\t\t<\/div>\n\t\t<div class=\"elementor-element elementor-element-ca83570 e-flex e-con-boxed ecomus-responsive-column ecomus-tablet-column--default ecomus-responsive-column ecomus-mobile-column--default ecomus-responsive-column ecomus-motion--var(--position) e-con e-parent\" data-id=\"ca83570\" data-element_type=\"container\" data-e-type=\"container\">\n\t\t\t\t\t<div class=\"e-con-inner\">\n\t\t\t\t<div class=\"elementor-element elementor-element-14981a9 navigation-class-arrows elementor-widget elementor-widget-ecomus-categories-carousel\" data-id=\"14981a9\" data-element_type=\"widget\" data-e-type=\"widget\" data-settings=\"{&quot;number&quot;:10,&quot;autoplay&quot;:&quot;yes&quot;,&quot;infinite&quot;:&quot;yes&quot;,&quot;slides_to_show&quot;:4,&quot;slides_to_scroll&quot;:1,&quot;image_spacing_custom&quot;:30,&quot;navigation&quot;:&quot;both&quot;,&quot;autoplay_speed&quot;:3000,&quot;pause_on_hover&quot;:&quot;yes&quot;,&quot;speed&quot;:800}\" data-widget_type=\"ecomus-categories-carousel.default\">\n\t\t\t\t<div class=\"elementor-widget-container\">\n\t\t\t\t\t<div class=\"ecomus-categories-carousel ecomus-carousel--elementor ecomus-carousel--slidesperview-auto\" style=\"--em-ratio-percent: 73%;\"><div class=\"ecomus-categories-carousel__inner swiper\"><div class=\"ecomus-categories-carousel__wrapper swiper-wrapper mobile-col-4 tablet-col-4 columns-4\" style=\"--em-swiper-items-space-mobile: 30px;\">\t\t\t\t\t\t\t\t<div class=\"ecomus-categories-carousel__item swiper-slide ecomus-categories-carousel__content--below\">\n\t\t\t\t\t\t\t\t\t<div class=\"ecomus-categories-carousel__image em-relative\">\n\t\t\t\t\t\t\t\t\t\t<a class=\"ecomus-categories-carousel__thumbnail em-ratio em-eff-img-zoom\" href=\"https:\/\/rslbaltic.eu\/en\/product-category\/marskineliai\/\" aria-label=\"View all Mar\u0161kin\u0117liai\"><img decoding=\"async\" src=\"https:\/\/rslbaltic.eu\/wp-content\/uploads\/2026\/01\/marskineliai.jpg\" title=\"marskineliai\" alt=\"marskineliai\" loading=\"lazy\" \/><\/a>\n\t\t\t\t\t\t\t\t\t\t\t\t\t\t\t\t\t\t\t<\/div>\n\t\t\t\t\t\t\t\t\t<div class=\"ecomus-categories-carousel__content\">\n\t\t\t\t\t\t\t\t\t\t<h4 class=\"ecomus-categories-carousel__title em-font-medium\"><a href=\"https:\/\/rslbaltic.eu\/en\/product-category\/marskineliai\/\" aria-label=\"View all Mar\u0161kin\u0117liai\">Mar\u0161kin\u0117liai<\/a><\/h4>\n\t\t\t\t\t\t\t\t\t\t<div class=\"ecomus-categories-carousel__cat-count\">31 items<\/div>\t\t\t\t\t\t\t\t\t<\/div>\n\t\t\t\t\t\t\t\t<\/div>\n\t\t\t\t\t\t\t\t\t\t\t\t\t\t\t<div class=\"ecomus-categories-carousel__item swiper-slide ecomus-categories-carousel__content--below\">\n\t\t\t\t\t\t\t\t\t<div class=\"ecomus-categories-carousel__image em-relative\">\n\t\t\t\t\t\t\t\t\t\t<a class=\"ecomus-categories-carousel__thumbnail em-ratio em-eff-img-zoom\" href=\"https:\/\/rslbaltic.eu\/en\/product-category\/dzemperiai\/\" aria-label=\"View all D\u017eemperiai\"><img decoding=\"async\" src=\"https:\/\/rslbaltic.eu\/wp-content\/uploads\/2026\/01\/dzemperiai.jpg\" title=\"dzemperiai\" alt=\"dzemperiai\" loading=\"lazy\" \/><\/a>\n\t\t\t\t\t\t\t\t\t\t\t\t\t\t\t\t\t\t\t<\/div>\n\t\t\t\t\t\t\t\t\t<div class=\"ecomus-categories-carousel__content\">\n\t\t\t\t\t\t\t\t\t\t<h4 class=\"ecomus-categories-carousel__title em-font-medium\"><a href=\"https:\/\/rslbaltic.eu\/en\/product-category\/dzemperiai\/\" aria-label=\"View all D\u017eemperiai\">D\u017eemperiai<\/a><\/h4>\n\t\t\t\t\t\t\t\t\t\t<div class=\"ecomus-categories-carousel__cat-count\">9 items<\/div>\t\t\t\t\t\t\t\t\t<\/div>\n\t\t\t\t\t\t\t\t<\/div>\n\t\t\t\t\t\t\t\t\t\t\t\t\t\t\t<div class=\"ecomus-categories-carousel__item swiper-slide ecomus-categories-carousel__content--below\">\n\t\t\t\t\t\t\t\t\t<div class=\"ecomus-categories-carousel__image em-relative\">\n\t\t\t\t\t\t\t\t\t\t<a class=\"ecomus-categories-carousel__thumbnail em-ratio em-eff-img-zoom\" href=\"https:\/\/rslbaltic.eu\/en\/product-category\/kelnes\/\" aria-label=\"View all Keln\u0117s\"><img decoding=\"async\" src=\"https:\/\/rslbaltic.eu\/wp-content\/uploads\/2026\/01\/kelnes.jpg\" title=\"kelnes\" alt=\"kelnes\" loading=\"lazy\" \/><\/a>\n\t\t\t\t\t\t\t\t\t\t\t\t\t\t\t\t\t\t\t<\/div>\n\t\t\t\t\t\t\t\t\t<div class=\"ecomus-categories-carousel__content\">\n\t\t\t\t\t\t\t\t\t\t<h4 class=\"ecomus-categories-carousel__title em-font-medium\"><a href=\"https:\/\/rslbaltic.eu\/en\/product-category\/kelnes\/\" aria-label=\"View all Keln\u0117s\">Keln\u0117s<\/a><\/h4>\n\t\t\t\t\t\t\t\t\t\t<div class=\"ecomus-categories-carousel__cat-count\">2 items<\/div>\t\t\t\t\t\t\t\t\t<\/div>\n\t\t\t\t\t\t\t\t<\/div>\n\t\t\t\t\t\t\t\t\t\t\t\t\t\t\t<div class=\"ecomus-categories-carousel__item swiper-slide ecomus-categories-carousel__content--below\">\n\t\t\t\t\t\t\t\t\t<div class=\"ecomus-categories-carousel__image em-relative\">\n\t\t\t\t\t\t\t\t\t\t<a class=\"ecomus-categories-carousel__thumbnail em-ratio em-eff-img-zoom\" href=\"https:\/\/rslbaltic.eu\/en\/product-category\/sortai-sijonai\/\" aria-label=\"View all \u0160ortai \/ Sijonai\"><img decoding=\"async\" src=\"https:\/\/rslbaltic.eu\/wp-content\/uploads\/2026\/01\/sortai.jpg\" title=\"sortai\" alt=\"sortai\" loading=\"lazy\" \/><\/a>\n\t\t\t\t\t\t\t\t\t\t\t\t\t\t\t\t\t\t\t<\/div>\n\t\t\t\t\t\t\t\t\t<div class=\"ecomus-categories-carousel__content\">\n\t\t\t\t\t\t\t\t\t\t<h4 class=\"ecomus-categories-carousel__title em-font-medium\"><a href=\"https:\/\/rslbaltic.eu\/en\/product-category\/sortai-sijonai\/\" aria-label=\"View all \u0160ortai \/ Sijonai\">\u0160ortai \/ Sijonai<\/a><\/h4>\n\t\t\t\t\t\t\t\t\t\t<div class=\"ecomus-categories-carousel__cat-count\">10 items<\/div>\t\t\t\t\t\t\t\t\t<\/div>\n\t\t\t\t\t\t\t\t<\/div>\n\t\t\t\t\t\t\t\t\t\t\t\t\t\t\t<div class=\"ecomus-categories-carousel__item swiper-slide ecomus-categories-carousel__content--below\">\n\t\t\t\t\t\t\t\t\t<div class=\"ecomus-categories-carousel__image em-relative\">\n\t\t\t\t\t\t\t\t\t\t<a class=\"ecomus-categories-carousel__thumbnail em-ratio em-eff-img-zoom\" href=\"https:\/\/rslbaltic.eu\/en\/product-category\/kojines\/\" aria-label=\"View all Kojin\u0117s\"><img decoding=\"async\" src=\"https:\/\/rslbaltic.eu\/wp-content\/uploads\/2026\/01\/kojines.jpg\" title=\"kojines\" alt=\"kojines\" loading=\"lazy\" \/><\/a>\n\t\t\t\t\t\t\t\t\t\t\t\t\t\t\t\t\t\t\t<\/div>\n\t\t\t\t\t\t\t\t\t<div class=\"ecomus-categories-carousel__content\">\n\t\t\t\t\t\t\t\t\t\t<h4 class=\"ecomus-categories-carousel__title em-font-medium\"><a href=\"https:\/\/rslbaltic.eu\/en\/product-category\/kojines\/\" aria-label=\"View all Kojin\u0117s\">Kojin\u0117s<\/a><\/h4>\n\t\t\t\t\t\t\t\t\t\t<div class=\"ecomus-categories-carousel__cat-count\">5 items<\/div>\t\t\t\t\t\t\t\t\t<\/div>\n\t\t\t\t\t\t\t\t<\/div>\n\t\t\t\t\t\t\t\t\t\t\t\t\t\t\t<div class=\"ecomus-categories-carousel__item swiper-slide ecomus-categories-carousel__content--below\">\n\t\t\t\t\t\t\t\t\t<div class=\"ecomus-categories-carousel__image em-relative\">\n\t\t\t\t\t\t\t\t\t\t<a class=\"ecomus-categories-carousel__thumbnail em-ratio em-eff-img-zoom\" href=\"https:\/\/rslbaltic.eu\/en\/product-category\/lifestyle\/\" aria-label=\"View all Lifestyle\"><img decoding=\"async\" src=\"https:\/\/rslbaltic.eu\/wp-content\/uploads\/2026\/01\/lifestyle.jpg\" title=\"lifestyle\" alt=\"lifestyle\" loading=\"lazy\" \/><\/a>\n\t\t\t\t\t\t\t\t\t\t\t\t\t\t\t\t\t\t\t<\/div>\n\t\t\t\t\t\t\t\t\t<div class=\"ecomus-categories-carousel__content\">\n\t\t\t\t\t\t\t\t\t\t<h4 class=\"ecomus-categories-carousel__title em-font-medium\"><a href=\"https:\/\/rslbaltic.eu\/en\/product-category\/lifestyle\/\" aria-label=\"View all Lifestyle\">Lifestyle<\/a><\/h4>\n\t\t\t\t\t\t\t\t\t\t<div class=\"ecomus-categories-carousel__cat-count\">8 items<\/div>\t\t\t\t\t\t\t\t\t<\/div>\n\t\t\t\t\t\t\t\t<\/div>\n\t\t\t\t\t\t\t\t\t\t\t\t\t\t\t<div class=\"ecomus-categories-carousel__item swiper-slide ecomus-categories-carousel__content--below\">\n\t\t\t\t\t\t\t\t\t<div class=\"ecomus-categories-carousel__image em-relative\">\n\t\t\t\t\t\t\t\t\t\t<a class=\"ecomus-categories-carousel__thumbnail em-ratio em-eff-img-zoom\" href=\"https:\/\/rslbaltic.eu\/en\/product-category\/kuprines-krepsiai\/\" aria-label=\"View all Kuprin\u0117s \/ Krep\u0161iai\"><img decoding=\"async\" src=\"https:\/\/rslbaltic.eu\/wp-content\/uploads\/2026\/02\/Shop-Catalogue-Bags-1.jpg\" title=\"Shop-Catalogue-Bags-1\" alt=\"Shop-Catalogue-Bags-1\" loading=\"lazy\" \/><\/a>\n\t\t\t\t\t\t\t\t\t\t\t\t\t\t\t\t\t\t\t<\/div>\n\t\t\t\t\t\t\t\t\t<div class=\"ecomus-categories-carousel__content\">\n\t\t\t\t\t\t\t\t\t\t<h4 class=\"ecomus-categories-carousel__title em-font-medium\"><a href=\"https:\/\/rslbaltic.eu\/en\/product-category\/kuprines-krepsiai\/\" aria-label=\"View all Kuprin\u0117s \/ Krep\u0161iai\">Kuprin\u0117s \/ Krep\u0161iai<\/a><\/h4>\n\t\t\t\t\t\t\t\t\t\t<div class=\"ecomus-categories-carousel__cat-count\">13 items<\/div>\t\t\t\t\t\t\t\t\t<\/div>\n\t\t\t\t\t\t\t\t<\/div>\n\t\t\t\t\t\t\t\t\t\t\t\t\t\t\t<div class=\"ecomus-categories-carousel__item swiper-slide ecomus-categories-carousel__content--below\">\n\t\t\t\t\t\t\t\t\t<div class=\"ecomus-categories-carousel__image em-relative\">\n\t\t\t\t\t\t\t\t\t\t<a class=\"ecomus-categories-carousel__thumbnail em-ratio em-eff-img-zoom\" href=\"https:\/\/rslbaltic.eu\/en\/product-category\/aksesuarai\/\" aria-label=\"View all Aksesuarai\"><img decoding=\"async\" src=\"https:\/\/rslbaltic.eu\/wp-content\/uploads\/2026\/02\/Tilbehoer.jpg\" title=\"Tilbehoer\" alt=\"Tilbehoer\" loading=\"lazy\" \/><\/a>\n\t\t\t\t\t\t\t\t\t\t\t\t\t\t\t\t\t\t\t<\/div>\n\t\t\t\t\t\t\t\t\t<div class=\"ecomus-categories-carousel__content\">\n\t\t\t\t\t\t\t\t\t\t<h4 class=\"ecomus-categories-carousel__title em-font-medium\"><a href=\"https:\/\/rslbaltic.eu\/en\/product-category\/aksesuarai\/\" aria-label=\"View all Aksesuarai\">Aksesuarai<\/a><\/h4>\n\t\t\t\t\t\t\t\t\t\t<div class=\"ecomus-categories-carousel__cat-count\">9 items<\/div>\t\t\t\t\t\t\t\t\t<\/div>\n\t\t\t\t\t\t\t\t<\/div>\n\t\t\t\t\t\t\t\t\t\t\t\t\t\t\t<div class=\"ecomus-categories-carousel__item swiper-slide ecomus-categories-carousel__content--below\">\n\t\t\t\t\t\t\t\t\t<div class=\"ecomus-categories-carousel__image em-relative\">\n\t\t\t\t\t\t\t\t\t\t<a class=\"ecomus-categories-carousel__thumbnail em-ratio em-eff-img-zoom\" href=\"https:\/\/rslbaltic.eu\/en\/product-category\/raketes\/\" aria-label=\"View all Raket\u0117s\"><img decoding=\"async\" src=\"https:\/\/rslbaltic.eu\/wp-content\/uploads\/2026\/02\/Ketcher.jpg\" title=\"Ketcher\" alt=\"Ketcher\" loading=\"lazy\" \/><\/a>\n\t\t\t\t\t\t\t\t\t\t\t\t\t\t\t\t\t\t\t<\/div>\n\t\t\t\t\t\t\t\t\t<div class=\"ecomus-categories-carousel__content\">\n\t\t\t\t\t\t\t\t\t\t<h4 class=\"ecomus-categories-carousel__title em-font-medium\"><a href=\"https:\/\/rslbaltic.eu\/en\/product-category\/raketes\/\" aria-label=\"View all Raket\u0117s\">Raket\u0117s<\/a><\/h4>\n\t\t\t\t\t\t\t\t\t\t<div class=\"ecomus-categories-carousel__cat-count\">35 items<\/div>\t\t\t\t\t\t\t\t\t<\/div>\n\t\t\t\t\t\t\t\t<\/div>\n\t\t\t\t\t\t\t\t\t\t\t\t\t\t\t<div class=\"ecomus-categories-carousel__item swiper-slide ecomus-categories-carousel__content--below\">\n\t\t\t\t\t\t\t\t\t<div class=\"ecomus-categories-carousel__image em-relative\">\n\t\t\t\t\t\t\t\t\t\t<a class=\"ecomus-categories-carousel__thumbnail em-ratio em-eff-img-zoom\" href=\"https:\/\/rslbaltic.eu\/en\/product-category\/plunksninukai\/\" aria-label=\"View all Plunksninukai\"><img decoding=\"async\" src=\"https:\/\/rslbaltic.eu\/wp-content\/uploads\/2026\/02\/Fjerbolde-646-x-350-px.jpg\" title=\"Fjerbolde-(646-x-350-px)\" alt=\"Fjerbolde-(646-x-350-px)\" loading=\"lazy\" \/><\/a>\n\t\t\t\t\t\t\t\t\t\t\t\t\t\t\t\t\t\t\t<\/div>\n\t\t\t\t\t\t\t\t\t<div class=\"ecomus-categories-carousel__content\">\n\t\t\t\t\t\t\t\t\t\t<h4 class=\"ecomus-categories-carousel__title em-font-medium\"><a href=\"https:\/\/rslbaltic.eu\/en\/product-category\/plunksninukai\/\" aria-label=\"View all Plunksninukai\">Plunksninukai<\/a><\/h4>\n\t\t\t\t\t\t\t\t\t\t<div class=\"ecomus-categories-carousel__cat-count\">8 items<\/div>\t\t\t\t\t\t\t\t\t<\/div>\n\t\t\t\t\t\t\t\t<\/div>\n\t\t\t\t\t\t\t<\/div><\/div><div class=\"swiper-pagination  swiper-pagination-bullet--small\"><\/div><div class=\"swiper-navigation\"><span class=\"ecomus-svg-icon ecomus-svg-icon--left-mini elementor-swiper-button-prev swiper-button\" ><svg aria-hidden=\"true\" role=\"img\" focusable=\"false\" width=\"7\" height=\"11\" viewbox=\"0 0 7 11\" fill=\"currentColor\" xmlns=\"http:\/\/www.w3.org\/2000\/svg\"><path d=\"M5.5 11L0 5.5L5.5 0L6.47625 0.97625L1.9525 5.5L6.47625 10.0238L5.5 11Z\" fill=\"currentColor\"\/><\/svg><\/span><span class=\"ecomus-svg-icon ecomus-svg-icon--right-mini elementor-swiper-button-next swiper-button\" ><svg aria-hidden=\"true\" role=\"img\" focusable=\"false\" width=\"7\" height=\"11\" viewbox=\"0 0 7 11\" fill=\"currentColor\" xmlns=\"http:\/\/www.w3.org\/2000\/svg\"><path d=\"M1.5 11L7 5.5L1.5 0L0.52375 0.97625L5.0475 5.5L0.52375 10.0238L1.5 11Z\" fill=\"currentColor\"\/><\/svg><\/span><\/div><\/div>\t\t\t\t<\/div>\n\t\t\t\t<\/div>\n\t\t\t\t\t<\/div>\n\t\t\t\t<\/div>\n\t\t<div class=\"elementor-element elementor-element-cf7178e e-flex e-con-boxed ecomus-responsive-column ecomus-tablet-column--default ecomus-responsive-column ecomus-mobile-column--default ecomus-responsive-column ecomus-motion--var(--position) e-con e-parent\" data-id=\"cf7178e\" data-element_type=\"container\" data-e-type=\"container\">\n\t\t\t\t\t<div class=\"e-con-inner\">\n\t\t\t\t<div class=\"elementor-element elementor-element-f41ceb4 elementor-widget elementor-widget-heading\" data-id=\"f41ceb4\" data-element_type=\"widget\" data-e-type=\"widget\" data-widget_type=\"heading.default\">\n\t\t\t\t\t<h2 class=\"elementor-heading-title elementor-size-default\">RSL - Aistra sportui<\/h2>\t\t\t\t<\/div>\n\t\t\t\t<div class=\"elementor-element elementor-element-419104b elementor-widget elementor-widget-text-editor\" data-id=\"419104b\" data-element_type=\"widget\" data-e-type=\"widget\" data-widget_type=\"text-editor.default\">\n\t\t\t\t\t\t\t\t\t<p><strong>Ar \u017einojote:<\/strong> <br \/>RSL yra did\u017eiausia ir pirmaujanti pasaulyje plunksnini\u0173 kamuoliuk\u0173 gamintoja, turinti 22 gamyklas.<br \/>M\u016bs\u0173 parduotuv\u0117je rasite kokybi\u0161k\u0173 gamini\u0173, kuriais gali naudotis visi \u2013 nuo \u200b\u200bm\u0117g\u0117j\u0173 iki profesional\u0173.<\/p>\t\t\t\t\t\t\t\t<\/div>\n\t\t\t\t\t<\/div>\n\t\t\t\t<\/div>\n\t\t\t\t<\/div>","protected":false},"excerpt":{"rendered":"<p>Mar\u0161kin\u0117liai 20 items D\u017eemperiai 8 items Keln\u0117s 2 items \u0160ortai \/ Sijonai 10 items Kojin\u0117s 5 items Lifestyle 7 items Kuprin\u0117s \/ Krep\u0161iai 12 items Aksesuarai 9 items Raket\u0117s 15 items Plunksninukai 7 items RSL &#8211; Aistra sportui Ar \u017einojote: RSL yra did\u017eiausia ir pirmaujanti pasaulyje plunksnini\u0173 kamuoliuk\u0173 gamintoja, turinti 22 gamyklas.M\u016bs\u0173 parduotuv\u0117je rasite kokybi\u0161k\u0173 [&hellip;]<\/p>\n","protected":false},"author":1,"featured_media":0,"parent":0,"menu_order":0,"comment_status":"closed","ping_status":"closed","template":"","meta":{"footnotes":""},"class_list":["post-862","page","type-page","status-publish","hentry"],"aioseo_notices":[],"_hostinger_reach_plugin_has_subscription_block":false,"_hostinger_reach_plugin_is_elementor":false,"_links":{"self":[{"href":"https:\/\/rslbaltic.eu\/en\/wp-json\/wp\/v2\/pages\/862","targetHints":{"allow":["GET"]}}],"collection":[{"href":"https:\/\/rslbaltic.eu\/en\/wp-json\/wp\/v2\/pages"}],"about":[{"href":"https:\/\/rslbaltic.eu\/en\/wp-json\/wp\/v2\/types\/page"}],"author":[{"embeddable":true,"href":"https:\/\/rslbaltic.eu\/en\/wp-json\/wp\/v2\/users\/1"}],"replies":[{"embeddable":true,"href":"https:\/\/rslbaltic.eu\/en\/wp-json\/wp\/v2\/comments?post=862"}],"version-history":[{"count":7,"href":"https:\/\/rslbaltic.eu\/en\/wp-json\/wp\/v2\/pages\/862\/revisions"}],"predecessor-version":[{"id":1168,"href":"https:\/\/rslbaltic.eu\/en\/wp-json\/wp\/v2\/pages\/862\/revisions\/1168"}],"wp:attachment":[{"href":"https:\/\/rslbaltic.eu\/en\/wp-json\/wp\/v2\/media?parent=862"}],"curies":[{"name":"wp","href":"https:\/\/api.w.org\/{rel}","templated":true}]}}