{"id":9,"date":"2026-01-14T06:57:22","date_gmt":"2026-01-14T06:57:22","guid":{"rendered":"http:\/\/rslbaltic.eu\/?page_id=9"},"modified":"2026-01-14T06:59:52","modified_gmt":"2026-01-14T06:59:52","slug":"grazinimo-ir-grazinimo-politika","status":"publish","type":"page","link":"https:\/\/rslbaltic.eu\/en\/grazinimo-ir-grazinimo-politika\/","title":{"rendered":"Gr\u0105\u017einimo ir gr\u0105\u017einimo politika"},"content":{"rendered":"<div data-elementor-type=\"wp-page\" data-elementor-id=\"9\" class=\"elementor elementor-9\">\n\t\t\t\t<div class=\"elementor-element elementor-element-337a26f2 e-flex e-con-boxed ecomus-responsive-column ecomus-tablet-column--default ecomus-responsive-column ecomus-mobile-column--default ecomus-responsive-column ecomus-motion--var(--position) e-con e-parent\" data-id=\"337a26f2\" data-element_type=\"container\" data-e-type=\"container\">\n\t\t\t\t\t<div class=\"e-con-inner\">\n\t\t\t\t<div class=\"elementor-element elementor-element-cbb0b64 elementor-widget elementor-widget-heading\" data-id=\"cbb0b64\" data-element_type=\"widget\" data-e-type=\"widget\" data-widget_type=\"heading.default\">\n\t\t\t\t\t<h2 class=\"elementor-heading-title elementor-size-default\">Preki\u0173 gr\u0105\u017einimo ir keitimo politika<\/h2>\t\t\t\t<\/div>\n\t\t\t\t<div class=\"elementor-element elementor-element-986bce6 elementor-widget elementor-widget-heading\" data-id=\"986bce6\" data-element_type=\"widget\" data-e-type=\"widget\" data-widget_type=\"heading.default\">\n\t\t\t\t\t<h4 class=\"elementor-heading-title elementor-size-default\">1. Bendrosios nuostatos<\/h4>\t\t\t\t<\/div>\n\t\t\t\t<div class=\"elementor-element elementor-element-53f3d54 elementor-widget elementor-widget-text-editor\" data-id=\"53f3d54\" data-element_type=\"widget\" data-e-type=\"widget\" data-widget_type=\"text-editor.default\">\n\t\t\t\t\t\t\t\t\t<p>\u0160i preki\u0173 gr\u0105\u017einimo ir keitimo politika (toliau \u2013 Politika) nustato pirk\u0117jo ir pardav\u0117jo teises bei pareigas, susijusias su preki\u0173 gr\u0105\u017einimu ir keitimu elektronin\u0117je parduotuv\u0117je.<\/p>\t\t\t\t\t\t\t\t<\/div>\n\t\t\t\t<div class=\"elementor-element elementor-element-9b592ed elementor-widget elementor-widget-heading\" data-id=\"9b592ed\" data-element_type=\"widget\" data-e-type=\"widget\" data-widget_type=\"heading.default\">\n\t\t\t\t\t<h4 class=\"elementor-heading-title elementor-size-default\">2. Sutarties atsisakymas<\/h4>\t\t\t\t<\/div>\n\t\t\t\t<div class=\"elementor-element elementor-element-0a3faa9 elementor-widget elementor-widget-text-editor\" data-id=\"0a3faa9\" data-element_type=\"widget\" data-e-type=\"widget\" data-widget_type=\"text-editor.default\">\n\t\t\t\t\t\t\t\t\t<p>Vadovaujantis Lietuvos Respublikos civiliniu kodeksu ir Europos S\u0105jungos teis\u0117s aktais, pirk\u0117jas turi teis\u0119 per <strong>14 kalendorini\u0173 dien\u0173<\/strong> nuo prek\u0117s gavimo dienos atsisakyti nuotolin\u0117s pirkimo\u2013pardavimo sutarties, nenurodydamas prie\u017easties.<\/p>\t\t\t\t\t\t\t\t<\/div>\n\t\t\t\t<div class=\"elementor-element elementor-element-c9d3aee elementor-widget elementor-widget-heading\" data-id=\"c9d3aee\" data-element_type=\"widget\" data-e-type=\"widget\" data-widget_type=\"heading.default\">\n\t\t\t\t\t<h4 class=\"elementor-heading-title elementor-size-default\">3. Gr\u0105\u017einimo s\u0105lygos<\/h4>\t\t\t\t<\/div>\n\t\t\t\t<div class=\"elementor-element elementor-element-e748043 elementor-widget elementor-widget-text-editor\" data-id=\"e748043\" data-element_type=\"widget\" data-e-type=\"widget\" data-widget_type=\"text-editor.default\">\n\t\t\t\t\t\t\t\t\t<p>Gr\u0105\u017einama prek\u0117 turi atitikti \u0161ias s\u0105lygas:<\/p>\n<ul>\n<li>b\u016bti nenaudota, nepa\u017eeista ir nepraradusi prekin\u0117s i\u0161vaizdos;<\/li>\n<li>b\u016bti originalioje pakuot\u0117je (jeigu tai \u012fmanoma);<\/li>\n<li>tur\u0117ti visas etiketes, apsaugines pl\u0117veles ir komplektacijos dalis;<\/li>\n<li>b\u016bti gr\u0105\u017einama kartu su pirkim\u0105 patvirtinan\u010diu dokumentu (s\u0105skaita fakt\u016bra ar kvitas).<\/li>\n<\/ul>\t\t\t\t\t\t\t\t<\/div>\n\t\t\t\t<div class=\"elementor-element elementor-element-e0b4209 elementor-widget elementor-widget-heading\" data-id=\"e0b4209\" data-element_type=\"widget\" data-e-type=\"widget\" data-widget_type=\"heading.default\">\n\t\t\t\t\t<h4 class=\"elementor-heading-title elementor-size-default\">4. Prek\u0117s, kurios negr\u0105\u017einamos<\/h4>\t\t\t\t<\/div>\n\t\t\t\t<div class=\"elementor-element elementor-element-69e4c84 elementor-widget elementor-widget-text-editor\" data-id=\"69e4c84\" data-element_type=\"widget\" data-e-type=\"widget\" data-widget_type=\"text-editor.default\">\n\t\t\t\t\t\t\t\t\t<p>Pagal galiojan\u010dius teis\u0117s aktus, negr\u0105\u017einamos \u0161ios prek\u0117s:<\/p>\n<ul>\n<li>pagamintos pagal individual\u0173 pirk\u0117jo u\u017esakym\u0105;<\/li>\n<li>greitai gendan\u010dios ar riboto galiojimo prek\u0117s;<\/li>\n<li>i\u0161pakuotos higienos ar asmeninio naudojimo prek\u0117s, jeigu pakuot\u0117 buvo pa\u017eeista;<\/li>\n<li>skaitmeninis turinys, jeigu jo teikimas prad\u0117tas gavus pirk\u0117jo sutikim\u0105.<\/li>\n<\/ul>\t\t\t\t\t\t\t\t<\/div>\n\t\t\t\t<div class=\"elementor-element elementor-element-45f07dd elementor-widget elementor-widget-heading\" data-id=\"45f07dd\" data-element_type=\"widget\" data-e-type=\"widget\" data-widget_type=\"heading.default\">\n\t\t\t\t\t<h4 class=\"elementor-heading-title elementor-size-default\">5. Gr\u0105\u017einimo tvarka<\/h4>\t\t\t\t<\/div>\n\t\t\t\t<div class=\"elementor-element elementor-element-ab930c9 elementor-widget elementor-widget-text-editor\" data-id=\"ab930c9\" data-element_type=\"widget\" data-e-type=\"widget\" data-widget_type=\"text-editor.default\">\n\t\t\t\t\t\t\t\t\t<ul>\n<li>Pirk\u0117jas apie nor\u0105 gr\u0105\u017einti prek\u0119 informuoja pardav\u0117j\u0105 el. pa\u0161tu arba per paskyr\u0105 e\u2011parduotuv\u0117je.<\/li>\n<li>Pirk\u0117jas \u012fsipareigoja gr\u0105\u017einti prek\u0119 per <strong style=\"font-size: 0.875rem;\">14 dien\u0173<\/strong><span style=\"font-size: 0.875rem;\"> nuo prane\u0161imo apie sutarties atsisakym\u0105 pateikimo.<\/span><\/li>\n<li>Prek\u0117s gr\u0105\u017einimo i\u0161laidas apmoka pirk\u0117jas, i\u0161skyrus atvejus, kai prek\u0117 buvo nekokybi\u0161ka ar gauta per klaid\u0105.<\/li>\n<\/ul>\t\t\t\t\t\t\t\t<\/div>\n\t\t\t\t<div class=\"elementor-element elementor-element-a82c267 elementor-widget elementor-widget-heading\" data-id=\"a82c267\" data-element_type=\"widget\" data-e-type=\"widget\" data-widget_type=\"heading.default\">\n\t\t\t\t\t<h4 class=\"elementor-heading-title elementor-size-default\">6. Pinig\u0173 gr\u0105\u017einimas<\/h4>\t\t\t\t<\/div>\n\t\t\t\t<div class=\"elementor-element elementor-element-226ae4a elementor-widget elementor-widget-text-editor\" data-id=\"226ae4a\" data-element_type=\"widget\" data-e-type=\"widget\" data-widget_type=\"text-editor.default\">\n\t\t\t\t\t\t\t\t\t<ul>\n<li>Pardav\u0117jas \u012fsipareigoja gr\u0105\u017einti u\u017e prek\u0119 sumok\u0117tus pinigus per <strong>14 dien\u0173<\/strong> nuo gr\u0105\u017eintos prek\u0117s gavimo dienos. Pinigai gr\u0105\u017einami tuo pa\u010diu mok\u0117jimo b\u016bdu, kuriuo buvo atliktas apmok\u0117jimas, nebent \u0161alys susitaria kitaip.<\/li>\n<\/ul>\t\t\t\t\t\t\t\t<\/div>\n\t\t\t\t<div class=\"elementor-element elementor-element-597ce99 elementor-widget elementor-widget-heading\" data-id=\"597ce99\" data-element_type=\"widget\" data-e-type=\"widget\" data-widget_type=\"heading.default\">\n\t\t\t\t\t<h4 class=\"elementor-heading-title elementor-size-default\">7. Nekokybi\u0161kos prek\u0117s<\/h4>\t\t\t\t<\/div>\n\t\t\t\t<div class=\"elementor-element elementor-element-5ad40db elementor-widget elementor-widget-text-editor\" data-id=\"5ad40db\" data-element_type=\"widget\" data-e-type=\"widget\" data-widget_type=\"text-editor.default\">\n\t\t\t\t\t\t\t\t\t<p>Jeigu pirk\u0117jas gauna nekokybi\u0161k\u0105 ar brokuot\u0105 prek\u0119, jis turi teis\u0119:<\/p>\n<ul>\n<li>reikalauti pakeisti prek\u0119 tinkama;<\/li>\n<li>reikalauti gr\u0105\u017einti sumok\u0117tus pinigus;<\/li>\n<li>reikalauti suma\u017einti prek\u0117s kain\u0105.<\/li>\n<\/ul>\n<p>Tokiu atveju visas su gr\u0105\u017einimu susijusias i\u0161laidas apmoka pardav\u0117jas.<\/p>\t\t\t\t\t\t\t\t<\/div>\n\t\t\t\t<div class=\"elementor-element elementor-element-859ecbc elementor-widget elementor-widget-heading\" data-id=\"859ecbc\" data-element_type=\"widget\" data-e-type=\"widget\" data-widget_type=\"heading.default\">\n\t\t\t\t\t<h4 class=\"elementor-heading-title elementor-size-default\">8. Baigiamosios nuostatos<\/h4>\t\t\t\t<\/div>\n\t\t\t\t<div class=\"elementor-element elementor-element-d481bc7 elementor-widget elementor-widget-text-editor\" data-id=\"d481bc7\" data-element_type=\"widget\" data-e-type=\"widget\" data-widget_type=\"text-editor.default\">\n\t\t\t\t\t\t\t\t\t<p>Pardav\u0117jas pasilieka teis\u0119 keisti \u0161i\u0105 Politik\u0105. Pakeitimai \u012fsigalioja nuo j\u0173 paskelbimo e\u2011parduotuv\u0117je dienos.<\/p>\n<p>Jeigu turite klausim\u0173 d\u0117l preki\u0173 gr\u0105\u017einimo, susisiekite su mumis nurodytais kontaktais e\u2011parduotuv\u0117je.<\/p>\t\t\t\t\t\t\t\t<\/div>\n\t\t\t\t\t<\/div>\n\t\t\t\t<\/div>\n\t\t\t\t<\/div>","protected":false},"excerpt":{"rendered":"<p>Preki\u0173 gr\u0105\u017einimo ir keitimo politika 1. Bendrosios nuostatos \u0160i preki\u0173 gr\u0105\u017einimo ir keitimo politika (toliau \u2013 Politika) nustato pirk\u0117jo ir pardav\u0117jo teises bei pareigas, susijusias su preki\u0173 gr\u0105\u017einimu ir keitimu elektronin\u0117je parduotuv\u0117je. 2. Sutarties atsisakymas Vadovaujantis Lietuvos Respublikos civiliniu kodeksu ir Europos S\u0105jungos teis\u0117s aktais, pirk\u0117jas turi teis\u0119 per 14 kalendorini\u0173 dien\u0173 nuo prek\u0117s gavimo [&hellip;]<\/p>\n","protected":false},"author":1,"featured_media":0,"parent":0,"menu_order":0,"comment_status":"closed","ping_status":"closed","template":"","meta":{"footnotes":""},"class_list":["post-9","page","type-page","status-publish","hentry"],"aioseo_notices":[],"_hostinger_reach_plugin_has_subscription_block":false,"_hostinger_reach_plugin_is_elementor":false,"_links":{"self":[{"href":"https:\/\/rslbaltic.eu\/en\/wp-json\/wp\/v2\/pages\/9","targetHints":{"allow":["GET"]}}],"collection":[{"href":"https:\/\/rslbaltic.eu\/en\/wp-json\/wp\/v2\/pages"}],"about":[{"href":"https:\/\/rslbaltic.eu\/en\/wp-json\/wp\/v2\/types\/page"}],"author":[{"embeddable":true,"href":"https:\/\/rslbaltic.eu\/en\/wp-json\/wp\/v2\/users\/1"}],"replies":[{"embeddable":true,"href":"https:\/\/rslbaltic.eu\/en\/wp-json\/wp\/v2\/comments?post=9"}],"version-history":[{"count":3,"href":"https:\/\/rslbaltic.eu\/en\/wp-json\/wp\/v2\/pages\/9\/revisions"}],"predecessor-version":[{"id":1146,"href":"https:\/\/rslbaltic.eu\/en\/wp-json\/wp\/v2\/pages\/9\/revisions\/1146"}],"wp:attachment":[{"href":"https:\/\/rslbaltic.eu\/en\/wp-json\/wp\/v2\/media?parent=9"}],"curies":[{"name":"wp","href":"https:\/\/api.w.org\/{rel}","templated":true}]}}