{"id":901,"date":"2026-01-13T07:22:03","date_gmt":"2026-01-13T07:22:03","guid":{"rendered":"https:\/\/rslbaltic.eu\/?page_id=901"},"modified":"2026-02-21T15:39:41","modified_gmt":"2026-02-21T15:39:41","slug":"klubams","status":"publish","type":"page","link":"https:\/\/rslbaltic.eu\/en\/klubams\/","title":{"rendered":"Klubams"},"content":{"rendered":"<div data-elementor-type=\"wp-page\" data-elementor-id=\"901\" class=\"elementor elementor-901\">\n\t\t\t\t<div class=\"elementor-element elementor-element-d1968c6 e-flex e-con-boxed ecomus-responsive-column ecomus-tablet-column--default ecomus-responsive-column ecomus-mobile-column--default ecomus-responsive-column ecomus-motion--var(--position) e-con e-parent\" data-id=\"d1968c6\" data-element_type=\"container\" data-e-type=\"container\">\n\t\t\t\t\t<div class=\"e-con-inner\">\n\t\t\t\t<div class=\"elementor-element elementor-element-9b476c2 elementor-widget elementor-widget-text-editor\" data-id=\"9b476c2\" data-element_type=\"widget\" data-e-type=\"widget\" data-widget_type=\"text-editor.default\">\n\t\t\t\t\t\t\t\t\t<p>\u201eRSL Baltic&#8221; badmintono klubams teikiame visk\u0105, ko jiems reikia \u2013 nuo \u012frangos iki aprangos ir individualaus aptarnavimo. Nesvarbu, ar tai b\u016bt\u0173 raket\u0117s, klubo apranga, ar viso korto komplektai, mes esame \u010dia, kad pad\u0117tume jums rasti tobul\u0105 sprendim\u0105. Ie\u0161kote ka\u017eko konkretaus? Nedvejodami susisiekite su mumis tiesiogiai. Mes si\u016blome individualius sprendimus, pritaikytus unikaliems j\u016bs\u0173 klubo poreikiams.<\/p><p><strong>Bandomasis vakaras:<\/strong> surenkite bandom\u0105j\u012f vakar\u0105 su RSL, kurio metu gal\u0117site i\u0161bandyti visas m\u016bs\u0173 skirtingas raketes ir pasimatuoti skirtingus drabu\u017eius tiesiai savo nam\u0173 klube.<\/p><p><strong>Klubo apranga:<\/strong> rinkit\u0117s i\u0161 m\u016bs\u0173 oficialios RSL kolekcijos arba dirbkite su mumis, kad sukurtume unikalius, pagal u\u017esakym\u0105 sukurtus mar\u0161kin\u0117lius, pritaikytus j\u016bs\u0173 klubo tapatybei.<\/p><p><strong>\u012erangos paketai:<\/strong> si\u016blome pilnus sprendimus, \u012fskaitant korto \u012frang\u0105, tinklus, raket\u0117s d\u0117\u017ees ir kt.<\/p><p>Susisiekite su mumis \u0161iandien, kad per\u017ei\u016br\u0117tum\u0117te m\u016bs\u0173 klubo pasi\u016blymus ir pasinaudotum\u0117te i\u0161skirtin\u0117mis kainomis!<\/p><p><a href=\"mailto:uzsakymai@rslbaltic.eu\">uzsakymai@rslbaltic.eu<\/a><\/p>\t\t\t\t\t\t\t\t<\/div>\n\t\t\t\t\t<\/div>\n\t\t\t\t<\/div>\n\t\t<div class=\"elementor-element elementor-element-448fc43 e-flex e-con-boxed ecomus-responsive-column ecomus-tablet-column--default ecomus-responsive-column ecomus-mobile-column--default ecomus-responsive-column ecomus-motion--var(--position) e-con e-parent\" data-id=\"448fc43\" data-element_type=\"container\" data-e-type=\"container\">\n\t\t\t\t\t<div class=\"e-con-inner\">\n\t\t\t\t<div class=\"elementor-element elementor-element-65e285a elementor-widget__width-initial elementor-widget elementor-widget-ecomus-product-grid\" data-id=\"65e285a\" data-element_type=\"widget\" data-e-type=\"widget\" data-settings=\"{&quot;columns&quot;:&quot;2&quot;,&quot;category&quot;:&quot;klubams&quot;,&quot;limit&quot;:2,&quot;product_card_layout&quot;:&quot;1&quot;,&quot;type&quot;:&quot;recent_products&quot;,&quot;hide_product_outofstock&quot;:&quot;no&quot;,&quot;product_outofstock_last&quot;:&quot;no&quot;}\" data-widget_type=\"ecomus-product-grid.default\">\n\t\t\t\t<div class=\"elementor-widget-container\">\n\t\t\t\t\t<div class=\"ecomus-product-grid ecomus-product-columns--2\"><ul class=\"products columns-2\">\n<li class=\"product type-product post-1529 status-publish first instock product_cat-klubams product_cat-marskineliai has-post-thumbnail sale taxable shipping-taxable purchasable product-type-simple\">\n\t<a href=\"https:\/\/rslbaltic.eu\/en\/product\/marskineliai-su-spauda\/\" class=\"woocommerce-LoopProduct-link woocommerce-loop-product__link\"><img fetchpriority=\"high\" decoding=\"async\" width=\"300\" height=\"300\" src=\"https:\/\/rslbaltic.eu\/wp-content\/uploads\/2026\/02\/RSL-vela-vyriskas-300x300.jpg\" class=\"attachment-woocommerce_thumbnail size-woocommerce_thumbnail\" alt=\"Mar\u0161kin\u0117liai su spauda\" srcset=\"https:\/\/rslbaltic.eu\/wp-content\/uploads\/2026\/02\/RSL-vela-vyriskas-300x300.jpg 300w, https:\/\/rslbaltic.eu\/wp-content\/uploads\/2026\/02\/RSL-vela-vyriskas-1024x1024.jpg 1024w, https:\/\/rslbaltic.eu\/wp-content\/uploads\/2026\/02\/RSL-vela-vyriskas-150x150.jpg 150w, https:\/\/rslbaltic.eu\/wp-content\/uploads\/2026\/02\/RSL-vela-vyriskas-768x768.jpg 768w, https:\/\/rslbaltic.eu\/wp-content\/uploads\/2026\/02\/RSL-vela-vyriskas-12x12.jpg 12w, https:\/\/rslbaltic.eu\/wp-content\/uploads\/2026\/02\/RSL-vela-vyriskas-600x600.jpg 600w, https:\/\/rslbaltic.eu\/wp-content\/uploads\/2026\/02\/RSL-vela-vyriskas-130x130.jpg 130w, https:\/\/rslbaltic.eu\/wp-content\/uploads\/2026\/02\/RSL-vela-vyriskas.jpg 1400w\" sizes=\"(max-width: 300px) 100vw, 300px\" \/><h2 class=\"woocommerce-loop-product__title\">Mar\u0161kin\u0117liai su spauda<\/h2>\n\t<span class=\"price\"><del aria-hidden=\"true\"><span class=\"woocommerce-Price-amount amount\"><bdi><span class=\"woocommerce-Price-currencySymbol\">&euro;<\/span>35.95<\/bdi><\/span><\/del> <span class=\"screen-reader-text\" data-no-translation=\"\" data-trp-gettext=\"\">Original price was: &euro;35.95.<\/span><ins aria-hidden=\"true\"><span class=\"woocommerce-Price-amount amount\"><bdi><span class=\"woocommerce-Price-currencySymbol\">&euro;<\/span>30.95<\/bdi><\/span><\/ins><span class=\"screen-reader-text\" data-no-translation=\"\" data-trp-gettext=\"\">Current price is: &euro;30.95.<\/span> <small class=\"woocommerce-price-suffix\">Su PVM<\/small><\/span>\n<\/a><a href=\"\/en\/wp-json\/wp\/v2\/pages\/901?add-to-cart=1529\" data-quantity=\"1\" class=\"button product_type_simple add_to_cart_button ajax_add_to_cart\" data-product_id=\"1529\" data-product_sku=\"\" aria-label=\"Add to basket: \u201cMar\u0161kin\u0117liai su spauda\u201d\" rel=\"nofollow\" data-success_message=\"\u201cMar\u0161kin\u0117liai su spauda\u201d has been added to your cart\" role=\"button\" data-no-translation=\"\" data-trp-gettext=\"\" data-no-translation-aria-label=\"\" data-no-translation-data-success_message=\"\">Add to basket<\/a><\/li>\n<li class=\"product type-product post-1176 status-publish last onbackorder product_cat-dzemperiai product_cat-klubams product_cat-lifestyle has-post-thumbnail taxable shipping-taxable purchasable product-type-variable\">\n\t<a href=\"https:\/\/rslbaltic.eu\/en\/product\/rsl-core-su-spauda\/\" class=\"woocommerce-LoopProduct-link woocommerce-loop-product__link\"><img decoding=\"async\" width=\"300\" height=\"300\" src=\"https:\/\/rslbaltic.eu\/wp-content\/uploads\/2026\/01\/priekis-1-300x300.jpg\" class=\"attachment-woocommerce_thumbnail size-woocommerce_thumbnail\" alt=\"RSL Core su spauda\" srcset=\"https:\/\/rslbaltic.eu\/wp-content\/uploads\/2026\/01\/priekis-1-300x300.jpg 300w, https:\/\/rslbaltic.eu\/wp-content\/uploads\/2026\/01\/priekis-1-1024x1024.jpg 1024w, https:\/\/rslbaltic.eu\/wp-content\/uploads\/2026\/01\/priekis-1-150x150.jpg 150w, https:\/\/rslbaltic.eu\/wp-content\/uploads\/2026\/01\/priekis-1-768x769.jpg 768w, https:\/\/rslbaltic.eu\/wp-content\/uploads\/2026\/01\/priekis-1-12x12.jpg 12w, https:\/\/rslbaltic.eu\/wp-content\/uploads\/2026\/01\/priekis-1-600x601.jpg 600w, https:\/\/rslbaltic.eu\/wp-content\/uploads\/2026\/01\/priekis-1-130x130.jpg 130w, https:\/\/rslbaltic.eu\/wp-content\/uploads\/2026\/01\/priekis-1.jpg 1400w\" sizes=\"(max-width: 300px) 100vw, 300px\" \/><h2 class=\"woocommerce-loop-product__title\">RSL Core su spauda<\/h2>\n\t<span class=\"price\"><span class=\"woocommerce-Price-amount amount\"><bdi><span class=\"woocommerce-Price-currencySymbol\">&euro;<\/span>49.95<\/bdi><\/span> <small class=\"woocommerce-price-suffix\">Su PVM<\/small><\/span>\n<\/a><a href=\"https:\/\/rslbaltic.eu\/en\/product\/rsl-core-su-spauda\/\" data-quantity=\"1\" class=\"button product_type_variable add_to_cart_button\" data-product_id=\"1176\" data-product_sku=\"202525-1\" aria-label=\"Select options for \u201cRSL Core su spauda\u201d\" rel=\"nofollow\" data-no-translation=\"\" data-trp-gettext=\"\" data-no-translation-aria-label=\"\">Select options<\/a><\/li>\n<\/ul>\n<\/div>\t\t\t\t<\/div>\n\t\t\t\t<\/div>\n\t\t\t\t\t<\/div>\n\t\t\t\t<\/div>\n\t\t\t\t<\/div>","protected":false},"excerpt":{"rendered":"<p>\u201eRSL Baltic&#8221; badmintono klubams teikiame visk\u0105, ko jiems reikia \u2013 nuo \u012frangos iki aprangos ir individualaus aptarnavimo. Nesvarbu, ar tai b\u016bt\u0173 raket\u0117s, klubo apranga, ar viso korto komplektai, mes esame \u010dia, kad pad\u0117tume jums rasti tobul\u0105 sprendim\u0105. Ie\u0161kote ka\u017eko konkretaus? Nedvejodami susisiekite su mumis tiesiogiai. Mes si\u016blome individualius sprendimus, pritaikytus unikaliems j\u016bs\u0173 klubo poreikiams. Bandomasis [&hellip;]<\/p>\n","protected":false},"author":1,"featured_media":0,"parent":0,"menu_order":0,"comment_status":"closed","ping_status":"closed","template":"","meta":{"footnotes":""},"class_list":["post-901","page","type-page","status-publish","hentry"],"aioseo_notices":[],"_hostinger_reach_plugin_has_subscription_block":false,"_hostinger_reach_plugin_is_elementor":false,"_links":{"self":[{"href":"https:\/\/rslbaltic.eu\/en\/wp-json\/wp\/v2\/pages\/901","targetHints":{"allow":["GET"]}}],"collection":[{"href":"https:\/\/rslbaltic.eu\/en\/wp-json\/wp\/v2\/pages"}],"about":[{"href":"https:\/\/rslbaltic.eu\/en\/wp-json\/wp\/v2\/types\/page"}],"author":[{"embeddable":true,"href":"https:\/\/rslbaltic.eu\/en\/wp-json\/wp\/v2\/users\/1"}],"replies":[{"embeddable":true,"href":"https:\/\/rslbaltic.eu\/en\/wp-json\/wp\/v2\/comments?post=901"}],"version-history":[{"count":13,"href":"https:\/\/rslbaltic.eu\/en\/wp-json\/wp\/v2\/pages\/901\/revisions"}],"predecessor-version":[{"id":1534,"href":"https:\/\/rslbaltic.eu\/en\/wp-json\/wp\/v2\/pages\/901\/revisions\/1534"}],"wp:attachment":[{"href":"https:\/\/rslbaltic.eu\/en\/wp-json\/wp\/v2\/media?parent=901"}],"curies":[{"name":"wp","href":"https:\/\/api.w.org\/{rel}","templated":true}]}}