{"id":1015,"date":"2026-01-13T14:45:43","date_gmt":"2026-01-13T14:45:43","guid":{"rendered":"https:\/\/rslbaltic.eu\/?post_type=product&#038;p=1015"},"modified":"2026-02-24T12:11:39","modified_gmt":"2026-02-24T12:11:39","slug":"rsl-vandens-gertuve","status":"publish","type":"product","link":"https:\/\/rslbaltic.eu\/en\/product\/rsl-vandens-gertuve\/","title":{"rendered":"RSL vandens gertuv\u0117"},"content":{"rendered":"<p>Spalva: permatoma su \u017ealiu RSL logotipu ir \u017ealiu plunksniniu kamuoliuku<br \/>\nSpalva: ruda su baltu RSL logotipu ir u\u017era\u0161u \u201ePASSION FOR ACTION\u201c<br \/>\nSpalva: m\u0117lyna su baltu RSL logotipu ir baltu plunksniniu kamuoliuku<br \/>\nTalpa: 0,5 litro<\/p>\n<p>Prakti\u0161ka ir lengva gertuv\u0117, idealiai tinkanti sportui ir treniruot\u0117ms.<br \/>\nSukurta lengvai pripildomai ir valomai.<\/p>","protected":false},"excerpt":{"rendered":"<p>Spalva: permatoma su \u017ealiu RSL logotipu ir \u017ealiu plunksniniu kamuoliuku<br \/>\nSpalva: ruda su baltu RSL logotipu ir u\u017era\u0161u \u201ePASSION FOR ACTION\u201c<br \/>\nSpalva: m\u0117lyna su baltu RSL logotipu ir baltu plunksniniu kamuoliuku<br \/>\nTalpa: 0,5 litro<\/p>\n<p>Prakti\u0161ka ir lengva gertuv\u0117, idealiai tinkanti sportui ir treniruot\u0117ms.<br \/>\nSukurta lengvai pripildomai ir valomai.<\/p>","protected":false},"featured_media":1021,"template":"","meta":[],"product_brand":[],"product_cat":[58],"product_tag":[],"class_list":{"0":"post-1015","1":"product","2":"type-product","3":"status-publish","4":"has-post-thumbnail","6":"product_cat-aksesuarai","8":"first","9":"onbackorder","10":"sale","11":"taxable","12":"shipping-taxable","13":"purchasable","14":"product-type-variable"},"aioseo_notices":[],"_links":{"self":[{"href":"https:\/\/rslbaltic.eu\/en\/wp-json\/wp\/v2\/product\/1015","targetHints":{"allow":["GET"]}}],"collection":[{"href":"https:\/\/rslbaltic.eu\/en\/wp-json\/wp\/v2\/product"}],"about":[{"href":"https:\/\/rslbaltic.eu\/en\/wp-json\/wp\/v2\/types\/product"}],"wp:featuredmedia":[{"embeddable":true,"href":"https:\/\/rslbaltic.eu\/en\/wp-json\/wp\/v2\/media\/1021"}],"wp:attachment":[{"href":"https:\/\/rslbaltic.eu\/en\/wp-json\/wp\/v2\/media?parent=1015"}],"wp:term":[{"taxonomy":"product_brand","embeddable":true,"href":"https:\/\/rslbaltic.eu\/en\/wp-json\/wp\/v2\/product_brand?post=1015"},{"taxonomy":"product_cat","embeddable":true,"href":"https:\/\/rslbaltic.eu\/en\/wp-json\/wp\/v2\/product_cat?post=1015"},{"taxonomy":"product_tag","embeddable":true,"href":"https:\/\/rslbaltic.eu\/en\/wp-json\/wp\/v2\/product_tag?post=1015"}],"curies":[{"name":"wp","href":"https:\/\/api.w.org\/{rel}","templated":true}]}}