{"id":1022,"date":"2026-01-13T14:49:22","date_gmt":"2026-01-13T14:49:22","guid":{"rendered":"https:\/\/rslbaltic.eu\/?post_type=product&#038;p=1022"},"modified":"2026-02-24T12:10:21","modified_gmt":"2026-02-24T12:10:21","slug":"rsl-riesine","status":"publish","type":"product","link":"https:\/\/rslbaltic.eu\/en\/product\/rsl-riesine\/","title":{"rendered":"RSL rie\u0161in\u0117"},"content":{"rendered":"<p>Prek\u0117s nr. 309<br \/>\nSpalvos: juoda, balta, raudona<\/p>\n<p>Mink\u0161ta ir patogi apyrank\u0117, skirta prakaitui sulaikyti treniruo\u010di\u0173 ir rungtyni\u0173 metu.<br \/>\nIdealiai tinka badmintonui ir kitoms sporto \u0161akoms.<\/p>","protected":false},"excerpt":{"rendered":"<p>Prek\u0117s nr. 309<br \/>\nSpalvos: juoda, balta, raudona<\/p>\n<p>Mink\u0161ta ir patogi apyrank\u0117, skirta prakaitui sulaikyti treniruo\u010di\u0173 ir rungtyni\u0173 metu.<br \/>\nIdealiai tinka badmintonui ir kitoms sporto \u0161akoms.<\/p>","protected":false},"featured_media":1026,"template":"","meta":[],"product_brand":[],"product_cat":[58],"product_tag":[],"class_list":{"0":"post-1022","1":"product","2":"type-product","3":"status-publish","4":"has-post-thumbnail","6":"product_cat-aksesuarai","8":"first","9":"onbackorder","10":"sale","11":"taxable","12":"shipping-taxable","13":"purchasable","14":"product-type-variable"},"aioseo_notices":[],"_links":{"self":[{"href":"https:\/\/rslbaltic.eu\/en\/wp-json\/wp\/v2\/product\/1022","targetHints":{"allow":["GET"]}}],"collection":[{"href":"https:\/\/rslbaltic.eu\/en\/wp-json\/wp\/v2\/product"}],"about":[{"href":"https:\/\/rslbaltic.eu\/en\/wp-json\/wp\/v2\/types\/product"}],"wp:featuredmedia":[{"embeddable":true,"href":"https:\/\/rslbaltic.eu\/en\/wp-json\/wp\/v2\/media\/1026"}],"wp:attachment":[{"href":"https:\/\/rslbaltic.eu\/en\/wp-json\/wp\/v2\/media?parent=1022"}],"wp:term":[{"taxonomy":"product_brand","embeddable":true,"href":"https:\/\/rslbaltic.eu\/en\/wp-json\/wp\/v2\/product_brand?post=1022"},{"taxonomy":"product_cat","embeddable":true,"href":"https:\/\/rslbaltic.eu\/en\/wp-json\/wp\/v2\/product_cat?post=1022"},{"taxonomy":"product_tag","embeddable":true,"href":"https:\/\/rslbaltic.eu\/en\/wp-json\/wp\/v2\/product_tag?post=1022"}],"curies":[{"name":"wp","href":"https:\/\/api.w.org\/{rel}","templated":true}]}}