{"id":1029,"date":"2026-01-13T14:52:43","date_gmt":"2026-01-13T14:52:43","guid":{"rendered":"https:\/\/rslbaltic.eu\/?post_type=product&#038;p=1029"},"modified":"2026-02-24T12:08:41","modified_gmt":"2026-02-24T12:08:41","slug":"rsl-galvos-juosta","status":"publish","type":"product","link":"https:\/\/rslbaltic.eu\/en\/product\/rsl-galvos-juosta\/","title":{"rendered":"RSL galvos juosta"},"content":{"rendered":"<p>Galima \u012fsigyti juodos ir baltos spalv\u0173.<br \/>\nStilius Nr. 310<\/p>\n<p>Mink\u0161ta ir patogi galvos juosta, skirta apsaugoti veid\u0105 nuo prakaito treniruo\u010di\u0173 ir rungtyni\u0173 metu.<br \/>\nIdealiai tinka badmintonui ir kitoms sporto \u0161akoms.<br \/>\nPagaminta i\u0161 elastingos ir kv\u0117puojan\u010dios med\u017eiagos, kad b\u016bt\u0173 optimaliai priglud\u0119s ir patogus.<\/p>","protected":false},"excerpt":{"rendered":"<p>Galima \u012fsigyti juodos ir baltos spalv\u0173.<br \/>\nStilius Nr. 310<\/p>\n<p>Mink\u0161ta ir patogi galvos juosta, skirta apsaugoti veid\u0105 nuo prakaito treniruo\u010di\u0173 ir rungtyni\u0173 metu.<br \/>\nIdealiai tinka badmintonui ir kitoms sporto \u0161akoms.<br \/>\nPagaminta i\u0161 elastingos ir kv\u0117puojan\u010dios med\u017eiagos, kad b\u016bt\u0173 optimaliai priglud\u0119s ir patogus.<\/p>","protected":false},"featured_media":1030,"template":"","meta":[],"product_brand":[],"product_cat":[58],"product_tag":[],"class_list":{"0":"post-1029","1":"product","2":"type-product","3":"status-publish","4":"has-post-thumbnail","6":"product_cat-aksesuarai","8":"first","9":"onbackorder","10":"sale","11":"taxable","12":"shipping-taxable","13":"purchasable","14":"product-type-variable"},"aioseo_notices":[],"_links":{"self":[{"href":"https:\/\/rslbaltic.eu\/en\/wp-json\/wp\/v2\/product\/1029","targetHints":{"allow":["GET"]}}],"collection":[{"href":"https:\/\/rslbaltic.eu\/en\/wp-json\/wp\/v2\/product"}],"about":[{"href":"https:\/\/rslbaltic.eu\/en\/wp-json\/wp\/v2\/types\/product"}],"wp:featuredmedia":[{"embeddable":true,"href":"https:\/\/rslbaltic.eu\/en\/wp-json\/wp\/v2\/media\/1030"}],"wp:attachment":[{"href":"https:\/\/rslbaltic.eu\/en\/wp-json\/wp\/v2\/media?parent=1029"}],"wp:term":[{"taxonomy":"product_brand","embeddable":true,"href":"https:\/\/rslbaltic.eu\/en\/wp-json\/wp\/v2\/product_brand?post=1029"},{"taxonomy":"product_cat","embeddable":true,"href":"https:\/\/rslbaltic.eu\/en\/wp-json\/wp\/v2\/product_cat?post=1029"},{"taxonomy":"product_tag","embeddable":true,"href":"https:\/\/rslbaltic.eu\/en\/wp-json\/wp\/v2\/product_tag?post=1029"}],"curies":[{"name":"wp","href":"https:\/\/api.w.org\/{rel}","templated":true}]}}