{"id":1035,"date":"2026-01-13T15:18:27","date_gmt":"2026-01-13T15:18:27","guid":{"rendered":"https:\/\/rslbaltic.eu\/?post_type=product&#038;p=1035"},"modified":"2026-04-13T17:00:31","modified_gmt":"2026-04-13T17:00:31","slug":"rsl-pulse-gt-80x","status":"publish","type":"product","link":"https:\/\/rslbaltic.eu\/en\/product\/rsl-pulse-gt-80x\/","title":{"rendered":"RSL Pulse GT-80X"},"content":{"rendered":"<p>RSL Pulse GT 80X \u2013 tai auk\u0161\u010diausios kokyb\u0117s raket\u0117, skirta reikliems \u017eaid\u0117jams, siekiantiems maksimalios galios ir stabilumo \u017eaidime.<\/p>\n<p>Sunki galvute balansuota raket\u0117 suteikia papildomos galios puolime, o standus lankstumas u\u017etikrina tiksl\u0173 ir kontroliuojam\u0105 gr\u012f\u017etam\u0105j\u012f ry\u0161\u012f sm\u016bgi\u0173 metu.<\/p>\n<p>Kotas pagamintas i\u0161 tvirto 6,5 mm skersmens r\u0117mo, pasi\u017eymin\u010dio i\u0161skirtiniu stabilumu ir puikiu kontrol\u0117s poj\u016b\u010diu. Standumas suma\u017eina vibracij\u0105 ir suteikia patogesn\u0119 \u017eaidimo patirt\u012f \u2013 puikiai tinka \u017eaid\u0117jams, norintiems suderinti gali\u0105, tikslum\u0105 ir gryn\u0105 \u017eaidimo malonum\u0105 auk\u0161\u010diausiu lygiu.<\/p>","protected":false},"excerpt":{"rendered":"<p><img decoding=\"async\" class=\"alignnone size-medium wp-image-1426\" src=\"https:\/\/rslbaltic.eu\/wp-content\/uploads\/2026\/01\/PULSE-80-SCHEMA-300x128.jpg\" alt=\"\" width=\"300\" height=\"128\" srcset=\"https:\/\/rslbaltic.eu\/wp-content\/uploads\/2026\/01\/PULSE-80-SCHEMA-300x128.jpg 300w, https:\/\/rslbaltic.eu\/wp-content\/uploads\/2026\/01\/PULSE-80-SCHEMA-1024x436.jpg 1024w, https:\/\/rslbaltic.eu\/wp-content\/uploads\/2026\/01\/PULSE-80-SCHEMA-768x327.jpg 768w, https:\/\/rslbaltic.eu\/wp-content\/uploads\/2026\/01\/PULSE-80-SCHEMA-1536x653.jpg 1536w, https:\/\/rslbaltic.eu\/wp-content\/uploads\/2026\/01\/PULSE-80-SCHEMA-18x8.jpg 18w, https:\/\/rslbaltic.eu\/wp-content\/uploads\/2026\/01\/PULSE-80-SCHEMA-600x255.jpg 600w, https:\/\/rslbaltic.eu\/wp-content\/uploads\/2026\/01\/PULSE-80-SCHEMA-130x55.jpg 130w, https:\/\/rslbaltic.eu\/wp-content\/uploads\/2026\/01\/PULSE-80-SCHEMA.jpg 1815w\" sizes=\"(max-width: 300px) 100vw, 300px\" \/><\/p>","protected":false},"featured_media":1039,"template":"","meta":[],"product_brand":[],"product_cat":[73],"product_tag":[],"class_list":{"0":"post-1035","1":"product","2":"type-product","3":"status-publish","4":"has-post-thumbnail","6":"product_cat-rsl-pulse-series","8":"first","9":"onbackorder","10":"sale","11":"taxable","12":"shipping-taxable","13":"purchasable","14":"product-type-simple"},"aioseo_notices":[],"_links":{"self":[{"href":"https:\/\/rslbaltic.eu\/en\/wp-json\/wp\/v2\/product\/1035","targetHints":{"allow":["GET"]}}],"collection":[{"href":"https:\/\/rslbaltic.eu\/en\/wp-json\/wp\/v2\/product"}],"about":[{"href":"https:\/\/rslbaltic.eu\/en\/wp-json\/wp\/v2\/types\/product"}],"wp:featuredmedia":[{"embeddable":true,"href":"https:\/\/rslbaltic.eu\/en\/wp-json\/wp\/v2\/media\/1039"}],"wp:attachment":[{"href":"https:\/\/rslbaltic.eu\/en\/wp-json\/wp\/v2\/media?parent=1035"}],"wp:term":[{"taxonomy":"product_brand","embeddable":true,"href":"https:\/\/rslbaltic.eu\/en\/wp-json\/wp\/v2\/product_brand?post=1035"},{"taxonomy":"product_cat","embeddable":true,"href":"https:\/\/rslbaltic.eu\/en\/wp-json\/wp\/v2\/product_cat?post=1035"},{"taxonomy":"product_tag","embeddable":true,"href":"https:\/\/rslbaltic.eu\/en\/wp-json\/wp\/v2\/product_tag?post=1035"}],"curies":[{"name":"wp","href":"https:\/\/api.w.org\/{rel}","templated":true}]}}