{"id":1040,"date":"2026-01-13T15:22:17","date_gmt":"2026-01-13T15:22:17","guid":{"rendered":"https:\/\/rslbaltic.eu\/?post_type=product&#038;p=1040"},"modified":"2026-01-13T15:22:17","modified_gmt":"2026-01-13T15:22:17","slug":"rsl-master-speed-10000-v2","status":"publish","type":"product","link":"https:\/\/rslbaltic.eu\/en\/product\/rsl-master-speed-10000-v2\/","title":{"rendered":"RSL Master Speed 10000 V2"},"content":{"rendered":"<p>RSL Master Speed \u200b\u200b10000 V2<\/p>\n<p>Balansas: 300 mm (sunki galva)<br \/>\nLankstumas: Ypa\u010d standus<br \/>\n\u017daid\u0117jo tipas: Pa\u017eengusiems ir elitiniams \u017eaid\u0117jams<br \/>\nSvoris: 3U<br \/>\nMaksimalus styg\u0173 \u012ftempimas: Iki 30 svar\u0173 (13,5 kg)<\/p>\n<p>Tiekiama be dangtelio<\/p>\n<p>Pakelkite savo \u017eaidim\u0105 \u012f kit\u0105 lyg\u012f su RSL Master Speed \u200b\u200b10000 V2 \u2013 galinga rakete, sukurta pa\u017eengusiems ir elitiniams \u017eaid\u0117jams, kuriems reikalingas tikslumas, kontrol\u0117 ir maksimali sm\u016bgio j\u0117ga.<br \/>\n300 mm svorio galva balansuoja sprogstam\u0105j\u0105 j\u0117g\u0105, o ypa\u010d standus kotas u\u017etikrina puiki\u0105 kontrol\u0119 ir tikslum\u0105 techni\u0161kiems \u017eaid\u0117jams. Su itin plonu kotu, kuris suma\u017eina oro pasiprie\u0161inim\u0105 ir leid\u017eia grei\u010diau smogti, bei apsaugos nuo susisukimo sistema, kuri padidina patvarum\u0105 ir stabilum\u0105.<br \/>\nPagaminta i\u0161 polimatricos anglies pluo\u0161to, kad r\u0117mas b\u016bt\u0173 19 % tvirtesnis, ir su rauk\u0161li\u0173 neturin\u010dia technologija, kad kotas b\u016bt\u0173 lankstesnis ir patogesnis, \u0161i raket\u0117 pasi\u017eymi puikiu galios ir tikslumo deriniu.<br \/>\nIdealus pasirinkimas \u017eaid\u0117jams, ie\u0161kantiems galingos, stabilios ir didelio na\u0161umo raket\u0117s, kuri dominuoja kiekviename ralyje.<\/p>","protected":false},"excerpt":{"rendered":"<p>RSL Master Speed \u200b\u200b10000 V2<\/p>\n<p>Balansas: 300 mm (sunki galva)<br \/>\nLankstumas: Ypa\u010d standus<br \/>\n\u017daid\u0117jo tipas: Pa\u017eengusiems ir elitiniams \u017eaid\u0117jams<br \/>\nSvoris: 3U<br \/>\nMaksimalus styg\u0173 \u012ftempimas: Iki 30 svar\u0173 (13,5 kg)<\/p>\n<p>Tiekiama be dangtelio<\/p>\n<p>Pakelkite savo \u017eaidim\u0105 \u012f kit\u0105 lyg\u012f su RSL Master Speed \u200b\u200b10000 V2 \u2013 galinga rakete, sukurta pa\u017eengusiems ir elitiniams \u017eaid\u0117jams, kuriems reikalingas tikslumas, kontrol\u0117 ir maksimali sm\u016bgio j\u0117ga.<br \/>\n300 mm svorio galva balansuoja sprogstam\u0105j\u0105 j\u0117g\u0105, o ypa\u010d standus kotas u\u017etikrina puiki\u0105 kontrol\u0119 ir tikslum\u0105 techni\u0161kiems \u017eaid\u0117jams. Su itin plonu kotu, kuris suma\u017eina oro pasiprie\u0161inim\u0105 ir leid\u017eia grei\u010diau smogti, bei apsaugos nuo susisukimo sistema, kuri padidina patvarum\u0105 ir stabilum\u0105.<br \/>\nPagaminta i\u0161 polimatricos anglies pluo\u0161to, kad r\u0117mas b\u016bt\u0173 19 % tvirtesnis, ir su rauk\u0161li\u0173 neturin\u010dia technologija, kad kotas b\u016bt\u0173 lankstesnis ir patogesnis, \u0161i raket\u0117 pasi\u017eymi puikiu galios ir tikslumo deriniu.<br \/>\nIdealus pasirinkimas \u017eaid\u0117jams, ie\u0161kantiems galingos, stabilios ir didelio na\u0161umo raket\u0117s, kuri dominuoja kiekviename ralyje.<\/p>","protected":false},"featured_media":1041,"template":"","meta":[],"product_brand":[],"product_cat":[61],"product_tag":[],"class_list":{"0":"post-1040","1":"product","2":"type-product","3":"status-publish","4":"has-post-thumbnail","6":"product_cat-raketes","8":"first","9":"onbackorder","10":"taxable","11":"shipping-taxable","12":"purchasable","13":"product-type-simple"},"aioseo_notices":[],"_links":{"self":[{"href":"https:\/\/rslbaltic.eu\/en\/wp-json\/wp\/v2\/product\/1040","targetHints":{"allow":["GET"]}}],"collection":[{"href":"https:\/\/rslbaltic.eu\/en\/wp-json\/wp\/v2\/product"}],"about":[{"href":"https:\/\/rslbaltic.eu\/en\/wp-json\/wp\/v2\/types\/product"}],"wp:featuredmedia":[{"embeddable":true,"href":"https:\/\/rslbaltic.eu\/en\/wp-json\/wp\/v2\/media\/1041"}],"wp:attachment":[{"href":"https:\/\/rslbaltic.eu\/en\/wp-json\/wp\/v2\/media?parent=1040"}],"wp:term":[{"taxonomy":"product_brand","embeddable":true,"href":"https:\/\/rslbaltic.eu\/en\/wp-json\/wp\/v2\/product_brand?post=1040"},{"taxonomy":"product_cat","embeddable":true,"href":"https:\/\/rslbaltic.eu\/en\/wp-json\/wp\/v2\/product_cat?post=1040"},{"taxonomy":"product_tag","embeddable":true,"href":"https:\/\/rslbaltic.eu\/en\/wp-json\/wp\/v2\/product_tag?post=1040"}],"curies":[{"name":"wp","href":"https:\/\/api.w.org\/{rel}","templated":true}]}}