{"id":1042,"date":"2026-01-13T15:25:04","date_gmt":"2026-01-13T15:25:04","guid":{"rendered":"https:\/\/rslbaltic.eu\/?post_type=product&#038;p=1042"},"modified":"2026-01-13T15:25:04","modified_gmt":"2026-01-13T15:25:04","slug":"rsl-master-speed-9900","status":"publish","type":"product","link":"https:\/\/rslbaltic.eu\/en\/product\/rsl-master-speed-9900\/","title":{"rendered":"RSL Master Speed 9900"},"content":{"rendered":"<p>RSL Master Speed \u200b\u200b9900<\/p>\n<p>Balansas: 292 mm (su priekiniu \u017eibintu)<br \/>\nLankstumas: Vidutinio standumo<br \/>\n\u017daid\u0117jo tipas: Universaliems badmintono \u017eaid\u0117jams<br \/>\nSvoris: 4U<br \/>\nMaksimalus styg\u0173 \u012ftempimas: Iki 30 svar\u0173 (13,5 kg)<\/p>\n<p>Tiekiama be dangtelio<\/p>\n<p>RSL Master Speed \u200b\u200b9900 yra universali raket\u0117, si\u016blanti tobul\u0105 pusiausvyr\u0105 tarp galios ir kontrol\u0117s. D\u0117l galvos \u017eibinto konstrukcijos, vidutinio standumo koto ir itin plonos konstrukcijos ji u\u017etikrina \u017eaibi\u0161k\u0105 valdym\u0105 ir lengv\u0105 \u017eaidimo poj\u016bt\u012f.<br \/>\n\u0160i raket\u0117, derindama greit\u012f, stabilum\u0105 ir lankstum\u0105, leid\u017eia greitai reaguoti atliekant greitus kamuoliuko perdavimus, tuo pa\u010diu i\u0161laikant tvirt\u0105 gali\u0105 atliekant atakuojan\u010dius sm\u016bgius. Apr\u016bpinta itin plonu kotu greitesniems sm\u016bgiams, apsaugos nuo susisukimo sistema geresniam patvarumui, polimatricos anglies pluo\u0161tu 19 % tvirtesniam r\u0117mui ir rauk\u0161li\u0173 neturin\u010dia technologija didesniam koto lankstumui ir sklandesniam veikimui.<br \/>\nAuk\u0161\u010diausios klas\u0117s universali raket\u0117 \u017eaid\u0117jams, norintiems grei\u010dio, kontrol\u0117s ir galios \u2013 visa tai viename dinami\u0161kame dizaine.<\/p>","protected":false},"excerpt":{"rendered":"<p>RSL Master Speed \u200b\u200b9900<\/p>\n<p>Balansas: 292 mm (su priekiniu \u017eibintu)<br \/>\nLankstumas: Vidutinio standumo<br \/>\n\u017daid\u0117jo tipas: Universaliems badmintono \u017eaid\u0117jams<br \/>\nSvoris: 4U<br \/>\nMaksimalus styg\u0173 \u012ftempimas: Iki 30 svar\u0173 (13,5 kg)<\/p>\n<p>Tiekiama be dangtelio<\/p>\n<p>RSL Master Speed \u200b\u200b9900 yra universali raket\u0117, si\u016blanti tobul\u0105 pusiausvyr\u0105 tarp galios ir kontrol\u0117s. D\u0117l galvos \u017eibinto konstrukcijos, vidutinio standumo koto ir itin plonos konstrukcijos ji u\u017etikrina \u017eaibi\u0161k\u0105 valdym\u0105 ir lengv\u0105 \u017eaidimo poj\u016bt\u012f.<br \/>\n\u0160i raket\u0117, derindama greit\u012f, stabilum\u0105 ir lankstum\u0105, leid\u017eia greitai reaguoti atliekant greitus kamuoliuko perdavimus, tuo pa\u010diu i\u0161laikant tvirt\u0105 gali\u0105 atliekant atakuojan\u010dius sm\u016bgius. Apr\u016bpinta itin plonu kotu greitesniems sm\u016bgiams, apsaugos nuo susisukimo sistema geresniam patvarumui, polimatricos anglies pluo\u0161tu 19 % tvirtesniam r\u0117mui ir rauk\u0161li\u0173 neturin\u010dia technologija didesniam koto lankstumui ir sklandesniam veikimui.<br \/>\nAuk\u0161\u010diausios klas\u0117s universali raket\u0117 \u017eaid\u0117jams, norintiems grei\u010dio, kontrol\u0117s ir galios \u2013 visa tai viename dinami\u0161kame dizaine.<\/p>","protected":false},"featured_media":1043,"template":"","meta":[],"product_brand":[],"product_cat":[61],"product_tag":[],"class_list":{"0":"post-1042","1":"product","2":"type-product","3":"status-publish","4":"has-post-thumbnail","6":"product_cat-raketes","8":"first","9":"onbackorder","10":"taxable","11":"shipping-taxable","12":"purchasable","13":"product-type-simple"},"aioseo_notices":[],"_links":{"self":[{"href":"https:\/\/rslbaltic.eu\/en\/wp-json\/wp\/v2\/product\/1042","targetHints":{"allow":["GET"]}}],"collection":[{"href":"https:\/\/rslbaltic.eu\/en\/wp-json\/wp\/v2\/product"}],"about":[{"href":"https:\/\/rslbaltic.eu\/en\/wp-json\/wp\/v2\/types\/product"}],"wp:featuredmedia":[{"embeddable":true,"href":"https:\/\/rslbaltic.eu\/en\/wp-json\/wp\/v2\/media\/1043"}],"wp:attachment":[{"href":"https:\/\/rslbaltic.eu\/en\/wp-json\/wp\/v2\/media?parent=1042"}],"wp:term":[{"taxonomy":"product_brand","embeddable":true,"href":"https:\/\/rslbaltic.eu\/en\/wp-json\/wp\/v2\/product_brand?post=1042"},{"taxonomy":"product_cat","embeddable":true,"href":"https:\/\/rslbaltic.eu\/en\/wp-json\/wp\/v2\/product_cat?post=1042"},{"taxonomy":"product_tag","embeddable":true,"href":"https:\/\/rslbaltic.eu\/en\/wp-json\/wp\/v2\/product_tag?post=1042"}],"curies":[{"name":"wp","href":"https:\/\/api.w.org\/{rel}","templated":true}]}}