{"id":1044,"date":"2026-01-13T15:34:45","date_gmt":"2026-01-13T15:34:45","guid":{"rendered":"https:\/\/rslbaltic.eu\/?post_type=product&#038;p=1044"},"modified":"2026-01-13T15:42:47","modified_gmt":"2026-01-13T15:42:47","slug":"rsl-gravite-ga-944","status":"publish","type":"product","link":"https:\/\/rslbaltic.eu\/en\/product\/rsl-gravite-ga-944\/","title":{"rendered":"RSL Gravite GA-944"},"content":{"rendered":"<p>RSL Gravite GA-944<\/p>\n<p>Balansas: 288 mm (su priekiniu \u017eibintu)<br \/>\nLankstumas: Tvirtas<br \/>\n\u017daid\u0117jo tipas: Pa\u017eengusiems badmintono \u017eaid\u0117jams<br \/>\nSvoris: 3U<br \/>\nMaksimalus styg\u0173 \u012ftempimas: Iki 13 kg<\/p>\n<p>Tiekiama be dangtelio<\/p>\n<p>RSL Gravite GA-944 skirta pa\u017eengusiems badmintono \u017eaid\u0117jams, kurie vertina greit\u012f ir greit\u0105 raket\u0117s valdym\u0105, neaukodami galios. J\u0117ga atsiranda d\u0117l tvirto raket\u0117s svorio, o galvos \u017eibinto balansas u\u017etikrina \u017eaibi\u0161k\u0105 raket\u0117s jud\u0117jim\u0105 ir skland\u0173 valdym\u0105 \u017eaidimo metu.<br \/>\nD\u0117l standaus lankstumo \u012fgyjate puiki\u0105 kontrol\u0119 ir tikslum\u0105, u\u017etikrindami puik\u0173 stabilumo ir prisilietimo poj\u016bt\u012f kiekviename sm\u016bgyje. Raket\u0117, kuri apdovanoja techni\u0161kai \u012fgudusius \u017eaid\u0117jus grei\u010diu, tikslumu ir lengvu, reaguojan\u010diu poj\u016b\u010diu.<\/p>","protected":false},"excerpt":{"rendered":"<p>RSL Gravite GA-944<\/p>\n<p>Balansas: 288 mm (su priekiniu \u017eibintu)<br \/>\nLankstumas: Tvirtas<br \/>\n\u017daid\u0117jo tipas: Pa\u017eengusiems badmintono \u017eaid\u0117jams<br \/>\nSvoris: 3U<br \/>\nMaksimalus styg\u0173 \u012ftempimas: Iki 13 kg<\/p>\n<p>Tiekiama be dangtelio<\/p>\n<p>RSL Gravite GA-944 skirta pa\u017eengusiems badmintono \u017eaid\u0117jams, kurie vertina greit\u012f ir greit\u0105 raket\u0117s valdym\u0105, neaukodami galios. J\u0117ga atsiranda d\u0117l tvirto raket\u0117s svorio, o galvos \u017eibinto balansas u\u017etikrina \u017eaibi\u0161k\u0105 raket\u0117s jud\u0117jim\u0105 ir skland\u0173 valdym\u0105 \u017eaidimo metu.<br \/>\nD\u0117l standaus lankstumo \u012fgyjate puiki\u0105 kontrol\u0119 ir tikslum\u0105, u\u017etikrindami puik\u0173 stabilumo ir prisilietimo poj\u016bt\u012f kiekviename sm\u016bgyje. Raket\u0117, kuri apdovanoja techni\u0161kai \u012fgudusius \u017eaid\u0117jus grei\u010diu, tikslumu ir lengvu, reaguojan\u010diu poj\u016b\u010diu.<\/p>","protected":false},"featured_media":1048,"template":"","meta":[],"product_brand":[],"product_cat":[61],"product_tag":[],"class_list":{"0":"post-1044","1":"product","2":"type-product","3":"status-publish","4":"has-post-thumbnail","6":"product_cat-raketes","8":"first","9":"onbackorder","10":"taxable","11":"shipping-taxable","12":"purchasable","13":"product-type-simple"},"aioseo_notices":[],"_links":{"self":[{"href":"https:\/\/rslbaltic.eu\/en\/wp-json\/wp\/v2\/product\/1044","targetHints":{"allow":["GET"]}}],"collection":[{"href":"https:\/\/rslbaltic.eu\/en\/wp-json\/wp\/v2\/product"}],"about":[{"href":"https:\/\/rslbaltic.eu\/en\/wp-json\/wp\/v2\/types\/product"}],"wp:featuredmedia":[{"embeddable":true,"href":"https:\/\/rslbaltic.eu\/en\/wp-json\/wp\/v2\/media\/1048"}],"wp:attachment":[{"href":"https:\/\/rslbaltic.eu\/en\/wp-json\/wp\/v2\/media?parent=1044"}],"wp:term":[{"taxonomy":"product_brand","embeddable":true,"href":"https:\/\/rslbaltic.eu\/en\/wp-json\/wp\/v2\/product_brand?post=1044"},{"taxonomy":"product_cat","embeddable":true,"href":"https:\/\/rslbaltic.eu\/en\/wp-json\/wp\/v2\/product_cat?post=1044"},{"taxonomy":"product_tag","embeddable":true,"href":"https:\/\/rslbaltic.eu\/en\/wp-json\/wp\/v2\/product_tag?post=1044"}],"curies":[{"name":"wp","href":"https:\/\/api.w.org\/{rel}","templated":true}]}}