{"id":1049,"date":"2026-01-13T15:39:13","date_gmt":"2026-01-13T15:39:13","guid":{"rendered":"https:\/\/rslbaltic.eu\/?post_type=product&#038;p=1049"},"modified":"2026-01-13T15:42:38","modified_gmt":"2026-01-13T15:42:38","slug":"rsl-master-speed-9000-v2","status":"publish","type":"product","link":"https:\/\/rslbaltic.eu\/en\/product\/rsl-master-speed-9000-v2\/","title":{"rendered":"RSL Master Speed 9000 V2"},"content":{"rendered":"<p>RSL Master Speed \u200b\u200b9000 V2<\/p>\n<p>Balansas: 292 mm (su priekiniu \u017eibintu)<br \/>\nLankstumas: Tvirtas<br \/>\n\u017daid\u0117jo tipas: \u017daid\u0117jams, kuriems svarbiausia greitis ir kontrol\u0117<br \/>\nSvoris: 4U<br \/>\nMaksimalus styg\u0173 \u012ftempimas: Iki 30 svar\u0173 (13,5 kg)<\/p>\n<p>Tiekiama be dangtelio<\/p>\n<p>RSL Master Speed \u200b\u200b9000 V2 skirta \u017eaid\u0117jams, kurie vertina greit\u012f, tikslum\u0105 ir greit\u0105 raket\u0117s valdym\u0105. Jos lengvas balansas u\u017etikrina \u017eaibi\u0161k\u0105 reakcij\u0105 ir i\u0161skirtin\u012f manevringum\u0105, o standus kotas \u2013 i\u0161skirtin\u0119 kiekvieno sm\u016bgio kontrol\u0119.<br \/>\nRaket\u0117 turi itin plon\u0105 kot\u0105, kuris suma\u017eina oro pasiprie\u0161inim\u0105 ir padidina sm\u016bgio greit\u012f, bei apsaugos nuo susisukimo sistem\u0105, kuri padidina patvarum\u0105 ir stabilum\u0105. Polimatricin\u0117s anglies pluo\u0161to r\u0117mo konstrukcija padaro j\u0105 19 % tvirtesn\u0119 ir suteikia papildomo standumo, o \u201eWrinkle Free\u201c technologija pagerina koto lankstum\u0105, kad b\u016bt\u0173 geresnis poj\u016btis ir gr\u012f\u017etamasis ry\u0161ys.<br \/>\nTikrai kontroliuojama raket\u0117, idealiai tinkanti techni\u0161kiems \u017eaid\u0117jams, ie\u0161kantiems grei\u010dio, tikslumo ir lengvo valdymo aik\u0161tel\u0117je.<\/p>","protected":false},"excerpt":{"rendered":"<p>RSL Master Speed \u200b\u200b9000 V2<\/p>\n<p>Balansas: 292 mm (su priekiniu \u017eibintu)<br \/>\nLankstumas: Tvirtas<br \/>\n\u017daid\u0117jo tipas: \u017daid\u0117jams, kuriems svarbiausia greitis ir kontrol\u0117<br \/>\nSvoris: 4U<br \/>\nMaksimalus styg\u0173 \u012ftempimas: Iki 30 svar\u0173 (13,5 kg)<\/p>\n<p>Tiekiama be dangtelio<\/p>\n<p>RSL Master Speed \u200b\u200b9000 V2 skirta \u017eaid\u0117jams, kurie vertina greit\u012f, tikslum\u0105 ir greit\u0105 raket\u0117s valdym\u0105. Jos lengvas balansas u\u017etikrina \u017eaibi\u0161k\u0105 reakcij\u0105 ir i\u0161skirtin\u012f manevringum\u0105, o standus kotas \u2013 i\u0161skirtin\u0119 kiekvieno sm\u016bgio kontrol\u0119.<br \/>\nRaket\u0117 turi itin plon\u0105 kot\u0105, kuris suma\u017eina oro pasiprie\u0161inim\u0105 ir padidina sm\u016bgio greit\u012f, bei apsaugos nuo susisukimo sistem\u0105, kuri padidina patvarum\u0105 ir stabilum\u0105. Polimatricin\u0117s anglies pluo\u0161to r\u0117mo konstrukcija padaro j\u0105 19 % tvirtesn\u0119 ir suteikia papildomo standumo, o \u201eWrinkle Free\u201c technologija pagerina koto lankstum\u0105, kad b\u016bt\u0173 geresnis poj\u016btis ir gr\u012f\u017etamasis ry\u0161ys.<br \/>\nTikrai kontroliuojama raket\u0117, idealiai tinkanti techni\u0161kiems \u017eaid\u0117jams, ie\u0161kantiems grei\u010dio, tikslumo ir lengvo valdymo aik\u0161tel\u0117je.<\/p>","protected":false},"featured_media":1053,"template":"","meta":[],"product_brand":[],"product_cat":[61],"product_tag":[],"class_list":{"0":"post-1049","1":"product","2":"type-product","3":"status-publish","4":"has-post-thumbnail","6":"product_cat-raketes","8":"first","9":"onbackorder","10":"taxable","11":"shipping-taxable","12":"purchasable","13":"product-type-simple"},"aioseo_notices":[],"_links":{"self":[{"href":"https:\/\/rslbaltic.eu\/en\/wp-json\/wp\/v2\/product\/1049","targetHints":{"allow":["GET"]}}],"collection":[{"href":"https:\/\/rslbaltic.eu\/en\/wp-json\/wp\/v2\/product"}],"about":[{"href":"https:\/\/rslbaltic.eu\/en\/wp-json\/wp\/v2\/types\/product"}],"wp:featuredmedia":[{"embeddable":true,"href":"https:\/\/rslbaltic.eu\/en\/wp-json\/wp\/v2\/media\/1053"}],"wp:attachment":[{"href":"https:\/\/rslbaltic.eu\/en\/wp-json\/wp\/v2\/media?parent=1049"}],"wp:term":[{"taxonomy":"product_brand","embeddable":true,"href":"https:\/\/rslbaltic.eu\/en\/wp-json\/wp\/v2\/product_brand?post=1049"},{"taxonomy":"product_cat","embeddable":true,"href":"https:\/\/rslbaltic.eu\/en\/wp-json\/wp\/v2\/product_cat?post=1049"},{"taxonomy":"product_tag","embeddable":true,"href":"https:\/\/rslbaltic.eu\/en\/wp-json\/wp\/v2\/product_tag?post=1049"}],"curies":[{"name":"wp","href":"https:\/\/api.w.org\/{rel}","templated":true}]}}