{"id":1054,"date":"2026-01-13T15:42:17","date_gmt":"2026-01-13T15:42:17","guid":{"rendered":"https:\/\/rslbaltic.eu\/?post_type=product&#038;p=1054"},"modified":"2026-01-13T15:42:17","modified_gmt":"2026-01-13T15:42:17","slug":"rsl-master-speed-8000","status":"publish","type":"product","link":"https:\/\/rslbaltic.eu\/en\/product\/rsl-master-speed-8000\/","title":{"rendered":"RSL Master Speed 8000"},"content":{"rendered":"<p>RSL Master Speed \u200b\u200b8000<\/p>\n<p>Svoris: 85\u201389 g<br \/>\nBalansas: 300 mm (galvos svorio)<br \/>\nLankstumas: Tvirtas<br \/>\n\u017daid\u0117jo tipas: Patyrusiems arba turnyro \/ elitiniams \u017eaid\u0117jams<\/p>\n<p>Tiekiama be dangtelio<\/p>\n<p>RSL Master Speed \u200b\u200b8000 yra galinga raket\u0117, skirta pa\u017eengusiems ir elitiniams \u017eaid\u0117jams, ie\u0161kantiems maksimalios galios kartu su kontrole ir tikslumu.<br \/>\nD\u0117l 300 mm galvut\u0117s svorio balanso ji u\u017etikrina puiki\u0105 gali\u0105, o 85\u201389 g svoris suteikia papildomo impulso ir stabilumo atakuojant sm\u016bgius.<br \/>\nTvirtas kotas u\u017etikrina puiki\u0105 kontrol\u0119 ir tikslum\u0105 pataikant \u012f optimali\u0105 sm\u016bg\u012f, nors norint i\u0161naudoti vis\u0105 jos potencial\u0105, reikia geros technikos.<br \/>\nPagrindin\u0117 \u201eMaster Speed \u200b\u200b8000\u201c raket\u0117, apr\u016bpinta pa\u017eangiausiomis technologijomis, tikrai pateisina savo auk\u0161\u010diausio lygio status\u0105. Itin plonas kotas suma\u017eina oro pasiprie\u0161inim\u0105, kad raket\u0117 b\u016bt\u0173 valdoma grei\u010diau, o apsaugos nuo sukimo technologija padidina patvarum\u0105 ir pagerina koto lankstum\u0105.<br \/>\nIzometrinis r\u0117mas padidina optimali\u0105 sm\u016bgio zon\u0105, tod\u0117l lengviau atlikti tikslius sm\u016bgius net ir ne centre, o \u201eWoven Technology\u201c sustiprina r\u0117m\u0105, pagerindama lankstum\u0105 ir gali\u0105.<\/p>\n<p>Auk\u0161\u010diausio lygio raket\u0117 reikliems \u017eaid\u0117jams, norintiems sprogstamosios galios, kontrol\u0117s ir tikslumo kiekviename sm\u016bgyje.<\/p>","protected":false},"excerpt":{"rendered":"<p>RSL Master Speed \u200b\u200b8000<\/p>\n<p>Svoris: 85\u201389 g<br \/>\nBalansas: 300 mm (galvos svorio)<br \/>\nLankstumas: Tvirtas<br \/>\n\u017daid\u0117jo tipas: Patyrusiems arba turnyro \/ elitiniams \u017eaid\u0117jams<\/p>\n<p>Tiekiama be dangtelio<\/p>\n<p>RSL Master Speed \u200b\u200b8000 yra galinga raket\u0117, skirta pa\u017eengusiems ir elitiniams \u017eaid\u0117jams, ie\u0161kantiems maksimalios galios kartu su kontrole ir tikslumu.<br \/>\nD\u0117l 300 mm galvut\u0117s svorio balanso ji u\u017etikrina puiki\u0105 gali\u0105, o 85\u201389 g svoris suteikia papildomo impulso ir stabilumo atakuojant sm\u016bgius.<br \/>\nTvirtas kotas u\u017etikrina puiki\u0105 kontrol\u0119 ir tikslum\u0105 pataikant \u012f optimali\u0105 sm\u016bg\u012f, nors norint i\u0161naudoti vis\u0105 jos potencial\u0105, reikia geros technikos.<br \/>\nPagrindin\u0117 \u201eMaster Speed \u200b\u200b8000\u201c raket\u0117, apr\u016bpinta pa\u017eangiausiomis technologijomis, tikrai pateisina savo auk\u0161\u010diausio lygio status\u0105. Itin plonas kotas suma\u017eina oro pasiprie\u0161inim\u0105, kad raket\u0117 b\u016bt\u0173 valdoma grei\u010diau, o apsaugos nuo sukimo technologija padidina patvarum\u0105 ir pagerina koto lankstum\u0105.<br \/>\nIzometrinis r\u0117mas padidina optimali\u0105 sm\u016bgio zon\u0105, tod\u0117l lengviau atlikti tikslius sm\u016bgius net ir ne centre, o \u201eWoven Technology\u201c sustiprina r\u0117m\u0105, pagerindama lankstum\u0105 ir gali\u0105.<\/p>\n<p>Auk\u0161\u010diausio lygio raket\u0117 reikliems \u017eaid\u0117jams, norintiems sprogstamosios galios, kontrol\u0117s ir tikslumo kiekviename sm\u016bgyje.<\/p>","protected":false},"featured_media":1055,"template":"","meta":[],"product_brand":[],"product_cat":[61],"product_tag":[],"class_list":{"0":"post-1054","1":"product","2":"type-product","3":"status-publish","4":"has-post-thumbnail","6":"product_cat-raketes","8":"first","9":"onbackorder","10":"taxable","11":"shipping-taxable","12":"purchasable","13":"product-type-simple"},"aioseo_notices":[],"_links":{"self":[{"href":"https:\/\/rslbaltic.eu\/en\/wp-json\/wp\/v2\/product\/1054","targetHints":{"allow":["GET"]}}],"collection":[{"href":"https:\/\/rslbaltic.eu\/en\/wp-json\/wp\/v2\/product"}],"about":[{"href":"https:\/\/rslbaltic.eu\/en\/wp-json\/wp\/v2\/types\/product"}],"wp:featuredmedia":[{"embeddable":true,"href":"https:\/\/rslbaltic.eu\/en\/wp-json\/wp\/v2\/media\/1055"}],"wp:attachment":[{"href":"https:\/\/rslbaltic.eu\/en\/wp-json\/wp\/v2\/media?parent=1054"}],"wp:term":[{"taxonomy":"product_brand","embeddable":true,"href":"https:\/\/rslbaltic.eu\/en\/wp-json\/wp\/v2\/product_brand?post=1054"},{"taxonomy":"product_cat","embeddable":true,"href":"https:\/\/rslbaltic.eu\/en\/wp-json\/wp\/v2\/product_cat?post=1054"},{"taxonomy":"product_tag","embeddable":true,"href":"https:\/\/rslbaltic.eu\/en\/wp-json\/wp\/v2\/product_tag?post=1054"}],"curies":[{"name":"wp","href":"https:\/\/api.w.org\/{rel}","templated":true}]}}