{"id":1061,"date":"2026-01-13T15:51:46","date_gmt":"2026-01-13T15:51:46","guid":{"rendered":"https:\/\/rslbaltic.eu\/?post_type=product&#038;p=1061"},"modified":"2026-01-13T15:51:46","modified_gmt":"2026-01-13T15:51:46","slug":"rsl-gravite-ga-924","status":"publish","type":"product","link":"https:\/\/rslbaltic.eu\/en\/product\/rsl-gravite-ga-924\/","title":{"rendered":"RSL Gravite GA-924"},"content":{"rendered":"<p>RSL Gravite GA-924<\/p>\n<p>Balansas: 293 mm (priekin\u0117 lempa)<br \/>\nLankstumas: Tvirtas<br \/>\n\u017daid\u0117jo tipas: Vidutinio ir pa\u017eengusio lygio badmintono \u017eaid\u0117jams<br \/>\nSvoris: 4U<br \/>\nMaksimalus styg\u0173 \u012ftempimas: Iki 13 kg<\/p>\n<p>Tiekiama be dangtelio<\/p>\n<p>RSL Gravite GA-924 skirta vidutinio ir pa\u017eengusio lygio badmintono \u017eaid\u0117jams, norintiems geriausio grei\u010dio ir greito raket\u0117s valdymo. Raket\u0117 yra standartinio svorio, kuris u\u017etikrina puik\u0173 manevringum\u0105, o balanso ta\u0161kas yra \u0161iek tiek auk\u0161tesnis nei GA-944, ta\u010diau vis tiek u\u017etikrina puik\u0173 raket\u0117s greit\u012f.<br \/>\nValdymas u\u017etikrinamas per stand\u0173 koto lankstum\u0105, kuris prisideda prie didelio tikslumo ir stabilumo \u017eaidime \u2013 puikiai tinka \u017eaid\u0117jams, norintiems greito, kontroliuojamo \u017eaidimo su maksimaliu reagavimu.<\/p>","protected":false},"excerpt":{"rendered":"<p>RSL Gravite GA-924<\/p>\n<p>Balansas: 293 mm (priekin\u0117 lempa)<br \/>\nLankstumas: Tvirtas<br \/>\n\u017daid\u0117jo tipas: Vidutinio ir pa\u017eengusio lygio badmintono \u017eaid\u0117jams<br \/>\nSvoris: 4U<br \/>\nMaksimalus styg\u0173 \u012ftempimas: Iki 13 kg<\/p>\n<p>Tiekiama be dangtelio<\/p>\n<p>RSL Gravite GA-924 skirta vidutinio ir pa\u017eengusio lygio badmintono \u017eaid\u0117jams, norintiems geriausio grei\u010dio ir greito raket\u0117s valdymo. Raket\u0117 yra standartinio svorio, kuris u\u017etikrina puik\u0173 manevringum\u0105, o balanso ta\u0161kas yra \u0161iek tiek auk\u0161tesnis nei GA-944, ta\u010diau vis tiek u\u017etikrina puik\u0173 raket\u0117s greit\u012f.<br \/>\nValdymas u\u017etikrinamas per stand\u0173 koto lankstum\u0105, kuris prisideda prie didelio tikslumo ir stabilumo \u017eaidime \u2013 puikiai tinka \u017eaid\u0117jams, norintiems greito, kontroliuojamo \u017eaidimo su maksimaliu reagavimu.<\/p>","protected":false},"featured_media":1065,"template":"","meta":[],"product_brand":[],"product_cat":[61],"product_tag":[],"class_list":{"0":"post-1061","1":"product","2":"type-product","3":"status-publish","4":"has-post-thumbnail","6":"product_cat-raketes","8":"first","9":"onbackorder","10":"taxable","11":"shipping-taxable","12":"purchasable","13":"product-type-simple"},"aioseo_notices":[],"_links":{"self":[{"href":"https:\/\/rslbaltic.eu\/en\/wp-json\/wp\/v2\/product\/1061","targetHints":{"allow":["GET"]}}],"collection":[{"href":"https:\/\/rslbaltic.eu\/en\/wp-json\/wp\/v2\/product"}],"about":[{"href":"https:\/\/rslbaltic.eu\/en\/wp-json\/wp\/v2\/types\/product"}],"wp:featuredmedia":[{"embeddable":true,"href":"https:\/\/rslbaltic.eu\/en\/wp-json\/wp\/v2\/media\/1065"}],"wp:attachment":[{"href":"https:\/\/rslbaltic.eu\/en\/wp-json\/wp\/v2\/media?parent=1061"}],"wp:term":[{"taxonomy":"product_brand","embeddable":true,"href":"https:\/\/rslbaltic.eu\/en\/wp-json\/wp\/v2\/product_brand?post=1061"},{"taxonomy":"product_cat","embeddable":true,"href":"https:\/\/rslbaltic.eu\/en\/wp-json\/wp\/v2\/product_cat?post=1061"},{"taxonomy":"product_tag","embeddable":true,"href":"https:\/\/rslbaltic.eu\/en\/wp-json\/wp\/v2\/product_tag?post=1061"}],"curies":[{"name":"wp","href":"https:\/\/api.w.org\/{rel}","templated":true}]}}