{"id":1066,"date":"2026-01-13T15:56:12","date_gmt":"2026-01-13T15:56:12","guid":{"rendered":"https:\/\/rslbaltic.eu\/?post_type=product&#038;p=1066"},"modified":"2026-01-13T15:56:12","modified_gmt":"2026-01-13T15:56:12","slug":"rsl-master-speed-5000","status":"publish","type":"product","link":"https:\/\/rslbaltic.eu\/en\/product\/rsl-master-speed-5000\/","title":{"rendered":"RSL Master Speed 5000"},"content":{"rendered":"<p>RSL Master Speed \u200b\u200b5000<\/p>\n<p>Svoris: 75\u201379,9 g<br \/>\nBalansas: Sunkus ant galvut\u0117s (300 mm)<br \/>\nLankstumas: Lankstus<br \/>\n\u017daid\u0117jo tipas: Galingas<\/p>\n<p>Tiekiama be dangtelio<\/p>\n<p>RSL Master Speed \u200b\u200b5000 yra eleganti\u0161ko, blizgaus raudono dizaino, kuris i\u0161siskirs aik\u0161tel\u0117je. \u0160is modelis pasi\u017eymi \u0161iek tiek ma\u017eesne galia nei 7000 versija i\u0161 \u201eMaster Speed\u201c serijos, ta\u010diau vis tiek pasi\u017eymi \u012fsp\u016bdingu sm\u016bgio stiprumu ir puikiu \u017eaidimo patogumu.<br \/>\nD\u0117l 300 mm svorio ant galvut\u0117s balanso raket\u0117 suteikia didel\u0119 gali\u0105 puolimui, o ma\u017eas svoris (75\u201379,9 g) u\u017etikrina greit\u0105 raket\u0117s valdym\u0105 ir didel\u012f manevringum\u0105.<br \/>\nLankstus velenas leid\u017eia lengvai \u017eaisti su rakete, tod\u0117l ji patraukli \u012fvairiems \u017eaid\u0117jams, norintiems ir grei\u010dio, ir kontrol\u0117s.<br \/>\nSiekiant pasiekti maksimal\u0173 sm\u016bgio greit\u012f, raket\u0117je naudojama itin plono veleno technologija, suma\u017einanti oro pasiprie\u0161inim\u0105 ir u\u017etikrinanti greitesn\u012f jud\u0117jim\u0105. \u201ePower Hexagon\u201c sustiprina r\u0117m\u0105 ir suteikia papildomos galios, o \u201ePoly Matrix Carbon\u201c padaro r\u0117m\u0105 19 % tvirtesn\u012f ir pagerina energijos perdavim\u0105 sm\u016bgi\u0173 metu.<br \/>\nBe to, \u201eWrinkle Free\u201c technologija pagerina koto lankstum\u0105, suteikdama sklandesn\u012f ir atlaidesn\u012f poj\u016bt\u012f \u017eaidimo metu.<\/p>\n<p>Tinkamai subalansuota raket\u0117, kurioje dera j\u0117ga, lankstumas ir greitis \u2013 puikiai tinka \u017eaid\u0117jams, norintiems sprogstamosios galios neprarandant kontrol\u0117s ar komforto.<\/p>","protected":false},"excerpt":{"rendered":"<p>RSL Master Speed \u200b\u200b5000<\/p>\n<p>Svoris: 75\u201379,9 g<br \/>\nBalansas: Sunkus ant galvut\u0117s (300 mm)<br \/>\nLankstumas: Lankstus<br \/>\n\u017daid\u0117jo tipas: Galingas<\/p>\n<p>Tiekiama be dangtelio<\/p>\n<p>RSL Master Speed \u200b\u200b5000 yra eleganti\u0161ko, blizgaus raudono dizaino, kuris i\u0161siskirs aik\u0161tel\u0117je. \u0160is modelis pasi\u017eymi \u0161iek tiek ma\u017eesne galia nei 7000 versija i\u0161 \u201eMaster Speed\u201c serijos, ta\u010diau vis tiek pasi\u017eymi \u012fsp\u016bdingu sm\u016bgio stiprumu ir puikiu \u017eaidimo patogumu.<br \/>\nD\u0117l 300 mm svorio ant galvut\u0117s balanso raket\u0117 suteikia didel\u0119 gali\u0105 puolimui, o ma\u017eas svoris (75\u201379,9 g) u\u017etikrina greit\u0105 raket\u0117s valdym\u0105 ir didel\u012f manevringum\u0105.<br \/>\nLankstus velenas leid\u017eia lengvai \u017eaisti su rakete, tod\u0117l ji patraukli \u012fvairiems \u017eaid\u0117jams, norintiems ir grei\u010dio, ir kontrol\u0117s.<br \/>\nSiekiant pasiekti maksimal\u0173 sm\u016bgio greit\u012f, raket\u0117je naudojama itin plono veleno technologija, suma\u017einanti oro pasiprie\u0161inim\u0105 ir u\u017etikrinanti greitesn\u012f jud\u0117jim\u0105. \u201ePower Hexagon\u201c sustiprina r\u0117m\u0105 ir suteikia papildomos galios, o \u201ePoly Matrix Carbon\u201c padaro r\u0117m\u0105 19 % tvirtesn\u012f ir pagerina energijos perdavim\u0105 sm\u016bgi\u0173 metu.<br \/>\nBe to, \u201eWrinkle Free\u201c technologija pagerina koto lankstum\u0105, suteikdama sklandesn\u012f ir atlaidesn\u012f poj\u016bt\u012f \u017eaidimo metu.<\/p>\n<p>Tinkamai subalansuota raket\u0117, kurioje dera j\u0117ga, lankstumas ir greitis \u2013 puikiai tinka \u017eaid\u0117jams, norintiems sprogstamosios galios neprarandant kontrol\u0117s ar komforto.<\/p>","protected":false},"featured_media":1070,"template":"","meta":[],"product_brand":[],"product_cat":[61],"product_tag":[],"class_list":{"0":"post-1066","1":"product","2":"type-product","3":"status-publish","4":"has-post-thumbnail","6":"product_cat-raketes","8":"first","9":"onbackorder","10":"taxable","11":"shipping-taxable","12":"purchasable","13":"product-type-simple"},"aioseo_notices":[],"_links":{"self":[{"href":"https:\/\/rslbaltic.eu\/en\/wp-json\/wp\/v2\/product\/1066","targetHints":{"allow":["GET"]}}],"collection":[{"href":"https:\/\/rslbaltic.eu\/en\/wp-json\/wp\/v2\/product"}],"about":[{"href":"https:\/\/rslbaltic.eu\/en\/wp-json\/wp\/v2\/types\/product"}],"wp:featuredmedia":[{"embeddable":true,"href":"https:\/\/rslbaltic.eu\/en\/wp-json\/wp\/v2\/media\/1070"}],"wp:attachment":[{"href":"https:\/\/rslbaltic.eu\/en\/wp-json\/wp\/v2\/media?parent=1066"}],"wp:term":[{"taxonomy":"product_brand","embeddable":true,"href":"https:\/\/rslbaltic.eu\/en\/wp-json\/wp\/v2\/product_brand?post=1066"},{"taxonomy":"product_cat","embeddable":true,"href":"https:\/\/rslbaltic.eu\/en\/wp-json\/wp\/v2\/product_cat?post=1066"},{"taxonomy":"product_tag","embeddable":true,"href":"https:\/\/rslbaltic.eu\/en\/wp-json\/wp\/v2\/product_tag?post=1066"}],"curies":[{"name":"wp","href":"https:\/\/api.w.org\/{rel}","templated":true}]}}