{"id":1071,"date":"2026-01-13T15:59:35","date_gmt":"2026-01-13T15:59:35","guid":{"rendered":"https:\/\/rslbaltic.eu\/?post_type=product&#038;p=1071"},"modified":"2026-04-08T07:36:18","modified_gmt":"2026-04-08T07:36:18","slug":"rsl-master-speed-light-v2","status":"publish","type":"product","link":"https:\/\/rslbaltic.eu\/en\/product\/rsl-master-speed-light-v2\/","title":{"rendered":"RSL Master Speed Light V2"},"content":{"rendered":"<p>RSL Master Speed \u200b\u200bLight<\/p>\n<p>Balansas: 300 mm<br \/>\nLankstumas: Vidutinis<br \/>\n\u017daid\u0117jo tipas: Universaliems badmintono \u017eaid\u0117jams<br \/>\nSvoris: 5U<br \/>\nIlgis: 675 mm<br \/>\nMaksimalus styg\u0173 \u012ftempimas: Iki 30 svar\u0173 (13,5 kg)<br \/>\nStygos: Ashaway<br \/>\nTaikoma garantija: 24 menesiai.<\/p>\n<p>Tiekiama be dangtelio<\/p>\n<p>RSL Master Speed \u200b\u200bLight raket\u0117 sukurta \u017eaid\u0117jams, norintiems greitos ir lengvos raket\u0117s, kurioje puikiai dera kontrol\u0117 ir galia. 5U svorio raket\u0117 pasi\u017eymi \u017eaibi\u0161ku valdymu ir puikiu manevringumu tiek puolime, tiek gynyboje.<br \/>\nVidutinis lankstumas u\u017etikrina puik\u0173 tikslumo ir galios balans\u0105, tod\u0117l ji idealiai tinka universaliems \u017eaid\u0117jams, ie\u0161kantiems lengvo, reaguojan\u010dio ir gerai kontroliuojamo poj\u016b\u010dio \u017eaidimo metu.<\/p>","protected":false},"excerpt":{"rendered":"<p>RSL Master Speed \u200b\u200bLight<\/p>\n<p>Balansas: 300 mm<br \/>\nLankstumas: Vidutinis<br \/>\n\u017daid\u0117jo tipas: Universaliems badmintono \u017eaid\u0117jams<br \/>\nSvoris: 5U<br \/>\nIlgis: 675 mm<br \/>\nMaksimalus styg\u0173 \u012ftempimas: Iki 30 svar\u0173 (13,5 kg)<br \/>\nStygos: Ashaway<br \/>\nTaikoma garantija: 24 menesiai.<\/p>\n<p>Tiekiama be dangtelio<\/p>\n<p>RSL Master Speed \u200b\u200bLight raket\u0117 sukurta \u017eaid\u0117jams, norintiems greitos ir lengvos raket\u0117s, kurioje puikiai dera kontrol\u0117 ir galia. 5U svorio raket\u0117 pasi\u017eymi \u017eaibi\u0161ku valdymu ir puikiu manevringumu tiek puolime, tiek gynyboje.<br \/>\nVidutinis lankstumas u\u017etikrina puik\u0173 tikslumo ir galios balans\u0105, tod\u0117l ji idealiai tinka universaliems \u017eaid\u0117jams, ie\u0161kantiems lengvo, reaguojan\u010dio ir gerai kontroliuojamo poj\u016b\u010dio \u017eaidimo metu.<\/p>","protected":false},"featured_media":1075,"template":"","meta":[],"product_brand":[],"product_cat":[61],"product_tag":[],"class_list":{"0":"post-1071","1":"product","2":"type-product","3":"status-publish","4":"has-post-thumbnail","6":"product_cat-raketes","8":"first","9":"onbackorder","10":"sale","11":"taxable","12":"shipping-taxable","13":"purchasable","14":"product-type-simple"},"aioseo_notices":[],"_links":{"self":[{"href":"https:\/\/rslbaltic.eu\/en\/wp-json\/wp\/v2\/product\/1071","targetHints":{"allow":["GET"]}}],"collection":[{"href":"https:\/\/rslbaltic.eu\/en\/wp-json\/wp\/v2\/product"}],"about":[{"href":"https:\/\/rslbaltic.eu\/en\/wp-json\/wp\/v2\/types\/product"}],"wp:featuredmedia":[{"embeddable":true,"href":"https:\/\/rslbaltic.eu\/en\/wp-json\/wp\/v2\/media\/1075"}],"wp:attachment":[{"href":"https:\/\/rslbaltic.eu\/en\/wp-json\/wp\/v2\/media?parent=1071"}],"wp:term":[{"taxonomy":"product_brand","embeddable":true,"href":"https:\/\/rslbaltic.eu\/en\/wp-json\/wp\/v2\/product_brand?post=1071"},{"taxonomy":"product_cat","embeddable":true,"href":"https:\/\/rslbaltic.eu\/en\/wp-json\/wp\/v2\/product_cat?post=1071"},{"taxonomy":"product_tag","embeddable":true,"href":"https:\/\/rslbaltic.eu\/en\/wp-json\/wp\/v2\/product_tag?post=1071"}],"curies":[{"name":"wp","href":"https:\/\/api.w.org\/{rel}","templated":true}]}}