{"id":1076,"date":"2026-01-13T16:04:09","date_gmt":"2026-01-13T16:04:09","guid":{"rendered":"https:\/\/rslbaltic.eu\/?post_type=product&#038;p=1076"},"modified":"2026-04-08T08:13:23","modified_gmt":"2026-04-08T08:13:23","slug":"rsl-gravite-ga-911","status":"publish","type":"product","link":"https:\/\/rslbaltic.eu\/en\/product\/rsl-gravite-ga-911\/","title":{"rendered":"RSL Gravite GA-911"},"content":{"rendered":"<p>RSL Gravite GA-911<\/p>\n<p>Balansas: 288 mm<br \/>\nLankstumas: Vidutinis<br \/>\n\u017daid\u0117jo tipas: Universaliems badmintono \u017eaid\u0117jams<br \/>\nSvoris: 3U<br \/>\nMaksimalus styg\u0173 \u012ftempimas: Iki 13 kg<br \/>\nGarantija: 12 menesi\u0173<\/p>\n<p>Tiekiama be dangtelio<\/p>\n<p>RSL Gravite GA-911 raket\u0117 \u2013 puiki raket\u0117 \u017eaid\u0117jams, norintiems universalaus poj\u016b\u010dio \u017eaid\u017eiant badminton\u0105. Ji pasi\u017eymi eleganti\u0161ku dizainu su stilingomis m\u0117lynos ir juodos spalvos detal\u0117mis, suteikian\u010diomis jai modern\u0173 vaizd\u0105.<br \/>\nD\u0117l lengvo balanso raket\u0117 u\u017etikrina puik\u0173 valdym\u0105 ir greit\u0105 raket\u0117s valdym\u0105, ypa\u010d \u017eaisdama techninius dalykus. Vidutinio lankstumo kotas kartu su \u0161iek tiek didesniu bendru svoriu suteikia papildomos galios puolant. Puikus pasirinkimas \u017eaid\u0117jams, norintiems suderinti greit\u012f, tikslum\u0105 ir sm\u016bgio j\u0117g\u0105.<\/p>","protected":false},"excerpt":{"rendered":"<p>RSL Gravite GA-911<\/p>\n<p>Balansas: 288 mm<br \/>\nLankstumas: Vidutinis<br \/>\n\u017daid\u0117jo tipas: Universaliems badmintono \u017eaid\u0117jams<br \/>\nSvoris: 3U<br \/>\nMaksimalus styg\u0173 \u012ftempimas: Iki 13 kg<br \/>\nGarantija: 12 menesi\u0173<\/p>\n<p>Tiekiama be dangtelio<\/p>\n<p>RSL Gravite GA-911 raket\u0117 \u2013 puiki raket\u0117 \u017eaid\u0117jams, norintiems universalaus poj\u016b\u010dio \u017eaid\u017eiant badminton\u0105. Ji pasi\u017eymi eleganti\u0161ku dizainu su stilingomis m\u0117lynos ir juodos spalvos detal\u0117mis, suteikian\u010diomis jai modern\u0173 vaizd\u0105.<br \/>\nD\u0117l lengvo balanso raket\u0117 u\u017etikrina puik\u0173 valdym\u0105 ir greit\u0105 raket\u0117s valdym\u0105, ypa\u010d \u017eaisdama techninius dalykus. Vidutinio lankstumo kotas kartu su \u0161iek tiek didesniu bendru svoriu suteikia papildomos galios puolant. Puikus pasirinkimas \u017eaid\u0117jams, norintiems suderinti greit\u012f, tikslum\u0105 ir sm\u016bgio j\u0117g\u0105.<\/p>","protected":false},"featured_media":1080,"template":"","meta":[],"product_brand":[],"product_cat":[61],"product_tag":[],"class_list":{"0":"post-1076","1":"product","2":"type-product","3":"status-publish","4":"has-post-thumbnail","6":"product_cat-raketes","8":"first","9":"onbackorder","10":"taxable","11":"shipping-taxable","12":"purchasable","13":"product-type-simple"},"aioseo_notices":[],"_links":{"self":[{"href":"https:\/\/rslbaltic.eu\/en\/wp-json\/wp\/v2\/product\/1076","targetHints":{"allow":["GET"]}}],"collection":[{"href":"https:\/\/rslbaltic.eu\/en\/wp-json\/wp\/v2\/product"}],"about":[{"href":"https:\/\/rslbaltic.eu\/en\/wp-json\/wp\/v2\/types\/product"}],"wp:featuredmedia":[{"embeddable":true,"href":"https:\/\/rslbaltic.eu\/en\/wp-json\/wp\/v2\/media\/1080"}],"wp:attachment":[{"href":"https:\/\/rslbaltic.eu\/en\/wp-json\/wp\/v2\/media?parent=1076"}],"wp:term":[{"taxonomy":"product_brand","embeddable":true,"href":"https:\/\/rslbaltic.eu\/en\/wp-json\/wp\/v2\/product_brand?post=1076"},{"taxonomy":"product_cat","embeddable":true,"href":"https:\/\/rslbaltic.eu\/en\/wp-json\/wp\/v2\/product_cat?post=1076"},{"taxonomy":"product_tag","embeddable":true,"href":"https:\/\/rslbaltic.eu\/en\/wp-json\/wp\/v2\/product_tag?post=1076"}],"curies":[{"name":"wp","href":"https:\/\/api.w.org\/{rel}","templated":true}]}}