{"id":1081,"date":"2026-01-13T16:15:03","date_gmt":"2026-01-13T16:15:03","guid":{"rendered":"https:\/\/rslbaltic.eu\/?post_type=product&#038;p=1081"},"modified":"2026-04-08T07:35:52","modified_gmt":"2026-04-08T07:35:52","slug":"rsl-nova-011-v3","status":"publish","type":"product","link":"https:\/\/rslbaltic.eu\/en\/product\/rsl-nova-011-v3\/","title":{"rendered":"RSL Nova 011 V3"},"content":{"rendered":"<p>RSL Nova 011\/V3<\/p>\n<p>Svoris: 77 g<br \/>\nBalansas: 300 mm (sunki galva)<br \/>\nLankstumas: Lankstus<br \/>\n\u017daid\u0117jo tipas: Universalus<br \/>\nTaikoma garantija: 24 menesiai.<\/p>\n<p>Tiekiama be dangtelio<\/p>\n<p>RSL Nova 011\/V3 raket\u0117 yra ideali \u017eaid\u0117jams, norintiems greitesnio sm\u016bgio neprarandant galios.<br \/>\nLankstus kotas leid\u017eia lengvai \u017eaisti, suteikia daug pagalbos ir komforto sm\u016bgi\u0173 metu.<br \/>\nSveriantis vos 77 g, raket\u0117 pasi\u017eymi i\u0161skirtiniu sm\u016bgio grei\u010diu, o 300 mm svorio galva balansas u\u017etikrina didel\u0119 gali\u0105 puolimo \u017eaidime.<br \/>\nKotas pasi\u017eymi \u201eAnti Twist\u201c technologija, kuri pagerina lankstum\u0105 ir padidina patvarum\u0105, o r\u0117mas pagamintas i\u0161 polimatricos anglies pluo\u0161to, tod\u0117l jis yra 19 % tvirtesnis ir padidina gali\u0105.<br \/>\nSuper plono koto technologija dar labiau suma\u017eina oro pasiprie\u0161inim\u0105, tod\u0117l raket\u0117 valdoma grei\u010diau ir poj\u016btis sklandesnis.<br \/>\nPuiki universali raket\u0117 besivystan\u010diam \u017eaid\u0117jui, vertinan\u010diam kokyb\u0119 ir na\u0161um\u0105 u\u017e prieinam\u0105 kain\u0105.<\/p>","protected":false},"excerpt":{"rendered":"<p>RSL Nova 011\/V3<\/p>\n<p>Svoris: 77 g<br \/>\nBalansas: 300 mm (sunki galva)<br \/>\nLankstumas: Lankstus<br \/>\n\u017daid\u0117jo tipas: Universalus<br \/>\nTaikoma garantija: 24 menesiai.<\/p>\n<p>Tiekiama be dangtelio<\/p>\n<p>RSL Nova 011\/V3 raket\u0117 yra ideali \u017eaid\u0117jams, norintiems greitesnio sm\u016bgio neprarandant galios.<br \/>\nLankstus kotas leid\u017eia lengvai \u017eaisti, suteikia daug pagalbos ir komforto sm\u016bgi\u0173 metu.<br \/>\nSveriantis vos 77 g, raket\u0117 pasi\u017eymi i\u0161skirtiniu sm\u016bgio grei\u010diu, o 300 mm svorio galva balansas u\u017etikrina didel\u0119 gali\u0105 puolimo \u017eaidime.<br \/>\nKotas pasi\u017eymi \u201eAnti Twist\u201c technologija, kuri pagerina lankstum\u0105 ir padidina patvarum\u0105, o r\u0117mas pagamintas i\u0161 polimatricos anglies pluo\u0161to, tod\u0117l jis yra 19 % tvirtesnis ir padidina gali\u0105.<br \/>\nSuper plono koto technologija dar labiau suma\u017eina oro pasiprie\u0161inim\u0105, tod\u0117l raket\u0117 valdoma grei\u010diau ir poj\u016btis sklandesnis.<br \/>\nPuiki universali raket\u0117 besivystan\u010diam \u017eaid\u0117jui, vertinan\u010diam kokyb\u0119 ir na\u0161um\u0105 u\u017e prieinam\u0105 kain\u0105.<\/p>","protected":false},"featured_media":1085,"template":"","meta":[],"product_brand":[],"product_cat":[61],"product_tag":[],"class_list":{"0":"post-1081","1":"product","2":"type-product","3":"status-publish","4":"has-post-thumbnail","6":"product_cat-raketes","8":"first","9":"onbackorder","10":"sale","11":"taxable","12":"shipping-taxable","13":"purchasable","14":"product-type-simple"},"aioseo_notices":[],"_links":{"self":[{"href":"https:\/\/rslbaltic.eu\/en\/wp-json\/wp\/v2\/product\/1081","targetHints":{"allow":["GET"]}}],"collection":[{"href":"https:\/\/rslbaltic.eu\/en\/wp-json\/wp\/v2\/product"}],"about":[{"href":"https:\/\/rslbaltic.eu\/en\/wp-json\/wp\/v2\/types\/product"}],"wp:featuredmedia":[{"embeddable":true,"href":"https:\/\/rslbaltic.eu\/en\/wp-json\/wp\/v2\/media\/1085"}],"wp:attachment":[{"href":"https:\/\/rslbaltic.eu\/en\/wp-json\/wp\/v2\/media?parent=1081"}],"wp:term":[{"taxonomy":"product_brand","embeddable":true,"href":"https:\/\/rslbaltic.eu\/en\/wp-json\/wp\/v2\/product_brand?post=1081"},{"taxonomy":"product_cat","embeddable":true,"href":"https:\/\/rslbaltic.eu\/en\/wp-json\/wp\/v2\/product_cat?post=1081"},{"taxonomy":"product_tag","embeddable":true,"href":"https:\/\/rslbaltic.eu\/en\/wp-json\/wp\/v2\/product_tag?post=1081"}],"curies":[{"name":"wp","href":"https:\/\/api.w.org\/{rel}","templated":true}]}}