{"id":1086,"date":"2026-01-13T16:18:58","date_gmt":"2026-01-13T16:18:58","guid":{"rendered":"https:\/\/rslbaltic.eu\/?post_type=product&#038;p=1086"},"modified":"2026-01-13T16:18:58","modified_gmt":"2026-01-13T16:18:58","slug":"rsl-gravite-game","status":"publish","type":"product","link":"https:\/\/rslbaltic.eu\/en\/product\/rsl-gravite-game\/","title":{"rendered":"RSL Gravite Game"},"content":{"rendered":"<p>RSL Gravite Game<\/p>\n<p>Balansas: 303 mm (\u0161iek tiek sunkus ant galvos)<br \/>\nLankstumas: vidutinis<br \/>\n\u017daid\u0117jo tipas: universaliems badmintono \u017eaid\u0117jams<br \/>\nSvoris: 4U<br \/>\nMaksimalus styg\u0173 \u012ftempimas: iki 13 kg<\/p>\n<p>Tiekiama be dangtelio<\/p>\n<p>RSL Gravite Game raket\u0117 pasi\u017eymi vidutiniu lankstumu ir 4U svoriu, tod\u0117l idealiai tinka \u017eaid\u0117jams, ie\u0161kantiems geros pusiausvyros tarp kontrol\u0117s ir galios. Tur\u0117dami 303 mm balans\u0105, gausite \u0161iek tiek ant galvos sunki\u0105 raket\u0119, kuri suteiks papildomo stiprumo sm\u016bgiams nepakenkiant manevringumui.<br \/>\nPuiki raket\u0117 universaliems \u017eaid\u0117jams, norintiems tvirto ir subalansuoto poj\u016b\u010dio aik\u0161tel\u0117je \u2013 tuo pa\u010diu m\u0117gaujantis auk\u0161ta kokybe u\u017e prieinam\u0105 kain\u0105.<\/p>","protected":false},"excerpt":{"rendered":"<p>RSL Gravite Game<\/p>\n<p>Balansas: 303 mm (\u0161iek tiek sunkus ant galvos)<br \/>\nLankstumas: vidutinis<br \/>\n\u017daid\u0117jo tipas: universaliems badmintono \u017eaid\u0117jams<br \/>\nSvoris: 4U<br \/>\nMaksimalus styg\u0173 \u012ftempimas: iki 13 kg<\/p>\n<p>Tiekiama be dangtelio<\/p>\n<p>RSL Gravite Game raket\u0117 pasi\u017eymi vidutiniu lankstumu ir 4U svoriu, tod\u0117l idealiai tinka \u017eaid\u0117jams, ie\u0161kantiems geros pusiausvyros tarp kontrol\u0117s ir galios. Tur\u0117dami 303 mm balans\u0105, gausite \u0161iek tiek ant galvos sunki\u0105 raket\u0119, kuri suteiks papildomo stiprumo sm\u016bgiams nepakenkiant manevringumui.<br \/>\nPuiki raket\u0117 universaliems \u017eaid\u0117jams, norintiems tvirto ir subalansuoto poj\u016b\u010dio aik\u0161tel\u0117je \u2013 tuo pa\u010diu m\u0117gaujantis auk\u0161ta kokybe u\u017e prieinam\u0105 kain\u0105.<\/p>","protected":false},"featured_media":1089,"template":"","meta":[],"product_brand":[],"product_cat":[61],"product_tag":[],"class_list":{"0":"post-1086","1":"product","2":"type-product","3":"status-publish","4":"has-post-thumbnail","6":"product_cat-raketes","8":"first","9":"onbackorder","10":"taxable","11":"shipping-taxable","12":"purchasable","13":"product-type-simple"},"aioseo_notices":[],"_links":{"self":[{"href":"https:\/\/rslbaltic.eu\/en\/wp-json\/wp\/v2\/product\/1086","targetHints":{"allow":["GET"]}}],"collection":[{"href":"https:\/\/rslbaltic.eu\/en\/wp-json\/wp\/v2\/product"}],"about":[{"href":"https:\/\/rslbaltic.eu\/en\/wp-json\/wp\/v2\/types\/product"}],"wp:featuredmedia":[{"embeddable":true,"href":"https:\/\/rslbaltic.eu\/en\/wp-json\/wp\/v2\/media\/1089"}],"wp:attachment":[{"href":"https:\/\/rslbaltic.eu\/en\/wp-json\/wp\/v2\/media?parent=1086"}],"wp:term":[{"taxonomy":"product_brand","embeddable":true,"href":"https:\/\/rslbaltic.eu\/en\/wp-json\/wp\/v2\/product_brand?post=1086"},{"taxonomy":"product_cat","embeddable":true,"href":"https:\/\/rslbaltic.eu\/en\/wp-json\/wp\/v2\/product_cat?post=1086"},{"taxonomy":"product_tag","embeddable":true,"href":"https:\/\/rslbaltic.eu\/en\/wp-json\/wp\/v2\/product_tag?post=1086"}],"curies":[{"name":"wp","href":"https:\/\/api.w.org\/{rel}","templated":true}]}}