{"id":1090,"date":"2026-01-13T16:20:31","date_gmt":"2026-01-13T16:20:31","guid":{"rendered":"https:\/\/rslbaltic.eu\/?post_type=product&#038;p=1090"},"modified":"2026-01-13T16:20:31","modified_gmt":"2026-01-13T16:20:31","slug":"rsl-nova-07","status":"publish","type":"product","link":"https:\/\/rslbaltic.eu\/en\/product\/rsl-nova-07\/","title":{"rendered":"RSL Nova 07"},"content":{"rendered":"<p>RSL Nova 07<\/p>\n<p>Svoris: 84 g<br \/>\nBalansas: Tolygus balansas (293 mm)<br \/>\nLankstumas: Vidutinis<br \/>\n\u017daid\u0117jo tipas: Universalus<\/p>\n<p>Tiekiama be dangtelio<\/p>\n<p>RSL Nova 07 idealiai tinka vidutinio lygio \u017eaid\u0117jams, norintiems tikro universalaus poj\u016b\u010dio nemokant per daug. Ji pasi\u017eymi puikiu kainos ir kokyb\u0117s santykiu bei patikimu veikimu aik\u0161tel\u0117je.<br \/>\nStandartinis 84 g svoris leid\u017eia raketei puikiai \u017eaisti \u012fvairaus am\u017eiaus \u017eaid\u0117jams, o vidutinis lankstumas leid\u017eia lengvai \u017eaisti, tuo pa\u010diu u\u017etikrinant tvirt\u0105 kontrol\u0117s ir galios derin\u012f.<br \/>\nTolygus balanso ta\u0161kas (293 mm) u\u017etikrina tobul\u0105 grei\u010dio ir tikslumo derin\u012f, suteikdamas geriausi\u0105 universal\u0173 \u017eaidimo potyr\u012f.<br \/>\nPagaminta i\u0161 anglies pluo\u0161to med\u017eiag\u0173, Nova 07 taip pat pasi\u017eymi kai kuriomis pa\u017eangiausiomis RSL technologijomis. \u201ePower Hexagon\u201c r\u0117mo konstrukcija suma\u017eina oro pasiprie\u0161inim\u0105, kad b\u016bt\u0173 galima grei\u010diau smogti ir grei\u010diau sm\u016bgiuoti, o \u201eWrinkle Free\u201c technologija padidina lankstum\u0105, tod\u0117l raket\u0117 yra atlaidesn\u0117 ir patogesn\u0117 naudoti.<br \/>\nPuiki universali raket\u0117 \u017eaid\u0117jams, ie\u0161kantiems lengvo valdymo, subalansuoto na\u0161umo ir sklandaus, kontroliuojamo poj\u016b\u010dio kiekvieno sm\u016bgio metu.<\/p>","protected":false},"excerpt":{"rendered":"<p>RSL Nova 07<\/p>\n<p>Svoris: 84 g<br \/>\nBalansas: Tolygus balansas (293 mm)<br \/>\nLankstumas: Vidutinis<br \/>\n\u017daid\u0117jo tipas: Universalus<\/p>\n<p>Tiekiama be dangtelio<\/p>\n<p>RSL Nova 07 idealiai tinka vidutinio lygio \u017eaid\u0117jams, norintiems tikro universalaus poj\u016b\u010dio nemokant per daug. Ji pasi\u017eymi puikiu kainos ir kokyb\u0117s santykiu bei patikimu veikimu aik\u0161tel\u0117je.<br \/>\nStandartinis 84 g svoris leid\u017eia raketei puikiai \u017eaisti \u012fvairaus am\u017eiaus \u017eaid\u0117jams, o vidutinis lankstumas leid\u017eia lengvai \u017eaisti, tuo pa\u010diu u\u017etikrinant tvirt\u0105 kontrol\u0117s ir galios derin\u012f.<br \/>\nTolygus balanso ta\u0161kas (293 mm) u\u017etikrina tobul\u0105 grei\u010dio ir tikslumo derin\u012f, suteikdamas geriausi\u0105 universal\u0173 \u017eaidimo potyr\u012f.<br \/>\nPagaminta i\u0161 anglies pluo\u0161to med\u017eiag\u0173, Nova 07 taip pat pasi\u017eymi kai kuriomis pa\u017eangiausiomis RSL technologijomis. \u201ePower Hexagon\u201c r\u0117mo konstrukcija suma\u017eina oro pasiprie\u0161inim\u0105, kad b\u016bt\u0173 galima grei\u010diau smogti ir grei\u010diau sm\u016bgiuoti, o \u201eWrinkle Free\u201c technologija padidina lankstum\u0105, tod\u0117l raket\u0117 yra atlaidesn\u0117 ir patogesn\u0117 naudoti.<br \/>\nPuiki universali raket\u0117 \u017eaid\u0117jams, ie\u0161kantiems lengvo valdymo, subalansuoto na\u0161umo ir sklandaus, kontroliuojamo poj\u016b\u010dio kiekvieno sm\u016bgio metu.<\/p>","protected":false},"featured_media":1091,"template":"","meta":[],"product_brand":[],"product_cat":[61],"product_tag":[],"class_list":{"0":"post-1090","1":"product","2":"type-product","3":"status-publish","4":"has-post-thumbnail","6":"product_cat-raketes","8":"first","9":"onbackorder","10":"taxable","11":"shipping-taxable","12":"purchasable","13":"product-type-simple"},"aioseo_notices":[],"_links":{"self":[{"href":"https:\/\/rslbaltic.eu\/en\/wp-json\/wp\/v2\/product\/1090","targetHints":{"allow":["GET"]}}],"collection":[{"href":"https:\/\/rslbaltic.eu\/en\/wp-json\/wp\/v2\/product"}],"about":[{"href":"https:\/\/rslbaltic.eu\/en\/wp-json\/wp\/v2\/types\/product"}],"wp:featuredmedia":[{"embeddable":true,"href":"https:\/\/rslbaltic.eu\/en\/wp-json\/wp\/v2\/media\/1091"}],"wp:attachment":[{"href":"https:\/\/rslbaltic.eu\/en\/wp-json\/wp\/v2\/media?parent=1090"}],"wp:term":[{"taxonomy":"product_brand","embeddable":true,"href":"https:\/\/rslbaltic.eu\/en\/wp-json\/wp\/v2\/product_brand?post=1090"},{"taxonomy":"product_cat","embeddable":true,"href":"https:\/\/rslbaltic.eu\/en\/wp-json\/wp\/v2\/product_cat?post=1090"},{"taxonomy":"product_tag","embeddable":true,"href":"https:\/\/rslbaltic.eu\/en\/wp-json\/wp\/v2\/product_tag?post=1090"}],"curies":[{"name":"wp","href":"https:\/\/api.w.org\/{rel}","templated":true}]}}