{"id":1092,"date":"2026-01-13T16:23:48","date_gmt":"2026-01-13T16:23:48","guid":{"rendered":"https:\/\/rslbaltic.eu\/?post_type=product&#038;p=1092"},"modified":"2026-01-13T16:23:48","modified_gmt":"2026-01-13T16:23:48","slug":"rsl-gravite-play","status":"publish","type":"product","link":"https:\/\/rslbaltic.eu\/en\/product\/rsl-gravite-play\/","title":{"rendered":"RSL Gravite Play"},"content":{"rendered":"<p>Balansas: 303 mm (\u0161iek tiek sunkus ant galvos)<br \/>\nLankstumas: vidutinis<br \/>\n\u017daid\u0117jo tipas: pradedantiesiems badmintono \u017eaid\u0117jams<br \/>\nSvoris: 5U<br \/>\nMaksimalus styg\u0173 \u012ftempimas: iki 13 kg<\/p>\n<p>Tiekiama be dangtelio<\/p>\n<p>\u201eRSL Gravite Play\u201c yra puikus pasirinkimas pradedantiesiems badmintono \u017eaid\u0117jams, norintiems raket\u0117s, pasi\u017eymin\u010dios tinkamu lengvumo, kontrol\u0117s ir galios deriniu. 5U kategorijos svoris suteikia raketei ypatingai lengvumo, maksimal\u0173 manevringum\u0105 ir \u017eaibi\u0161k\u0105 raket\u0117s valdym\u0105.<br \/>\nVidutinis lankstumas si\u016blo puik\u0173 balans\u0105 tarp kontrol\u0117s ir sm\u016bgio galios, tod\u0117l ji idealiai tinka universaliems \u017eaid\u0117jams. 303 mm balansas suteikia \u0161iek tiek sunkus ant galvos svorio pasiskirstym\u0105, kuris suteikia papildomos galios puolimo sm\u016bgiams \u2013 nepakenkiant grei\u010diui ir greitumui \u017eaid\u017eiant tiek lygiame, tiek gynybiniame lygyje.<\/p>","protected":false},"excerpt":{"rendered":"<p>Balansas: 303 mm (\u0161iek tiek sunkus ant galvos)<br \/>\nLankstumas: vidutinis<br \/>\n\u017daid\u0117jo tipas: pradedantiesiems badmintono \u017eaid\u0117jams<br \/>\nSvoris: 5U<br \/>\nMaksimalus styg\u0173 \u012ftempimas: iki 13 kg<\/p>\n<p>Tiekiama be dangtelio<\/p>\n<p>\u201eRSL Gravite Play\u201c yra puikus pasirinkimas pradedantiesiems badmintono \u017eaid\u0117jams, norintiems raket\u0117s, pasi\u017eymin\u010dios tinkamu lengvumo, kontrol\u0117s ir galios deriniu. 5U kategorijos svoris suteikia raketei ypatingai lengvumo, maksimal\u0173 manevringum\u0105 ir \u017eaibi\u0161k\u0105 raket\u0117s valdym\u0105.<br \/>\nVidutinis lankstumas si\u016blo puik\u0173 balans\u0105 tarp kontrol\u0117s ir sm\u016bgio galios, tod\u0117l ji idealiai tinka universaliems \u017eaid\u0117jams. 303 mm balansas suteikia \u0161iek tiek sunkus ant galvos svorio pasiskirstym\u0105, kuris suteikia papildomos galios puolimo sm\u016bgiams \u2013 nepakenkiant grei\u010diui ir greitumui \u017eaid\u017eiant tiek lygiame, tiek gynybiniame lygyje.<\/p>","protected":false},"featured_media":1095,"template":"","meta":[],"product_brand":[],"product_cat":[61],"product_tag":[],"class_list":{"0":"post-1092","1":"product","2":"type-product","3":"status-publish","4":"has-post-thumbnail","6":"product_cat-raketes","8":"first","9":"onbackorder","10":"taxable","11":"shipping-taxable","12":"purchasable","13":"product-type-simple"},"aioseo_notices":[],"_links":{"self":[{"href":"https:\/\/rslbaltic.eu\/en\/wp-json\/wp\/v2\/product\/1092","targetHints":{"allow":["GET"]}}],"collection":[{"href":"https:\/\/rslbaltic.eu\/en\/wp-json\/wp\/v2\/product"}],"about":[{"href":"https:\/\/rslbaltic.eu\/en\/wp-json\/wp\/v2\/types\/product"}],"wp:featuredmedia":[{"embeddable":true,"href":"https:\/\/rslbaltic.eu\/en\/wp-json\/wp\/v2\/media\/1095"}],"wp:attachment":[{"href":"https:\/\/rslbaltic.eu\/en\/wp-json\/wp\/v2\/media?parent=1092"}],"wp:term":[{"taxonomy":"product_brand","embeddable":true,"href":"https:\/\/rslbaltic.eu\/en\/wp-json\/wp\/v2\/product_brand?post=1092"},{"taxonomy":"product_cat","embeddable":true,"href":"https:\/\/rslbaltic.eu\/en\/wp-json\/wp\/v2\/product_cat?post=1092"},{"taxonomy":"product_tag","embeddable":true,"href":"https:\/\/rslbaltic.eu\/en\/wp-json\/wp\/v2\/product_tag?post=1092"}],"curies":[{"name":"wp","href":"https:\/\/api.w.org\/{rel}","templated":true}]}}