{"id":1096,"date":"2026-01-13T16:27:44","date_gmt":"2026-01-13T16:27:44","guid":{"rendered":"https:\/\/rslbaltic.eu\/?post_type=product&#038;p=1096"},"modified":"2026-01-13T16:27:45","modified_gmt":"2026-01-13T16:27:45","slug":"rsl-nova-05","status":"publish","type":"product","link":"https:\/\/rslbaltic.eu\/en\/product\/rsl-nova-05\/","title":{"rendered":"RSL Nova 05"},"content":{"rendered":"<p>RSL Nova 05<\/p>\n<p>Svoris: 86 g<br \/>\nBalansas: Tolygus balansas (293 mm)<br \/>\nLankstumas: Vidutinis<br \/>\n\u017daid\u0117jo tipas: Universalus<\/p>\n<p>Tiekiama be dangtelio<\/p>\n<p>RSL Nova 05 yra puiki universali badmintono raket\u0117 m\u0117g\u0117jams ir vidutinio lygio \u017eaid\u0117jams, norintiems kontrol\u0117s ir galios derinio u\u017e prieinam\u0105 kain\u0105.<br \/>\nSverdama 86 g, ji \u200b\u200bpasi\u017eymi puikiu sm\u016bgio grei\u010diu, u\u017etikrindama puik\u0173 na\u0161um\u0105 tiek puolime, tiek gynyboje.<br \/>\nVidutinis lankstumas leid\u017eia lengvai valdyti raket\u0119, tod\u0117l ji tinka \u012fvairiems \u017eaid\u0117jams \u2013 nuo \u200b\u200bklubini\u0173 ir jaunimo \u017eaid\u0117j\u0173 iki atsitiktini\u0173 entuziast\u0173.<br \/>\n293 mm tolygus balansas u\u017etikrina visapusi\u0161k\u0105 galios ir kontrol\u0117s derin\u012f, idealiai tinkant\u012f \u012fvairiapusi\u0161kam \u017eaidimui.<br \/>\nPagamintas i\u0161 polimatricin\u0117s anglies pluo\u0161to, r\u0117mas yra tvirtas ir stabilus, tod\u0117l styg\u0173 \u012ftempimas gali siekti iki 13 kg.<\/p>","protected":false},"excerpt":{"rendered":"<p>RSL Nova 05<\/p>\n<p>Svoris: 86 g<br \/>\nBalansas: Tolygus balansas (293 mm)<br \/>\nLankstumas: Vidutinis<br \/>\n\u017daid\u0117jo tipas: Universalus<\/p>\n<p>Tiekiama be dangtelio<\/p>\n<p>RSL Nova 05 yra puiki universali badmintono raket\u0117 m\u0117g\u0117jams ir vidutinio lygio \u017eaid\u0117jams, norintiems kontrol\u0117s ir galios derinio u\u017e prieinam\u0105 kain\u0105.<br \/>\nSverdama 86 g, ji \u200b\u200bpasi\u017eymi puikiu sm\u016bgio grei\u010diu, u\u017etikrindama puik\u0173 na\u0161um\u0105 tiek puolime, tiek gynyboje.<br \/>\nVidutinis lankstumas leid\u017eia lengvai valdyti raket\u0119, tod\u0117l ji tinka \u012fvairiems \u017eaid\u0117jams \u2013 nuo \u200b\u200bklubini\u0173 ir jaunimo \u017eaid\u0117j\u0173 iki atsitiktini\u0173 entuziast\u0173.<br \/>\n293 mm tolygus balansas u\u017etikrina visapusi\u0161k\u0105 galios ir kontrol\u0117s derin\u012f, idealiai tinkant\u012f \u012fvairiapusi\u0161kam \u017eaidimui.<br \/>\nPagamintas i\u0161 polimatricin\u0117s anglies pluo\u0161to, r\u0117mas yra tvirtas ir stabilus, tod\u0117l styg\u0173 \u012ftempimas gali siekti iki 13 kg.<\/p>","protected":false},"featured_media":1101,"template":"","meta":[],"product_brand":[],"product_cat":[61],"product_tag":[],"class_list":{"0":"post-1096","1":"product","2":"type-product","3":"status-publish","4":"has-post-thumbnail","6":"product_cat-raketes","8":"first","9":"onbackorder","10":"taxable","11":"shipping-taxable","12":"purchasable","13":"product-type-simple"},"aioseo_notices":[],"_links":{"self":[{"href":"https:\/\/rslbaltic.eu\/en\/wp-json\/wp\/v2\/product\/1096","targetHints":{"allow":["GET"]}}],"collection":[{"href":"https:\/\/rslbaltic.eu\/en\/wp-json\/wp\/v2\/product"}],"about":[{"href":"https:\/\/rslbaltic.eu\/en\/wp-json\/wp\/v2\/types\/product"}],"wp:featuredmedia":[{"embeddable":true,"href":"https:\/\/rslbaltic.eu\/en\/wp-json\/wp\/v2\/media\/1101"}],"wp:attachment":[{"href":"https:\/\/rslbaltic.eu\/en\/wp-json\/wp\/v2\/media?parent=1096"}],"wp:term":[{"taxonomy":"product_brand","embeddable":true,"href":"https:\/\/rslbaltic.eu\/en\/wp-json\/wp\/v2\/product_brand?post=1096"},{"taxonomy":"product_cat","embeddable":true,"href":"https:\/\/rslbaltic.eu\/en\/wp-json\/wp\/v2\/product_cat?post=1096"},{"taxonomy":"product_tag","embeddable":true,"href":"https:\/\/rslbaltic.eu\/en\/wp-json\/wp\/v2\/product_tag?post=1096"}],"curies":[{"name":"wp","href":"https:\/\/api.w.org\/{rel}","templated":true}]}}