{"id":1107,"date":"2026-01-13T16:52:35","date_gmt":"2026-01-13T16:52:35","guid":{"rendered":"https:\/\/rslbaltic.eu\/?post_type=product&#038;p=1107"},"modified":"2026-02-25T14:21:34","modified_gmt":"2026-02-25T14:21:34","slug":"rsl-classic-tourney","status":"publish","type":"product","link":"https:\/\/rslbaltic.eu\/en\/product\/rsl-classic-tourney\/","title":{"rendered":"RSL Classic Tourney"},"content":{"rendered":"<p>\u201eRSL\u201c yra \u017einoma kaip viena i\u0161 pirmaujan\u010di\u0173 plunksnini\u0173 kamuoliuk\u0173 gamintoj\u0173 pasaulyje, o \u201eRSL Classic\u201c \u2013 tai absoliu\u010diai pasaulin\u0117s klas\u0117s plunksnin\u0117 kamuoliuko r\u016b\u0161is.<\/p>\n<p>\u201eRSL Classic\u201c ypa\u010d \u017einoma d\u0117l didel\u0117s perdirbimo vert\u0117s, tod\u0117l daugelis badmintono klub\u0173 sunaudoja daugiau plunksnini\u0173 kamuoliuk\u0173.<\/p>\n<p>\u201eRSL Classic\u201c plunksnos atrankos procese pereina 19 etap\u0173, kol yra patvirtinamos kaip vienos geriausi\u0173 pasaulyje plunksnini\u0173 kamuoliuk\u0173 dalis.<\/p>\n<p>\u201eRSL Classic\u201c yra BWF (Pasaulio badmintono federacijos) patvirtinta turnyrin\u0117 plunksnin\u0117 kamuoliuko r\u016b\u0161is.<\/p>","protected":false},"excerpt":{"rendered":"<p>\u201eRSL\u201c yra \u017einoma kaip viena i\u0161 pirmaujan\u010di\u0173 plunksnini\u0173 kamuoliuk\u0173 gamintoj\u0173 pasaulyje, o \u201eRSL Classic\u201c \u2013 tai absoliu\u010diai pasaulin\u0117s klas\u0117s plunksnin\u0117 kamuoliuko r\u016b\u0161is.<\/p>\n<p>\u201eRSL Classic\u201c ypa\u010d \u017einoma d\u0117l didel\u0117s perdirbimo vert\u0117s, tod\u0117l daugelis badmintono klub\u0173 sunaudoja daugiau plunksnini\u0173 kamuoliuk\u0173.<\/p>\n<p>\u201eRSL Classic\u201c plunksnos atrankos procese pereina 19 etap\u0173, kol yra patvirtinamos kaip vienos geriausi\u0173 pasaulyje plunksnini\u0173 kamuoliuk\u0173 dalis.<\/p>\n<p>\u201eRSL Classic\u201c yra BWF (Pasaulio badmintono federacijos) patvirtinta turnyrin\u0117 plunksnin\u0117 kamuoliuko r\u016b\u0161is.<\/p>","protected":false},"featured_media":1112,"template":"","meta":[],"product_brand":[],"product_cat":[62],"product_tag":[],"class_list":{"0":"post-1107","1":"product","2":"type-product","3":"status-publish","4":"has-post-thumbnail","6":"product_cat-plunksninukai","8":"first","9":"onbackorder","10":"sale","11":"taxable","12":"shipping-taxable","13":"purchasable","14":"product-type-variable"},"aioseo_notices":[],"_links":{"self":[{"href":"https:\/\/rslbaltic.eu\/en\/wp-json\/wp\/v2\/product\/1107","targetHints":{"allow":["GET"]}}],"collection":[{"href":"https:\/\/rslbaltic.eu\/en\/wp-json\/wp\/v2\/product"}],"about":[{"href":"https:\/\/rslbaltic.eu\/en\/wp-json\/wp\/v2\/types\/product"}],"wp:featuredmedia":[{"embeddable":true,"href":"https:\/\/rslbaltic.eu\/en\/wp-json\/wp\/v2\/media\/1112"}],"wp:attachment":[{"href":"https:\/\/rslbaltic.eu\/en\/wp-json\/wp\/v2\/media?parent=1107"}],"wp:term":[{"taxonomy":"product_brand","embeddable":true,"href":"https:\/\/rslbaltic.eu\/en\/wp-json\/wp\/v2\/product_brand?post=1107"},{"taxonomy":"product_cat","embeddable":true,"href":"https:\/\/rslbaltic.eu\/en\/wp-json\/wp\/v2\/product_cat?post=1107"},{"taxonomy":"product_tag","embeddable":true,"href":"https:\/\/rslbaltic.eu\/en\/wp-json\/wp\/v2\/product_tag?post=1107"}],"curies":[{"name":"wp","href":"https:\/\/api.w.org\/{rel}","templated":true}]}}