{"id":1117,"date":"2026-01-13T16:57:24","date_gmt":"2026-01-13T16:57:24","guid":{"rendered":"https:\/\/rslbaltic.eu\/?post_type=product&#038;p=1117"},"modified":"2026-02-19T13:31:44","modified_gmt":"2026-02-19T13:31:44","slug":"rsl-classic-academy","status":"publish","type":"product","link":"https:\/\/rslbaltic.eu\/en\/product\/rsl-classic-academy\/","title":{"rendered":"RSL Classic Academy"},"content":{"rendered":"<p>\u201eRSL Classic Academy\u201c \u2013 tai geras treniruo\u010di\u0173 ir pratyb\u0173 badmintonas, pagamintas i\u0161 100 % \u017e\u0105s\u0173 plunksn\u0173, pasi\u017eymintis labai geru kainos ir kokyb\u0117s santykiu. \u0160is badmintonas skirtas \u017eaid\u0117jams ir klubams, kurie ie\u0161ko ekonomi\u0161ko ir patvaraus badmintono.<\/p>","protected":false},"excerpt":{"rendered":"<p>\u201eRSL Classic Academy\u201c \u2013 tai geras treniruo\u010di\u0173 ir pratyb\u0173 badmintonas, pagamintas i\u0161 100 % \u017e\u0105s\u0173 plunksn\u0173, pasi\u017eymintis labai geru kainos ir kokyb\u0117s santykiu. \u0160is badmintonas skirtas \u017eaid\u0117jams ir klubams, kurie ie\u0161ko ekonomi\u0161ko ir patvaraus badmintono.<\/p>","protected":false},"featured_media":1118,"template":"","meta":[],"product_brand":[],"product_cat":[62],"product_tag":[],"class_list":{"0":"post-1117","1":"product","2":"type-product","3":"status-publish","4":"has-post-thumbnail","6":"product_cat-plunksninukai","8":"first","9":"onbackorder","10":"taxable","11":"shipping-taxable","12":"purchasable","13":"product-type-variable"},"aioseo_notices":[],"_links":{"self":[{"href":"https:\/\/rslbaltic.eu\/en\/wp-json\/wp\/v2\/product\/1117","targetHints":{"allow":["GET"]}}],"collection":[{"href":"https:\/\/rslbaltic.eu\/en\/wp-json\/wp\/v2\/product"}],"about":[{"href":"https:\/\/rslbaltic.eu\/en\/wp-json\/wp\/v2\/types\/product"}],"wp:featuredmedia":[{"embeddable":true,"href":"https:\/\/rslbaltic.eu\/en\/wp-json\/wp\/v2\/media\/1118"}],"wp:attachment":[{"href":"https:\/\/rslbaltic.eu\/en\/wp-json\/wp\/v2\/media?parent=1117"}],"wp:term":[{"taxonomy":"product_brand","embeddable":true,"href":"https:\/\/rslbaltic.eu\/en\/wp-json\/wp\/v2\/product_brand?post=1117"},{"taxonomy":"product_cat","embeddable":true,"href":"https:\/\/rslbaltic.eu\/en\/wp-json\/wp\/v2\/product_cat?post=1117"},{"taxonomy":"product_tag","embeddable":true,"href":"https:\/\/rslbaltic.eu\/en\/wp-json\/wp\/v2\/product_tag?post=1117"}],"curies":[{"name":"wp","href":"https:\/\/api.w.org\/{rel}","templated":true}]}}