{"id":1141,"date":"2026-01-13T18:18:39","date_gmt":"2026-01-13T18:18:39","guid":{"rendered":"https:\/\/rslbaltic.eu\/?post_type=product&#038;p=1141"},"modified":"2026-02-19T13:35:59","modified_gmt":"2026-02-19T13:35:59","slug":"rsl-classic-academy-50-vnt","status":"publish","type":"product","link":"https:\/\/rslbaltic.eu\/en\/product\/rsl-classic-academy-50-vnt\/","title":{"rendered":"RSL Classic Academy (50 vnt.)"},"content":{"rendered":"<p><strong>Kaina nurodyta u\u017e vis\u0105 komplekt\u0105, koplekte 50 tubos.<\/strong><\/p>","protected":false},"excerpt":{"rendered":"<p><strong>Kaina nurodyta u\u017e vis\u0105 komplekt\u0105, koplekte 50 tubos.<\/strong><\/p>","protected":false},"featured_media":1519,"template":"","meta":[],"product_brand":[],"product_cat":[62],"product_tag":[],"class_list":{"0":"post-1141","1":"product","2":"type-product","3":"status-publish","4":"has-post-thumbnail","6":"product_cat-plunksninukai","8":"first","9":"onbackorder","10":"taxable","11":"shipping-taxable","12":"purchasable","13":"product-type-variable"},"aioseo_notices":[],"_links":{"self":[{"href":"https:\/\/rslbaltic.eu\/en\/wp-json\/wp\/v2\/product\/1141","targetHints":{"allow":["GET"]}}],"collection":[{"href":"https:\/\/rslbaltic.eu\/en\/wp-json\/wp\/v2\/product"}],"about":[{"href":"https:\/\/rslbaltic.eu\/en\/wp-json\/wp\/v2\/types\/product"}],"wp:featuredmedia":[{"embeddable":true,"href":"https:\/\/rslbaltic.eu\/en\/wp-json\/wp\/v2\/media\/1519"}],"wp:attachment":[{"href":"https:\/\/rslbaltic.eu\/en\/wp-json\/wp\/v2\/media?parent=1141"}],"wp:term":[{"taxonomy":"product_brand","embeddable":true,"href":"https:\/\/rslbaltic.eu\/en\/wp-json\/wp\/v2\/product_brand?post=1141"},{"taxonomy":"product_cat","embeddable":true,"href":"https:\/\/rslbaltic.eu\/en\/wp-json\/wp\/v2\/product_cat?post=1141"},{"taxonomy":"product_tag","embeddable":true,"href":"https:\/\/rslbaltic.eu\/en\/wp-json\/wp\/v2\/product_tag?post=1141"}],"curies":[{"name":"wp","href":"https:\/\/api.w.org\/{rel}","templated":true}]}}