{"id":1176,"date":"2026-01-15T14:40:41","date_gmt":"2026-01-15T14:40:41","guid":{"rendered":"https:\/\/rslbaltic.eu\/?post_type=product&#038;p=1176"},"modified":"2026-02-21T14:28:18","modified_gmt":"2026-02-21T14:28:18","slug":"rsl-core-su-spauda","status":"publish","type":"product","link":"https:\/\/rslbaltic.eu\/en\/product\/rsl-core-su-spauda\/","title":{"rendered":"RSL Core su spauda"},"content":{"rendered":"<p>Pirkadami galite pasirinkti ar norite, kad b\u016bt\u0173 su j\u016bs\u0173 spauda paga BWF standartus.<\/p>\n<p>RSL Core d\u017eemperis su gobtuvu pagamintas i\u0161 auk\u0161tos kokyb\u0117s audinio, tinkamo tiek kasdieniam d\u0117v\u0117jimui, tiek treniruot\u0117ms. Med\u017eiaga i\u0161laiko jus sausus ir \u0161iltus treniruo\u010di\u0173 metu ir u\u017etikrina puik\u0173 bei patog\u0173 prigludim\u0105.<\/p>\n<p>Pastaba: Core d\u017eemperis su gobtuvu yra didelio dyd\u017eio.<\/p>\n<p>Med\u017eiaga: 70 % medviln\u0117, 30 % poliesteris<\/p>","protected":false},"excerpt":{"rendered":"<p>Pirkadami galite pasirinkti ar norite, kad b\u016bt\u0173 su j\u016bs\u0173 spauda paga BWF standartus.<\/p>\n<p>RSL Core d\u017eemperis su gobtuvu pagamintas i\u0161 auk\u0161tos kokyb\u0117s audinio, tinkamo tiek kasdieniam d\u0117v\u0117jimui, tiek treniruot\u0117ms. Med\u017eiaga i\u0161laiko jus sausus ir \u0161iltus treniruo\u010di\u0173 metu ir u\u017etikrina puik\u0173 bei patog\u0173 prigludim\u0105.<\/p>\n<p>Pastaba: Core d\u017eemperis su gobtuvu yra didelio dyd\u017eio.<\/p>\n<p>Med\u017eiaga: 70 % medviln\u0117, 30 % poliesteris<\/p>","protected":false},"featured_media":1192,"template":"","meta":[],"product_brand":[],"product_cat":[25,69,29],"product_tag":[],"class_list":{"0":"post-1176","1":"product","2":"type-product","3":"status-publish","4":"has-post-thumbnail","6":"product_cat-dzemperiai","7":"product_cat-klubams","8":"product_cat-lifestyle","10":"first","11":"onbackorder","12":"taxable","13":"shipping-taxable","14":"purchasable","15":"product-type-variable"},"aioseo_notices":[],"_links":{"self":[{"href":"https:\/\/rslbaltic.eu\/en\/wp-json\/wp\/v2\/product\/1176","targetHints":{"allow":["GET"]}}],"collection":[{"href":"https:\/\/rslbaltic.eu\/en\/wp-json\/wp\/v2\/product"}],"about":[{"href":"https:\/\/rslbaltic.eu\/en\/wp-json\/wp\/v2\/types\/product"}],"wp:featuredmedia":[{"embeddable":true,"href":"https:\/\/rslbaltic.eu\/en\/wp-json\/wp\/v2\/media\/1192"}],"wp:attachment":[{"href":"https:\/\/rslbaltic.eu\/en\/wp-json\/wp\/v2\/media?parent=1176"}],"wp:term":[{"taxonomy":"product_brand","embeddable":true,"href":"https:\/\/rslbaltic.eu\/en\/wp-json\/wp\/v2\/product_brand?post=1176"},{"taxonomy":"product_cat","embeddable":true,"href":"https:\/\/rslbaltic.eu\/en\/wp-json\/wp\/v2\/product_cat?post=1176"},{"taxonomy":"product_tag","embeddable":true,"href":"https:\/\/rslbaltic.eu\/en\/wp-json\/wp\/v2\/product_tag?post=1176"}],"curies":[{"name":"wp","href":"https:\/\/api.w.org\/{rel}","templated":true}]}}