{"id":128,"date":"2026-01-12T12:55:05","date_gmt":"2026-01-12T12:55:05","guid":{"rendered":"https:\/\/rslbaltic.eu\/?post_type=product&#038;p=128"},"modified":"2026-02-21T15:18:00","modified_gmt":"2026-02-21T15:18:00","slug":"rsl-lyra-m","status":"publish","type":"product","link":"https:\/\/rslbaltic.eu\/en\/product\/rsl-lyra-m\/","title":{"rendered":"RSL Lyra M"},"content":{"rendered":"<p>RSL Lyra unisex mar\u0161kin\u0117liai pagaminti i\u0161 dr\u0117gm\u0119 sugerian\u010dios ir patogios med\u017eiagos, kuri padeda i\u0161likti sausiems treniruo\u010di\u0173 metu. Audinys yra tamprus, tod\u0117l puikiai priglunda ir yra patogus \u017eaid\u017eiant.<\/p>\n<p>Med\u017eiaga: 100 % poliesteris<\/p>","protected":false},"excerpt":{"rendered":"<p>RSL Lyra unisex mar\u0161kin\u0117liai pagaminti i\u0161 dr\u0117gm\u0119 sugerian\u010dios ir patogios med\u017eiagos, kuri padeda i\u0161likti sausiems treniruo\u010di\u0173 metu. Audinys yra tamprus, tod\u0117l puikiai priglunda ir yra patogus \u017eaid\u017eiant.<\/p>\n<p>Med\u017eiaga: 100 % poliesteris<\/p>","protected":false},"featured_media":129,"template":"","meta":[],"product_brand":[],"product_cat":[23],"product_tag":[],"class_list":{"0":"post-128","1":"product","2":"type-product","3":"status-publish","4":"has-post-thumbnail","6":"product_cat-marskineliai","8":"first","9":"onbackorder","10":"sale","11":"taxable","12":"shipping-taxable","13":"purchasable","14":"product-type-variable"},"aioseo_notices":[],"_links":{"self":[{"href":"https:\/\/rslbaltic.eu\/en\/wp-json\/wp\/v2\/product\/128","targetHints":{"allow":["GET"]}}],"collection":[{"href":"https:\/\/rslbaltic.eu\/en\/wp-json\/wp\/v2\/product"}],"about":[{"href":"https:\/\/rslbaltic.eu\/en\/wp-json\/wp\/v2\/types\/product"}],"wp:featuredmedia":[{"embeddable":true,"href":"https:\/\/rslbaltic.eu\/en\/wp-json\/wp\/v2\/media\/129"}],"wp:attachment":[{"href":"https:\/\/rslbaltic.eu\/en\/wp-json\/wp\/v2\/media?parent=128"}],"wp:term":[{"taxonomy":"product_brand","embeddable":true,"href":"https:\/\/rslbaltic.eu\/en\/wp-json\/wp\/v2\/product_brand?post=128"},{"taxonomy":"product_cat","embeddable":true,"href":"https:\/\/rslbaltic.eu\/en\/wp-json\/wp\/v2\/product_cat?post=128"},{"taxonomy":"product_tag","embeddable":true,"href":"https:\/\/rslbaltic.eu\/en\/wp-json\/wp\/v2\/product_tag?post=128"}],"curies":[{"name":"wp","href":"https:\/\/api.w.org\/{rel}","templated":true}]}}