{"id":1280,"date":"2026-02-13T12:10:02","date_gmt":"2026-02-13T12:10:02","guid":{"rendered":"https:\/\/rslbaltic.eu\/?post_type=product&#038;p=1280"},"modified":"2026-04-20T10:32:58","modified_gmt":"2026-04-20T10:32:58","slug":"rsl-flow-m","status":"publish","type":"product","link":"https:\/\/rslbaltic.eu\/en\/product\/rsl-flow-m\/","title":{"rendered":"RSL Flow M"},"content":{"rendered":"<p>\u201eRSL Flow\u201c unisex mar\u0161kin\u0117liai pagaminti i\u0161 lengvo ir dr\u0117gm\u0119 sugerian\u010dio audinio, kuris u\u017etikrina puik\u0173 komfort\u0105 tiek treniruo\u010di\u0173, tiek rungtyni\u0173 metu. Tampri med\u017eiaga u\u017etikrina patog\u0173 prigludim\u0105 ir nat\u016brali\u0105 jud\u0117jimo laisv\u0119, leid\u017eian\u010di\u0105 jums visi\u0161kai susikaupti ties \u017eaidimu.<\/p>\n<p>Med\u017eiaga: 100 % poliesteris<br \/>\nSpalva: juoda<\/p>","protected":false},"excerpt":{"rendered":"<p>\u201eRSL Flow\u201c unisex mar\u0161kin\u0117liai pagaminti i\u0161 lengvo ir dr\u0117gm\u0119 sugerian\u010dio audinio, kuris u\u017etikrina puik\u0173 komfort\u0105 tiek treniruo\u010di\u0173, tiek rungtyni\u0173 metu. Tampri med\u017eiaga u\u017etikrina patog\u0173 prigludim\u0105 ir nat\u016brali\u0105 jud\u0117jimo laisv\u0119, leid\u017eian\u010di\u0105 jums visi\u0161kai susikaupti ties \u017eaidimu.<\/p>\n<p>Med\u017eiaga: 100 % poliesteris<br \/>\nSpalva: juoda<\/p>","protected":false},"featured_media":1286,"template":"","meta":[],"product_brand":[],"product_cat":[23,70],"product_tag":[],"class_list":{"0":"post-1280","1":"product","2":"type-product","3":"status-publish","4":"has-post-thumbnail","6":"product_cat-marskineliai","7":"product_cat-nauja-kolekcija-2026","9":"first","10":"instock","11":"taxable","12":"shipping-taxable","13":"purchasable","14":"product-type-variable"},"aioseo_notices":[],"_links":{"self":[{"href":"https:\/\/rslbaltic.eu\/en\/wp-json\/wp\/v2\/product\/1280","targetHints":{"allow":["GET"]}}],"collection":[{"href":"https:\/\/rslbaltic.eu\/en\/wp-json\/wp\/v2\/product"}],"about":[{"href":"https:\/\/rslbaltic.eu\/en\/wp-json\/wp\/v2\/types\/product"}],"wp:featuredmedia":[{"embeddable":true,"href":"https:\/\/rslbaltic.eu\/en\/wp-json\/wp\/v2\/media\/1286"}],"wp:attachment":[{"href":"https:\/\/rslbaltic.eu\/en\/wp-json\/wp\/v2\/media?parent=1280"}],"wp:term":[{"taxonomy":"product_brand","embeddable":true,"href":"https:\/\/rslbaltic.eu\/en\/wp-json\/wp\/v2\/product_brand?post=1280"},{"taxonomy":"product_cat","embeddable":true,"href":"https:\/\/rslbaltic.eu\/en\/wp-json\/wp\/v2\/product_cat?post=1280"},{"taxonomy":"product_tag","embeddable":true,"href":"https:\/\/rslbaltic.eu\/en\/wp-json\/wp\/v2\/product_tag?post=1280"}],"curies":[{"name":"wp","href":"https:\/\/api.w.org\/{rel}","templated":true}]}}