{"id":1287,"date":"2026-02-13T12:13:39","date_gmt":"2026-02-13T12:13:39","guid":{"rendered":"https:\/\/rslbaltic.eu\/?post_type=product&#038;p=1287"},"modified":"2026-04-20T10:25:12","modified_gmt":"2026-04-20T10:25:12","slug":"rsl-flow-w","status":"publish","type":"product","link":"https:\/\/rslbaltic.eu\/en\/product\/rsl-flow-w\/","title":{"rendered":"RSL Flow W"},"content":{"rendered":"<p>\u201eRSL Flow\u201c moteri\u0161ki mar\u0161kin\u0117liai pasi\u016bti i\u0161 lengvo ir kv\u0117puojan\u010dio audinio, kuris efektyviai sugeria dr\u0117gm\u0119 nuo k\u016bno ir padeda i\u0161likti sausiems \u017eaidimo metu. Tampri med\u017eiaga ir moteri\u0161kas kirpimas u\u017etikrina optimal\u0173 komfort\u0105 ir jud\u0117jimo laisv\u0119 aik\u0161tel\u0117je.<\/p>\n<p>Med\u017eiaga: 100 % poliesteris<br \/>\nSpalva: juoda<\/p>","protected":false},"excerpt":{"rendered":"<p>\u201eRSL Flow\u201c moteri\u0161ki mar\u0161kin\u0117liai pasi\u016bti i\u0161 lengvo ir kv\u0117puojan\u010dio audinio, kuris efektyviai sugeria dr\u0117gm\u0119 nuo k\u016bno ir padeda i\u0161likti sausiems \u017eaidimo metu. Tampri med\u017eiaga ir moteri\u0161kas kirpimas u\u017etikrina optimal\u0173 komfort\u0105 ir jud\u0117jimo laisv\u0119 aik\u0161tel\u0117je.<\/p>\n<p>Med\u017eiaga: 100 % poliesteris<br \/>\nSpalva: juoda<\/p>","protected":false},"featured_media":1292,"template":"","meta":[],"product_brand":[],"product_cat":[23,70],"product_tag":[],"class_list":{"0":"post-1287","1":"product","2":"type-product","3":"status-publish","4":"has-post-thumbnail","6":"product_cat-marskineliai","7":"product_cat-nauja-kolekcija-2026","9":"first","10":"instock","11":"taxable","12":"shipping-taxable","13":"purchasable","14":"product-type-variable"},"aioseo_notices":[],"_links":{"self":[{"href":"https:\/\/rslbaltic.eu\/en\/wp-json\/wp\/v2\/product\/1287","targetHints":{"allow":["GET"]}}],"collection":[{"href":"https:\/\/rslbaltic.eu\/en\/wp-json\/wp\/v2\/product"}],"about":[{"href":"https:\/\/rslbaltic.eu\/en\/wp-json\/wp\/v2\/types\/product"}],"wp:featuredmedia":[{"embeddable":true,"href":"https:\/\/rslbaltic.eu\/en\/wp-json\/wp\/v2\/media\/1292"}],"wp:attachment":[{"href":"https:\/\/rslbaltic.eu\/en\/wp-json\/wp\/v2\/media?parent=1287"}],"wp:term":[{"taxonomy":"product_brand","embeddable":true,"href":"https:\/\/rslbaltic.eu\/en\/wp-json\/wp\/v2\/product_brand?post=1287"},{"taxonomy":"product_cat","embeddable":true,"href":"https:\/\/rslbaltic.eu\/en\/wp-json\/wp\/v2\/product_cat?post=1287"},{"taxonomy":"product_tag","embeddable":true,"href":"https:\/\/rslbaltic.eu\/en\/wp-json\/wp\/v2\/product_tag?post=1287"}],"curies":[{"name":"wp","href":"https:\/\/api.w.org\/{rel}","templated":true}]}}