{"id":1352,"date":"2026-02-13T13:13:52","date_gmt":"2026-02-13T13:13:52","guid":{"rendered":"https:\/\/rslbaltic.eu\/?post_type=product&#038;p=1352"},"modified":"2026-02-26T16:00:43","modified_gmt":"2026-02-26T16:00:43","slug":"rsl-dtl-8a","status":"publish","type":"product","link":"https:\/\/rslbaltic.eu\/en\/product\/rsl-dtl-8a\/","title":{"rendered":"RSL DTL 8A"},"content":{"rendered":"<p>RSL DTL 8A \u2013 naujos kartos plunksninis \u0161audykl\u0117<\/p>\n<p>Patirkite naujos kartos plunksninius \u0161audykles su RSL DTL 8A \u2013 novatori\u0161ku plunksniniu \u0161audykle, sukurtu maksimaliam patvarumui ir i\u0161skirtiniam kainos ir kokyb\u0117s santykiui.<br \/>\nDTL 8A, kurio konstrukcijoje yra tik 8 plunksnos, lau\u017eo tradicijas, i\u0161laikydamas autenti\u0161k\u0105 gars\u0105 ir poj\u016bt\u012f, kurio tikit\u0117s i\u0161 klasikinio plunksninio \u0161audykl\u0117s.<\/p>\n<p>RSL DTL 8A privalumai:<\/p>\n<p>Didelis patvarumas<br \/>\nSuma\u017einta, bet storesn\u0117 plunksn\u0173 strukt\u016bra u\u017etikrina ilgesn\u012f tarnavimo laik\u0105 nepakenkiant grojimo patir\u010diai.<\/p>\n<p>Puikus kainos ir kokyb\u0117s santykis<br \/>\nAtlaidus ir stabilus plunksninis \u0161audykl\u0117, u\u017etikrinantis pastov\u0173 na\u0161um\u0105. Idealiai tinka klubams, pradedantiesiems ir vidutinio lygio \u017eaid\u0117jams, ie\u0161kantiems maksimalios vert\u0117s.<\/p>\n<p>Autenti\u0161kas garsas ir skrydis<br \/>\nNepaisant ma\u017eesnio plunksn\u0173 kiekio, DTL 8A pasi\u017eymi b\u016bdingu garsu ir skryd\u017eiu, kurio tikimasi i\u0161 tradicinio plunksninio \u0161audykl\u0117s.<\/p>\n<p>Prek\u0117s Nr.: 1027<br \/>\nGreitis: 77 \/ 78<\/p>","protected":false},"excerpt":{"rendered":"<p>RSL DTL 8A \u2013 naujos kartos plunksninis \u0161audykl\u0117 Patirkite naujos kartos plunksninius \u0161audykles su RSL DTL 8A \u2013 novatori\u0161ku plunksniniu \u0161audykle, sukurtu maksimaliam patvarumui ir i\u0161skirtiniam kainos ir kokyb\u0117s santykiui. DTL 8A, kurio konstrukcijoje yra tik 8 plunksnos, lau\u017eo tradicijas, i\u0161laikydamas autenti\u0161k\u0105 gars\u0105 ir poj\u016bt\u012f, kurio tikit\u0117s i\u0161 klasikinio plunksninio \u0161audykl\u0117s. RSL DTL 8A privalumai: [&hellip;]<\/p>\n","protected":false},"featured_media":1354,"template":"","meta":[],"product_brand":[],"product_cat":[70,62],"product_tag":[],"class_list":{"0":"post-1352","1":"product","2":"type-product","3":"status-publish","4":"has-post-thumbnail","6":"product_cat-nauja-kolekcija-2026","7":"product_cat-plunksninukai","9":"first","10":"onbackorder","11":"taxable","12":"shipping-taxable","13":"purchasable","14":"product-type-variable"},"aioseo_notices":[],"_links":{"self":[{"href":"https:\/\/rslbaltic.eu\/en\/wp-json\/wp\/v2\/product\/1352","targetHints":{"allow":["GET"]}}],"collection":[{"href":"https:\/\/rslbaltic.eu\/en\/wp-json\/wp\/v2\/product"}],"about":[{"href":"https:\/\/rslbaltic.eu\/en\/wp-json\/wp\/v2\/types\/product"}],"wp:featuredmedia":[{"embeddable":true,"href":"https:\/\/rslbaltic.eu\/en\/wp-json\/wp\/v2\/media\/1354"}],"wp:attachment":[{"href":"https:\/\/rslbaltic.eu\/en\/wp-json\/wp\/v2\/media?parent=1352"}],"wp:term":[{"taxonomy":"product_brand","embeddable":true,"href":"https:\/\/rslbaltic.eu\/en\/wp-json\/wp\/v2\/product_brand?post=1352"},{"taxonomy":"product_cat","embeddable":true,"href":"https:\/\/rslbaltic.eu\/en\/wp-json\/wp\/v2\/product_cat?post=1352"},{"taxonomy":"product_tag","embeddable":true,"href":"https:\/\/rslbaltic.eu\/en\/wp-json\/wp\/v2\/product_tag?post=1352"}],"curies":[{"name":"wp","href":"https:\/\/api.w.org\/{rel}","templated":true}]}}