{"id":1529,"date":"2026-02-21T15:37:31","date_gmt":"2026-02-21T15:37:31","guid":{"rendered":"https:\/\/rslbaltic.eu\/?post_type=product&#038;p=1529"},"modified":"2026-02-21T15:38:08","modified_gmt":"2026-02-21T15:38:08","slug":"marskineliai-su-spauda","status":"publish","type":"product","link":"https:\/\/rslbaltic.eu\/en\/product\/marskineliai-su-spauda\/","title":{"rendered":"Mar\u0161kin\u0117liai su spauda"},"content":{"rendered":"<p>Mar\u0161kin\u0117liai su spauda, yra galimyb\u0117 u\u017ed\u0117ti klubo logotipa,\u00a0 ant priekio, ir v\u0117liava. ir pavarde su \u0161alimi ant galo.<\/p>\n<p>Minimalus u\u017esakymo kiekis 5vnt.<\/p>\n<p>Galite i\u0161sirinkti bet kokia maikut\u012fs dizaina.<\/p>","protected":false},"excerpt":{"rendered":"<p>Mar\u0161kin\u0117liai su spauda, yra galimyb\u0117 u\u017ed\u0117ti klubo logotipa,\u00a0 ant priekio, ir v\u0117liava. ir pavarde su \u0161alimi ant galo. Minimalus u\u017esakymo kiekis 5vnt. Galite i\u0161sirinkti bet kokia maikut\u012fs dizaina.<\/p>","protected":false},"featured_media":1531,"template":"","meta":[],"product_brand":[],"product_cat":[69,23],"product_tag":[],"class_list":{"0":"post-1529","1":"product","2":"type-product","3":"status-publish","4":"has-post-thumbnail","6":"product_cat-klubams","7":"product_cat-marskineliai","9":"first","10":"instock","11":"sale","12":"taxable","13":"shipping-taxable","14":"purchasable","15":"product-type-simple"},"aioseo_notices":[],"_links":{"self":[{"href":"https:\/\/rslbaltic.eu\/en\/wp-json\/wp\/v2\/product\/1529","targetHints":{"allow":["GET"]}}],"collection":[{"href":"https:\/\/rslbaltic.eu\/en\/wp-json\/wp\/v2\/product"}],"about":[{"href":"https:\/\/rslbaltic.eu\/en\/wp-json\/wp\/v2\/types\/product"}],"wp:featuredmedia":[{"embeddable":true,"href":"https:\/\/rslbaltic.eu\/en\/wp-json\/wp\/v2\/media\/1531"}],"wp:attachment":[{"href":"https:\/\/rslbaltic.eu\/en\/wp-json\/wp\/v2\/media?parent=1529"}],"wp:term":[{"taxonomy":"product_brand","embeddable":true,"href":"https:\/\/rslbaltic.eu\/en\/wp-json\/wp\/v2\/product_brand?post=1529"},{"taxonomy":"product_cat","embeddable":true,"href":"https:\/\/rslbaltic.eu\/en\/wp-json\/wp\/v2\/product_cat?post=1529"},{"taxonomy":"product_tag","embeddable":true,"href":"https:\/\/rslbaltic.eu\/en\/wp-json\/wp\/v2\/product_tag?post=1529"}],"curies":[{"name":"wp","href":"https:\/\/api.w.org\/{rel}","templated":true}]}}