{"id":256,"date":"2026-01-12T13:53:52","date_gmt":"2026-01-12T13:53:52","guid":{"rendered":"https:\/\/rslbaltic.eu\/?post_type=product&#038;p=256"},"modified":"2026-02-21T15:08:16","modified_gmt":"2026-02-21T15:08:16","slug":"rsl-stone-m","status":"publish","type":"product","link":"https:\/\/rslbaltic.eu\/en\/product\/rsl-stone-m\/","title":{"rendered":"RSL Stone M"},"content":{"rendered":"<p>Auk\u0161\u010diausios kokyb\u0117s sportiniai mar\u0161kin\u0117liai. Labai kv\u0117puojan\u010dios ir dr\u0117gm\u0119 i\u0161skirian\u010dios med\u017eiagos, kurios padeda i\u0161laikyti v\u0117s\u0105 ir sausum\u0105 treniruo\u010di\u0173 metu.<br \/>\n\u012eprasto dyd\u017eio ir patog\u016bs.<\/p>\n<p>Med\u017eiaga: 100 % poliesteris<\/p>","protected":false},"excerpt":{"rendered":"<p>Auk\u0161\u010diausios kokyb\u0117s sportiniai mar\u0161kin\u0117liai. Labai kv\u0117puojan\u010dios ir dr\u0117gm\u0119 i\u0161skirian\u010dios med\u017eiagos, kurios padeda i\u0161laikyti v\u0117s\u0105 ir sausum\u0105 treniruo\u010di\u0173 metu.<br \/>\n\u012eprasto dyd\u017eio ir patog\u016bs.<\/p>\n<p>Med\u017eiaga: 100 % poliesteris<\/p>","protected":false},"featured_media":263,"template":"","meta":[],"product_brand":[],"product_cat":[23],"product_tag":[],"class_list":{"0":"post-256","1":"product","2":"type-product","3":"status-publish","4":"has-post-thumbnail","6":"product_cat-marskineliai","8":"first","9":"onbackorder","10":"sale","11":"taxable","12":"shipping-taxable","13":"purchasable","14":"product-type-variable"},"aioseo_notices":[],"_links":{"self":[{"href":"https:\/\/rslbaltic.eu\/en\/wp-json\/wp\/v2\/product\/256","targetHints":{"allow":["GET"]}}],"collection":[{"href":"https:\/\/rslbaltic.eu\/en\/wp-json\/wp\/v2\/product"}],"about":[{"href":"https:\/\/rslbaltic.eu\/en\/wp-json\/wp\/v2\/types\/product"}],"wp:featuredmedia":[{"embeddable":true,"href":"https:\/\/rslbaltic.eu\/en\/wp-json\/wp\/v2\/media\/263"}],"wp:attachment":[{"href":"https:\/\/rslbaltic.eu\/en\/wp-json\/wp\/v2\/media?parent=256"}],"wp:term":[{"taxonomy":"product_brand","embeddable":true,"href":"https:\/\/rslbaltic.eu\/en\/wp-json\/wp\/v2\/product_brand?post=256"},{"taxonomy":"product_cat","embeddable":true,"href":"https:\/\/rslbaltic.eu\/en\/wp-json\/wp\/v2\/product_cat?post=256"},{"taxonomy":"product_tag","embeddable":true,"href":"https:\/\/rslbaltic.eu\/en\/wp-json\/wp\/v2\/product_tag?post=256"}],"curies":[{"name":"wp","href":"https:\/\/api.w.org\/{rel}","templated":true}]}}