{"id":31,"date":"2026-01-12T12:18:13","date_gmt":"2026-01-12T12:18:13","guid":{"rendered":"https:\/\/rslbaltic.eu\/?post_type=product&#038;p=31"},"modified":"2026-02-21T15:23:39","modified_gmt":"2026-02-21T15:23:39","slug":"rsl-libra-m","status":"publish","type":"product","link":"https:\/\/rslbaltic.eu\/en\/product\/rsl-libra-m\/","title":{"rendered":"RSL Libra M"},"content":{"rendered":"<p><strong data-end=\"68\" data-start=\"44\"><span dir=\"auto\">RSL Libra unisex mar\u0161kin\u0117liai<\/span><\/strong><span dir=\"auto\"><br \/>\npagaminti i\u0161 dr\u0117gm\u0119 sugerian\u010dios ir patogios med\u017eiagos, kuri i\u0161laiko jus sausus treniruo\u010di\u0173 metu. Med\u017eiaga yra tampri, tod\u0117l gerai ir patogiai priglunda \u017eaidimo metu.<\/span><\/p>\n<p>Med\u017eiaga<span dir=\"auto\">: 100% poliesterolis<\/span><\/p>","protected":false},"excerpt":{"rendered":"<p><strong data-end=\"68\" data-start=\"44\"><span dir=\"auto\">RSL Libra unisex mar\u0161kin\u0117liai<\/span><\/strong><span dir=\"auto\"><br \/>\npagaminti i\u0161 dr\u0117gm\u0119 sugerian\u010dios ir patogios med\u017eiagos, kuri i\u0161laiko jus sausus treniruo\u010di\u0173 metu. Med\u017eiaga yra tampri, tod\u0117l gerai ir patogiai priglunda \u017eaidimo metu.<\/span><\/p>\n<p>Med\u017eiaga<span dir=\"auto\">: 100% poliesterolis<\/span><\/p>","protected":false},"featured_media":93,"template":"","meta":[],"product_brand":[],"product_cat":[23],"product_tag":[],"class_list":{"0":"post-31","1":"product","2":"type-product","3":"status-publish","4":"has-post-thumbnail","6":"product_cat-marskineliai","8":"first","9":"onbackorder","10":"sale","11":"taxable","12":"shipping-taxable","13":"purchasable","14":"product-type-variable"},"aioseo_notices":[],"_links":{"self":[{"href":"https:\/\/rslbaltic.eu\/en\/wp-json\/wp\/v2\/product\/31","targetHints":{"allow":["GET"]}}],"collection":[{"href":"https:\/\/rslbaltic.eu\/en\/wp-json\/wp\/v2\/product"}],"about":[{"href":"https:\/\/rslbaltic.eu\/en\/wp-json\/wp\/v2\/types\/product"}],"wp:featuredmedia":[{"embeddable":true,"href":"https:\/\/rslbaltic.eu\/en\/wp-json\/wp\/v2\/media\/93"}],"wp:attachment":[{"href":"https:\/\/rslbaltic.eu\/en\/wp-json\/wp\/v2\/media?parent=31"}],"wp:term":[{"taxonomy":"product_brand","embeddable":true,"href":"https:\/\/rslbaltic.eu\/en\/wp-json\/wp\/v2\/product_brand?post=31"},{"taxonomy":"product_cat","embeddable":true,"href":"https:\/\/rslbaltic.eu\/en\/wp-json\/wp\/v2\/product_cat?post=31"},{"taxonomy":"product_tag","embeddable":true,"href":"https:\/\/rslbaltic.eu\/en\/wp-json\/wp\/v2\/product_tag?post=31"}],"curies":[{"name":"wp","href":"https:\/\/api.w.org\/{rel}","templated":true}]}}