{"id":338,"date":"2026-01-12T14:28:58","date_gmt":"2026-01-12T14:28:58","guid":{"rendered":"https:\/\/rslbaltic.eu\/?post_type=product&#038;p=338"},"modified":"2026-02-21T15:00:01","modified_gmt":"2026-02-21T15:00:01","slug":"rsl-vela-w","status":"publish","type":"product","link":"https:\/\/rslbaltic.eu\/en\/product\/rsl-vela-w\/","title":{"rendered":"RSL Vela W"},"content":{"rendered":"<p>RSL Vela moteri\u0161ki mar\u0161kin\u0117liai pagaminti i\u0161 dr\u0117gm\u0119 sugerian\u010dios ir patogios med\u017eiagos, kuri padeda i\u0161likti sausiems treniruo\u010di\u0173 metu. Audinys yra tamprus, tod\u0117l puikiai priglunda ir yra patogus \u017eaid\u017eiant.<\/p>\n<p>Med\u017eiaga: 100 % poliesteris<\/p>","protected":false},"excerpt":{"rendered":"<p>RSL Vela moteri\u0161ki mar\u0161kin\u0117liai pagaminti i\u0161 dr\u0117gm\u0119 sugerian\u010dios ir patogios med\u017eiagos, kuri padeda i\u0161likti sausiems treniruo\u010di\u0173 metu. Audinys yra tamprus, tod\u0117l puikiai priglunda ir yra patogus \u017eaid\u017eiant.<\/p>\n<p>Med\u017eiaga: 100 % poliesteris<\/p>","protected":false},"featured_media":344,"template":"","meta":[],"product_brand":[],"product_cat":[23],"product_tag":[],"class_list":{"0":"post-338","1":"product","2":"type-product","3":"status-publish","4":"has-post-thumbnail","6":"product_cat-marskineliai","8":"first","9":"onbackorder","10":"sale","11":"taxable","12":"shipping-taxable","13":"purchasable","14":"product-type-variable"},"aioseo_notices":[],"_links":{"self":[{"href":"https:\/\/rslbaltic.eu\/en\/wp-json\/wp\/v2\/product\/338","targetHints":{"allow":["GET"]}}],"collection":[{"href":"https:\/\/rslbaltic.eu\/en\/wp-json\/wp\/v2\/product"}],"about":[{"href":"https:\/\/rslbaltic.eu\/en\/wp-json\/wp\/v2\/types\/product"}],"wp:featuredmedia":[{"embeddable":true,"href":"https:\/\/rslbaltic.eu\/en\/wp-json\/wp\/v2\/media\/344"}],"wp:attachment":[{"href":"https:\/\/rslbaltic.eu\/en\/wp-json\/wp\/v2\/media?parent=338"}],"wp:term":[{"taxonomy":"product_brand","embeddable":true,"href":"https:\/\/rslbaltic.eu\/en\/wp-json\/wp\/v2\/product_brand?post=338"},{"taxonomy":"product_cat","embeddable":true,"href":"https:\/\/rslbaltic.eu\/en\/wp-json\/wp\/v2\/product_cat?post=338"},{"taxonomy":"product_tag","embeddable":true,"href":"https:\/\/rslbaltic.eu\/en\/wp-json\/wp\/v2\/product_tag?post=338"}],"curies":[{"name":"wp","href":"https:\/\/api.w.org\/{rel}","templated":true}]}}