{"id":384,"date":"2026-01-12T14:50:41","date_gmt":"2026-01-12T14:50:41","guid":{"rendered":"https:\/\/rslbaltic.eu\/?post_type=product&#038;p=384"},"modified":"2026-02-21T14:27:21","modified_gmt":"2026-02-21T14:27:21","slug":"rsl-cardiff","status":"publish","type":"product","link":"https:\/\/rslbaltic.eu\/en\/product\/rsl-cardiff\/","title":{"rendered":"RSL Cardiff"},"content":{"rendered":"<p>Med\u017eiaga: 70 % medviln\u0117s ir 30 % poliesterio<\/p>\n<p>Cardiff d\u017eemperis su gobtuvu pagamintas i\u0161 kokybi\u0161kos med\u017eiagos, kuri treniruo\u010di\u0173 metu jus i\u0161laiko sausus ir \u0161iltus. Med\u017eiaga u\u017etikrina ger\u0105 ir patog\u0173 prigludim\u0105 \u017eaidimo metu.<\/p>\n<p>D\u0117v\u0117kite j\u012f ir laisvalaikiu.<\/p>\n<p>\u0160is d\u017eemperis su gobtuvu yra didelio dyd\u017eio.<\/p>","protected":false},"excerpt":{"rendered":"<p>Med\u017eiaga: 70 % medviln\u0117s ir 30 % poliesterio<\/p>\n<p>Cardiff d\u017eemperis su gobtuvu pagamintas i\u0161 kokybi\u0161kos med\u017eiagos, kuri treniruo\u010di\u0173 metu jus i\u0161laiko sausus ir \u0161iltus. Med\u017eiaga u\u017etikrina ger\u0105 ir patog\u0173 prigludim\u0105 \u017eaidimo metu.<\/p>\n<p>D\u0117v\u0117kite j\u012f ir laisvalaikiu.<\/p>\n<p>\u0160is d\u017eemperis su gobtuvu yra didelio dyd\u017eio.<\/p>","protected":false},"featured_media":394,"template":"","meta":[],"product_brand":[],"product_cat":[29,25],"product_tag":[],"class_list":{"0":"post-384","1":"product","2":"type-product","3":"status-publish","4":"has-post-thumbnail","6":"product_cat-lifestyle","7":"product_cat-dzemperiai","9":"first","10":"onbackorder","11":"sale","12":"taxable","13":"shipping-taxable","14":"purchasable","15":"product-type-variable"},"aioseo_notices":[],"_links":{"self":[{"href":"https:\/\/rslbaltic.eu\/en\/wp-json\/wp\/v2\/product\/384","targetHints":{"allow":["GET"]}}],"collection":[{"href":"https:\/\/rslbaltic.eu\/en\/wp-json\/wp\/v2\/product"}],"about":[{"href":"https:\/\/rslbaltic.eu\/en\/wp-json\/wp\/v2\/types\/product"}],"wp:featuredmedia":[{"embeddable":true,"href":"https:\/\/rslbaltic.eu\/en\/wp-json\/wp\/v2\/media\/394"}],"wp:attachment":[{"href":"https:\/\/rslbaltic.eu\/en\/wp-json\/wp\/v2\/media?parent=384"}],"wp:term":[{"taxonomy":"product_brand","embeddable":true,"href":"https:\/\/rslbaltic.eu\/en\/wp-json\/wp\/v2\/product_brand?post=384"},{"taxonomy":"product_cat","embeddable":true,"href":"https:\/\/rslbaltic.eu\/en\/wp-json\/wp\/v2\/product_cat?post=384"},{"taxonomy":"product_tag","embeddable":true,"href":"https:\/\/rslbaltic.eu\/en\/wp-json\/wp\/v2\/product_tag?post=384"}],"curies":[{"name":"wp","href":"https:\/\/api.w.org\/{rel}","templated":true}]}}