{"id":401,"date":"2026-01-12T15:09:27","date_gmt":"2026-01-12T15:09:27","guid":{"rendered":"https:\/\/rslbaltic.eu\/?post_type=product&#038;p=401"},"modified":"2026-02-21T14:26:15","modified_gmt":"2026-02-21T14:26:15","slug":"rsl-core","status":"publish","type":"product","link":"https:\/\/rslbaltic.eu\/en\/product\/rsl-core\/","title":{"rendered":"RSL Core"},"content":{"rendered":"<p>RSL Core d\u017eemperis su gobtuvu pagamintas i\u0161 auk\u0161tos kokyb\u0117s audinio, tinkamo tiek kasdieniam d\u0117v\u0117jimui, tiek treniruot\u0117ms. Med\u017eiaga i\u0161laiko jus sausus ir \u0161iltus treniruo\u010di\u0173 metu ir u\u017etikrina puik\u0173 bei patog\u0173 prigludim\u0105.<\/p>\n<p>Pastaba: Core d\u017eemperis su gobtuvu yra didelio dyd\u017eio.<\/p>\n<p>Med\u017eiaga: 70 % medviln\u0117, 30 % poliesteris<\/p>","protected":false},"excerpt":{"rendered":"<p>RSL Core d\u017eemperis su gobtuvu pagamintas i\u0161 auk\u0161tos kokyb\u0117s audinio, tinkamo tiek kasdieniam d\u0117v\u0117jimui, tiek treniruot\u0117ms. Med\u017eiaga i\u0161laiko jus sausus ir \u0161iltus treniruo\u010di\u0173 metu ir u\u017etikrina puik\u0173 bei patog\u0173 prigludim\u0105.<\/p>\n<p>Pastaba: Core d\u017eemperis su gobtuvu yra didelio dyd\u017eio.<\/p>\n<p>Med\u017eiaga: 70 % medviln\u0117, 30 % poliesteris<\/p>","protected":false},"featured_media":415,"template":"","meta":[],"product_brand":[],"product_cat":[29,25],"product_tag":[],"class_list":{"0":"post-401","1":"product","2":"type-product","3":"status-publish","4":"has-post-thumbnail","6":"product_cat-lifestyle","7":"product_cat-dzemperiai","9":"first","10":"onbackorder","11":"sale","12":"taxable","13":"shipping-taxable","14":"purchasable","15":"product-type-variable"},"aioseo_notices":[],"_links":{"self":[{"href":"https:\/\/rslbaltic.eu\/en\/wp-json\/wp\/v2\/product\/401","targetHints":{"allow":["GET"]}}],"collection":[{"href":"https:\/\/rslbaltic.eu\/en\/wp-json\/wp\/v2\/product"}],"about":[{"href":"https:\/\/rslbaltic.eu\/en\/wp-json\/wp\/v2\/types\/product"}],"wp:featuredmedia":[{"embeddable":true,"href":"https:\/\/rslbaltic.eu\/en\/wp-json\/wp\/v2\/media\/415"}],"wp:attachment":[{"href":"https:\/\/rslbaltic.eu\/en\/wp-json\/wp\/v2\/media?parent=401"}],"wp:term":[{"taxonomy":"product_brand","embeddable":true,"href":"https:\/\/rslbaltic.eu\/en\/wp-json\/wp\/v2\/product_brand?post=401"},{"taxonomy":"product_cat","embeddable":true,"href":"https:\/\/rslbaltic.eu\/en\/wp-json\/wp\/v2\/product_cat?post=401"},{"taxonomy":"product_tag","embeddable":true,"href":"https:\/\/rslbaltic.eu\/en\/wp-json\/wp\/v2\/product_tag?post=401"}],"curies":[{"name":"wp","href":"https:\/\/api.w.org\/{rel}","templated":true}]}}