{"id":435,"date":"2026-01-12T15:23:25","date_gmt":"2026-01-12T15:23:25","guid":{"rendered":"https:\/\/rslbaltic.eu\/?post_type=product&#038;p=435"},"modified":"2026-02-21T14:22:47","modified_gmt":"2026-02-21T14:22:47","slug":"rsl-pegasus","status":"publish","type":"product","link":"https:\/\/rslbaltic.eu\/en\/product\/rsl-pegasus\/","title":{"rendered":"RSL Pegasus"},"content":{"rendered":"<p>\u201eRSL Pegasus\u201c striuk\u0117 \u2013 tai unisex modelis, pagamintas i\u0161 auk\u0161tos kokyb\u0117s med\u017eiag\u0173, kurios treniruo\u010di\u0173 metu jus \u0161ildo ir sausina.<\/p>","protected":false},"excerpt":{"rendered":"<p>Med\u017eiaga: 92 % poliesteris, 8 % spandeksas (apvalus audinys), 100 % poliesteris (tinklelis)<\/p>","protected":false},"featured_media":443,"template":"","meta":[],"product_brand":[],"product_cat":[25],"product_tag":[],"class_list":{"0":"post-435","1":"product","2":"type-product","3":"status-publish","4":"has-post-thumbnail","6":"product_cat-dzemperiai","8":"first","9":"onbackorder","10":"sale","11":"taxable","12":"shipping-taxable","13":"purchasable","14":"product-type-variable"},"aioseo_notices":[],"_links":{"self":[{"href":"https:\/\/rslbaltic.eu\/en\/wp-json\/wp\/v2\/product\/435","targetHints":{"allow":["GET"]}}],"collection":[{"href":"https:\/\/rslbaltic.eu\/en\/wp-json\/wp\/v2\/product"}],"about":[{"href":"https:\/\/rslbaltic.eu\/en\/wp-json\/wp\/v2\/types\/product"}],"wp:featuredmedia":[{"embeddable":true,"href":"https:\/\/rslbaltic.eu\/en\/wp-json\/wp\/v2\/media\/443"}],"wp:attachment":[{"href":"https:\/\/rslbaltic.eu\/en\/wp-json\/wp\/v2\/media?parent=435"}],"wp:term":[{"taxonomy":"product_brand","embeddable":true,"href":"https:\/\/rslbaltic.eu\/en\/wp-json\/wp\/v2\/product_brand?post=435"},{"taxonomy":"product_cat","embeddable":true,"href":"https:\/\/rslbaltic.eu\/en\/wp-json\/wp\/v2\/product_cat?post=435"},{"taxonomy":"product_tag","embeddable":true,"href":"https:\/\/rslbaltic.eu\/en\/wp-json\/wp\/v2\/product_tag?post=435"}],"curies":[{"name":"wp","href":"https:\/\/api.w.org\/{rel}","templated":true}]}}