{"id":456,"date":"2026-01-12T15:31:36","date_gmt":"2026-01-12T15:31:36","guid":{"rendered":"https:\/\/rslbaltic.eu\/?post_type=product&#038;p=456"},"modified":"2026-02-21T14:19:53","modified_gmt":"2026-02-21T14:19:53","slug":"rsl-roma","status":"publish","type":"product","link":"https:\/\/rslbaltic.eu\/en\/product\/rsl-roma\/","title":{"rendered":"RSL Roma"},"content":{"rendered":"<p>&#8222;Roma\u201c striuk\u0117 pagaminta i\u0161 kokybi\u0161kos med\u017eiagos, kuri treniruo\u010di\u0173 metu jus i\u0161laiko saus\u0105 ir \u0161ilt\u0105. Med\u017eiaga u\u017etikrina ger\u0105 ir patog\u0173 prigludim\u0105 \u017eaidimo metu.<br \/>\nD\u0117v\u0117kite j\u0105 ir laisvalaikiu.<\/p>","protected":false},"excerpt":{"rendered":"<p>Med\u017eiaga: 92 % poliesteris, 8 % spandeksas (apvalkalas) ir 100 % poliesteris (tinklelis)<br \/>\n\u012eprastas dydis<\/p>","protected":false},"featured_media":462,"template":"","meta":[],"product_brand":[],"product_cat":[25],"product_tag":[],"class_list":{"0":"post-456","1":"product","2":"type-product","3":"status-publish","4":"has-post-thumbnail","6":"product_cat-dzemperiai","8":"first","9":"onbackorder","10":"sale","11":"taxable","12":"shipping-taxable","13":"purchasable","14":"product-type-variable"},"aioseo_notices":[],"_links":{"self":[{"href":"https:\/\/rslbaltic.eu\/en\/wp-json\/wp\/v2\/product\/456","targetHints":{"allow":["GET"]}}],"collection":[{"href":"https:\/\/rslbaltic.eu\/en\/wp-json\/wp\/v2\/product"}],"about":[{"href":"https:\/\/rslbaltic.eu\/en\/wp-json\/wp\/v2\/types\/product"}],"wp:featuredmedia":[{"embeddable":true,"href":"https:\/\/rslbaltic.eu\/en\/wp-json\/wp\/v2\/media\/462"}],"wp:attachment":[{"href":"https:\/\/rslbaltic.eu\/en\/wp-json\/wp\/v2\/media?parent=456"}],"wp:term":[{"taxonomy":"product_brand","embeddable":true,"href":"https:\/\/rslbaltic.eu\/en\/wp-json\/wp\/v2\/product_brand?post=456"},{"taxonomy":"product_cat","embeddable":true,"href":"https:\/\/rslbaltic.eu\/en\/wp-json\/wp\/v2\/product_cat?post=456"},{"taxonomy":"product_tag","embeddable":true,"href":"https:\/\/rslbaltic.eu\/en\/wp-json\/wp\/v2\/product_tag?post=456"}],"curies":[{"name":"wp","href":"https:\/\/api.w.org\/{rel}","templated":true}]}}