{"id":476,"date":"2026-01-12T15:45:48","date_gmt":"2026-01-12T15:45:48","guid":{"rendered":"https:\/\/rslbaltic.eu\/?post_type=product&#038;p=476"},"modified":"2026-02-21T14:20:27","modified_gmt":"2026-02-21T14:20:27","slug":"rsl-eagle","status":"publish","type":"product","link":"https:\/\/rslbaltic.eu\/en\/product\/rsl-eagle\/","title":{"rendered":"RSL Eagle"},"content":{"rendered":"<p>\u201eEagle\u201c u\u017etrauktuku dengtas d\u017eemperis su gobtuvu pagamintas i\u0161 kokybi\u0161kos med\u017eiagos, kuri treniruo\u010di\u0173 metu jus i\u0161laiko sausus ir \u0161iltus. Med\u017eiaga u\u017etikrina ger\u0105 ir patog\u0173 prigludim\u0105 \u017eaidimo metu.<br \/>\nD\u0117v\u0117kite j\u012f ir laisvalaikiu.<\/p>","protected":false},"excerpt":{"rendered":"<p>Med\u017eiaga: 40 % poliesteris, 60 % medviln\u0117<br \/>\n\u012eprastas dydis<\/p>","protected":false},"featured_media":485,"template":"","meta":[],"product_brand":[],"product_cat":[25],"product_tag":[],"class_list":{"0":"post-476","1":"product","2":"type-product","3":"status-publish","4":"has-post-thumbnail","6":"product_cat-dzemperiai","8":"first","9":"onbackorder","10":"sale","11":"taxable","12":"shipping-taxable","13":"purchasable","14":"product-type-variable"},"aioseo_notices":[],"_links":{"self":[{"href":"https:\/\/rslbaltic.eu\/en\/wp-json\/wp\/v2\/product\/476","targetHints":{"allow":["GET"]}}],"collection":[{"href":"https:\/\/rslbaltic.eu\/en\/wp-json\/wp\/v2\/product"}],"about":[{"href":"https:\/\/rslbaltic.eu\/en\/wp-json\/wp\/v2\/types\/product"}],"wp:featuredmedia":[{"embeddable":true,"href":"https:\/\/rslbaltic.eu\/en\/wp-json\/wp\/v2\/media\/485"}],"wp:attachment":[{"href":"https:\/\/rslbaltic.eu\/en\/wp-json\/wp\/v2\/media?parent=476"}],"wp:term":[{"taxonomy":"product_brand","embeddable":true,"href":"https:\/\/rslbaltic.eu\/en\/wp-json\/wp\/v2\/product_brand?post=476"},{"taxonomy":"product_cat","embeddable":true,"href":"https:\/\/rslbaltic.eu\/en\/wp-json\/wp\/v2\/product_cat?post=476"},{"taxonomy":"product_tag","embeddable":true,"href":"https:\/\/rslbaltic.eu\/en\/wp-json\/wp\/v2\/product_tag?post=476"}],"curies":[{"name":"wp","href":"https:\/\/api.w.org\/{rel}","templated":true}]}}