{"id":511,"date":"2026-01-12T16:03:10","date_gmt":"2026-01-12T16:03:10","guid":{"rendered":"https:\/\/rslbaltic.eu\/?post_type=product&#038;p=511"},"modified":"2026-02-21T14:11:16","modified_gmt":"2026-02-21T14:11:16","slug":"rsl-rigel-half-zip","status":"publish","type":"product","link":"https:\/\/rslbaltic.eu\/en\/product\/rsl-rigel-half-zip\/","title":{"rendered":"RSL Rigel Half Zip"},"content":{"rendered":"<p>\u201eRSL Rigel Half Zip\u201c \u2013 ilgomis rankov\u0117mis, auk\u0161tu kaklu ir u\u017etrauktuku u\u017esegama palaidin\u0117, pagaminta i\u0161 dr\u0117gm\u0119 sugerian\u010dios med\u017eiagos. Puikiai tinka treniruot\u0117ms.<\/p>\n<p>Med\u017eiaga: 91 % poliesteris, 9 % elastanas<\/p>","protected":false},"excerpt":{"rendered":"<p>\u201eRSL Rigel Half Zip\u201c \u2013 ilgomis rankov\u0117mis, auk\u0161tu kaklu ir u\u017etrauktuku u\u017esegama palaidin\u0117, pagaminta i\u0161 dr\u0117gm\u0119 sugerian\u010dios med\u017eiagos. Puikiai tinka treniruot\u0117ms.<\/p>\n<p>Med\u017eiaga: 91 % poliesteris, 9 % elastanas<\/p>","protected":false},"featured_media":512,"template":"","meta":[],"product_brand":[],"product_cat":[25],"product_tag":[],"class_list":{"0":"post-511","1":"product","2":"type-product","3":"status-publish","4":"has-post-thumbnail","6":"product_cat-dzemperiai","8":"first","9":"onbackorder","10":"sale","11":"taxable","12":"shipping-taxable","13":"purchasable","14":"product-type-variable"},"aioseo_notices":[],"_links":{"self":[{"href":"https:\/\/rslbaltic.eu\/en\/wp-json\/wp\/v2\/product\/511","targetHints":{"allow":["GET"]}}],"collection":[{"href":"https:\/\/rslbaltic.eu\/en\/wp-json\/wp\/v2\/product"}],"about":[{"href":"https:\/\/rslbaltic.eu\/en\/wp-json\/wp\/v2\/types\/product"}],"wp:featuredmedia":[{"embeddable":true,"href":"https:\/\/rslbaltic.eu\/en\/wp-json\/wp\/v2\/media\/512"}],"wp:attachment":[{"href":"https:\/\/rslbaltic.eu\/en\/wp-json\/wp\/v2\/media?parent=511"}],"wp:term":[{"taxonomy":"product_brand","embeddable":true,"href":"https:\/\/rslbaltic.eu\/en\/wp-json\/wp\/v2\/product_brand?post=511"},{"taxonomy":"product_cat","embeddable":true,"href":"https:\/\/rslbaltic.eu\/en\/wp-json\/wp\/v2\/product_cat?post=511"},{"taxonomy":"product_tag","embeddable":true,"href":"https:\/\/rslbaltic.eu\/en\/wp-json\/wp\/v2\/product_tag?post=511"}],"curies":[{"name":"wp","href":"https:\/\/api.w.org\/{rel}","templated":true}]}}