{"id":567,"date":"2026-01-12T16:29:39","date_gmt":"2026-01-12T16:29:39","guid":{"rendered":"https:\/\/rslbaltic.eu\/?post_type=product&#038;p=567"},"modified":"2026-02-24T12:04:46","modified_gmt":"2026-02-24T12:04:46","slug":"rsl-kojines-premium-w","status":"publish","type":"product","link":"https:\/\/rslbaltic.eu\/en\/product\/rsl-kojines-premium-w\/","title":{"rendered":"RSL Kojin\u0117s Premium W"},"content":{"rendered":"<p>RSL sportin\u0117s kojin\u0117s, moterims<\/p>\n<p>Spalva: balta, pilka<br \/>\nMed\u017eiaga: 4 % poliesteris, 4 % medviln\u0117, 86 % nailonas, 6 % spandeksas<\/p>","protected":false},"excerpt":{"rendered":"<p>RSL sportin\u0117s kojin\u0117s, moterims<\/p>\n<p>Spalva: balta, pilka<br \/>\nMed\u017eiaga: 4 % poliesteris, 4 % medviln\u0117, 86 % nailonas, 6 % spandeksas<\/p>","protected":false},"featured_media":569,"template":"","meta":[],"product_brand":[],"product_cat":[28],"product_tag":[],"class_list":{"0":"post-567","1":"product","2":"type-product","3":"status-publish","4":"has-post-thumbnail","6":"product_cat-kojines","8":"first","9":"onbackorder","10":"sale","11":"taxable","12":"shipping-taxable","13":"purchasable","14":"product-type-variable"},"aioseo_notices":[],"_links":{"self":[{"href":"https:\/\/rslbaltic.eu\/en\/wp-json\/wp\/v2\/product\/567","targetHints":{"allow":["GET"]}}],"collection":[{"href":"https:\/\/rslbaltic.eu\/en\/wp-json\/wp\/v2\/product"}],"about":[{"href":"https:\/\/rslbaltic.eu\/en\/wp-json\/wp\/v2\/types\/product"}],"wp:featuredmedia":[{"embeddable":true,"href":"https:\/\/rslbaltic.eu\/en\/wp-json\/wp\/v2\/media\/569"}],"wp:attachment":[{"href":"https:\/\/rslbaltic.eu\/en\/wp-json\/wp\/v2\/media?parent=567"}],"wp:term":[{"taxonomy":"product_brand","embeddable":true,"href":"https:\/\/rslbaltic.eu\/en\/wp-json\/wp\/v2\/product_brand?post=567"},{"taxonomy":"product_cat","embeddable":true,"href":"https:\/\/rslbaltic.eu\/en\/wp-json\/wp\/v2\/product_cat?post=567"},{"taxonomy":"product_tag","embeddable":true,"href":"https:\/\/rslbaltic.eu\/en\/wp-json\/wp\/v2\/product_tag?post=567"}],"curies":[{"name":"wp","href":"https:\/\/api.w.org\/{rel}","templated":true}]}}