{"id":611,"date":"2026-01-12T17:15:00","date_gmt":"2026-01-12T17:15:00","guid":{"rendered":"https:\/\/rslbaltic.eu\/?post_type=product&#038;p=611"},"modified":"2026-02-24T11:56:07","modified_gmt":"2026-02-24T11:56:07","slug":"rsl-dover","status":"publish","type":"product","link":"https:\/\/rslbaltic.eu\/en\/product\/rsl-dover\/","title":{"rendered":"RSL Dover"},"content":{"rendered":"<p>RSL Dover mar\u0161kin\u0117liai, unisex<\/p>\n<p>Spalva: akmenuk\u0173 spalvos<br \/>\nMed\u017eiaga: 100 % vaflinis poliesteris<br \/>\n\u012eprastas dydis<\/p>\n<p>Dover mar\u0161kin\u0117liai pagaminti i\u0161 kokybi\u0161kos med\u017eiagos, kuri treniruo\u010di\u0173 metu i\u0161laiko jus sausus ir \u0161iltus. Med\u017eiaga u\u017etikrina ger\u0105 ir patog\u0173 prigludim\u0105 \u017eaidimo metu.<br \/>\nD\u0117v\u0117kite juos ir laisvalaikiu.<\/p>","protected":false},"excerpt":{"rendered":"<p>RSL Dover mar\u0161kin\u0117liai, unisex<\/p>\n<p>Spalva: akmenuk\u0173 spalvos<br \/>\nMed\u017eiaga: 100 % vaflinis poliesteris<br \/>\n\u012eprastas dydis<\/p>\n<p>Dover mar\u0161kin\u0117liai pagaminti i\u0161 kokybi\u0161kos med\u017eiagos, kuri treniruo\u010di\u0173 metu i\u0161laiko jus sausus ir \u0161iltus. Med\u017eiaga u\u017etikrina ger\u0105 ir patog\u0173 prigludim\u0105 \u017eaidimo metu.<br \/>\nD\u0117v\u0117kite juos ir laisvalaikiu.<\/p>","protected":false},"featured_media":620,"template":"","meta":[],"product_brand":[],"product_cat":[29],"product_tag":[],"class_list":{"0":"post-611","1":"product","2":"type-product","3":"status-publish","4":"has-post-thumbnail","6":"product_cat-lifestyle","8":"first","9":"onbackorder","10":"sale","11":"taxable","12":"shipping-taxable","13":"purchasable","14":"product-type-variable"},"aioseo_notices":[],"_links":{"self":[{"href":"https:\/\/rslbaltic.eu\/en\/wp-json\/wp\/v2\/product\/611","targetHints":{"allow":["GET"]}}],"collection":[{"href":"https:\/\/rslbaltic.eu\/en\/wp-json\/wp\/v2\/product"}],"about":[{"href":"https:\/\/rslbaltic.eu\/en\/wp-json\/wp\/v2\/types\/product"}],"wp:featuredmedia":[{"embeddable":true,"href":"https:\/\/rslbaltic.eu\/en\/wp-json\/wp\/v2\/media\/620"}],"wp:attachment":[{"href":"https:\/\/rslbaltic.eu\/en\/wp-json\/wp\/v2\/media?parent=611"}],"wp:term":[{"taxonomy":"product_brand","embeddable":true,"href":"https:\/\/rslbaltic.eu\/en\/wp-json\/wp\/v2\/product_brand?post=611"},{"taxonomy":"product_cat","embeddable":true,"href":"https:\/\/rslbaltic.eu\/en\/wp-json\/wp\/v2\/product_cat?post=611"},{"taxonomy":"product_tag","embeddable":true,"href":"https:\/\/rslbaltic.eu\/en\/wp-json\/wp\/v2\/product_tag?post=611"}],"curies":[{"name":"wp","href":"https:\/\/api.w.org\/{rel}","templated":true}]}}