{"id":648,"date":"2026-01-12T17:28:05","date_gmt":"2026-01-12T17:28:05","guid":{"rendered":"https:\/\/rslbaltic.eu\/?post_type=product&#038;p=648"},"modified":"2026-02-24T11:53:32","modified_gmt":"2026-02-24T11:53:32","slug":"rsl-romney","status":"publish","type":"product","link":"https:\/\/rslbaltic.eu\/en\/product\/rsl-romney\/","title":{"rendered":"RSL Romney"},"content":{"rendered":"<p>RSL Romney mar\u0161kin\u0117liai, unisex<\/p>\n<p>Spalva: tamsiai m\u0117lyna<br \/>\nMed\u017eiaga: 100 % vaflinis poliesteris<br \/>\n\u012eprastas dydis<\/p>\n<p>Romney mar\u0161kin\u0117liai pagaminti i\u0161 kokybi\u0161kos med\u017eiagos, kuri treniruo\u010di\u0173 metu jus i\u0161laiko sausus ir \u0161iltus. Med\u017eiaga u\u017etikrina ger\u0105 ir patog\u0173 prigludim\u0105 \u017eaidimo metu.<br \/>\nD\u0117v\u0117kite juos ir laisvalaikiu.<\/p>","protected":false},"excerpt":{"rendered":"<p>RSL Romney mar\u0161kin\u0117liai, unisex<\/p>\n<p>Spalva: tamsiai m\u0117lyna<br \/>\nMed\u017eiaga: 100 % vaflinis poliesteris<br \/>\n\u012eprastas dydis<\/p>\n<p>Romney mar\u0161kin\u0117liai pagaminti i\u0161 kokybi\u0161kos med\u017eiagos, kuri treniruo\u010di\u0173 metu jus i\u0161laiko sausus ir \u0161iltus. Med\u017eiaga u\u017etikrina ger\u0105 ir patog\u0173 prigludim\u0105 \u017eaidimo metu.<br \/>\nD\u0117v\u0117kite juos ir laisvalaikiu.<\/p>","protected":false},"featured_media":653,"template":"","meta":[],"product_brand":[],"product_cat":[29],"product_tag":[],"class_list":{"0":"post-648","1":"product","2":"type-product","3":"status-publish","4":"has-post-thumbnail","6":"product_cat-lifestyle","8":"first","9":"onbackorder","10":"sale","11":"taxable","12":"shipping-taxable","13":"purchasable","14":"product-type-variable"},"aioseo_notices":[],"_links":{"self":[{"href":"https:\/\/rslbaltic.eu\/en\/wp-json\/wp\/v2\/product\/648","targetHints":{"allow":["GET"]}}],"collection":[{"href":"https:\/\/rslbaltic.eu\/en\/wp-json\/wp\/v2\/product"}],"about":[{"href":"https:\/\/rslbaltic.eu\/en\/wp-json\/wp\/v2\/types\/product"}],"wp:featuredmedia":[{"embeddable":true,"href":"https:\/\/rslbaltic.eu\/en\/wp-json\/wp\/v2\/media\/653"}],"wp:attachment":[{"href":"https:\/\/rslbaltic.eu\/en\/wp-json\/wp\/v2\/media?parent=648"}],"wp:term":[{"taxonomy":"product_brand","embeddable":true,"href":"https:\/\/rslbaltic.eu\/en\/wp-json\/wp\/v2\/product_brand?post=648"},{"taxonomy":"product_cat","embeddable":true,"href":"https:\/\/rslbaltic.eu\/en\/wp-json\/wp\/v2\/product_cat?post=648"},{"taxonomy":"product_tag","embeddable":true,"href":"https:\/\/rslbaltic.eu\/en\/wp-json\/wp\/v2\/product_tag?post=648"}],"curies":[{"name":"wp","href":"https:\/\/api.w.org\/{rel}","templated":true}]}}