{"id":666,"date":"2026-01-12T17:35:09","date_gmt":"2026-01-12T17:35:09","guid":{"rendered":"https:\/\/rslbaltic.eu\/?post_type=product&#038;p=666"},"modified":"2026-02-21T14:53:04","modified_gmt":"2026-02-21T14:53:04","slug":"rsl-luna-sijonas","status":"publish","type":"product","link":"https:\/\/rslbaltic.eu\/en\/product\/rsl-luna-sijonas\/","title":{"rendered":"RSL Luna Sijonas"},"content":{"rendered":"<p>RSL moteri\u0161kas sijonas, juodas<br \/>\nLuna sijonas yra 2 viename dizaino \u2013 lengvas ir kv\u0117puojantis, su vidin\u0117mis tampr\u0117mis, kurios suteikia laisv\u0117s ir judrumo poj\u016bt\u012f. Elastin\u0117 juosmens juosta su rai\u0161teliu u\u017etikrina tobul\u0105 prigludim\u0105.<\/p>\n<p>Med\u017eiaga: 90 % poliesteris, 10 % spandeksas<br \/>\nSpalva: juoda<\/p>","protected":false},"excerpt":{"rendered":"<p>RSL moteri\u0161kas sijonas, juodas<br \/>\nLuna sijonas yra 2 viename dizaino \u2013 lengvas ir kv\u0117puojantis, su vidin\u0117mis tampr\u0117mis, kurios suteikia laisv\u0117s ir judrumo poj\u016bt\u012f. Elastin\u0117 juosmens juosta su rai\u0161teliu u\u017etikrina tobul\u0105 prigludim\u0105.<\/p>\n<p>Med\u017eiaga: 90 % poliesteris, 10 % spandeksas<br \/>\nSpalva: juoda<\/p>","protected":false},"featured_media":667,"template":"","meta":[],"product_brand":[],"product_cat":[27],"product_tag":[],"class_list":{"0":"post-666","1":"product","2":"type-product","3":"status-publish","4":"has-post-thumbnail","6":"product_cat-sortai-sijonai","8":"first","9":"onbackorder","10":"sale","11":"taxable","12":"shipping-taxable","13":"purchasable","14":"product-type-variable"},"aioseo_notices":[],"_links":{"self":[{"href":"https:\/\/rslbaltic.eu\/en\/wp-json\/wp\/v2\/product\/666","targetHints":{"allow":["GET"]}}],"collection":[{"href":"https:\/\/rslbaltic.eu\/en\/wp-json\/wp\/v2\/product"}],"about":[{"href":"https:\/\/rslbaltic.eu\/en\/wp-json\/wp\/v2\/types\/product"}],"wp:featuredmedia":[{"embeddable":true,"href":"https:\/\/rslbaltic.eu\/en\/wp-json\/wp\/v2\/media\/667"}],"wp:attachment":[{"href":"https:\/\/rslbaltic.eu\/en\/wp-json\/wp\/v2\/media?parent=666"}],"wp:term":[{"taxonomy":"product_brand","embeddable":true,"href":"https:\/\/rslbaltic.eu\/en\/wp-json\/wp\/v2\/product_brand?post=666"},{"taxonomy":"product_cat","embeddable":true,"href":"https:\/\/rslbaltic.eu\/en\/wp-json\/wp\/v2\/product_cat?post=666"},{"taxonomy":"product_tag","embeddable":true,"href":"https:\/\/rslbaltic.eu\/en\/wp-json\/wp\/v2\/product_tag?post=666"}],"curies":[{"name":"wp","href":"https:\/\/api.w.org\/{rel}","templated":true}]}}