{"id":683,"date":"2026-01-12T17:44:58","date_gmt":"2026-01-12T17:44:58","guid":{"rendered":"https:\/\/rslbaltic.eu\/?post_type=product&#038;p=683"},"modified":"2026-02-21T14:51:11","modified_gmt":"2026-02-21T14:51:11","slug":"rsl-leon-sortai","status":"publish","type":"product","link":"https:\/\/rslbaltic.eu\/en\/product\/rsl-leon-sortai\/","title":{"rendered":"RSL Leon \u0160ortai"},"content":{"rendered":"<p>RSL Leon \u0161ortai juodos spalvos.<br \/>\nLeon \u0161ortai pagaminti i\u0161 dr\u0117gm\u0119 sugerian\u010dios ir greitai d\u017ei\u016bstan\u010dios med\u017eiagos, kuri padeda reguliuoti k\u016bno temperat\u016br\u0105, kai padid\u0117ja intensyvumas. Mink\u0161tas audinys u\u017etikrina didel\u012f komfort\u0105 tiek treniruo\u010di\u0173, tiek rungtyni\u0173 metu.<\/p>","protected":false},"excerpt":{"rendered":"<p>Med\u017eiaga: 100 % poliesteris<br \/>\nSpalva: juoda<\/p>","protected":false},"featured_media":687,"template":"","meta":[],"product_brand":[],"product_cat":[27],"product_tag":[],"class_list":{"0":"post-683","1":"product","2":"type-product","3":"status-publish","4":"has-post-thumbnail","6":"product_cat-sortai-sijonai","8":"first","9":"onbackorder","10":"sale","11":"taxable","12":"shipping-taxable","13":"purchasable","14":"product-type-variable"},"aioseo_notices":[],"_links":{"self":[{"href":"https:\/\/rslbaltic.eu\/en\/wp-json\/wp\/v2\/product\/683","targetHints":{"allow":["GET"]}}],"collection":[{"href":"https:\/\/rslbaltic.eu\/en\/wp-json\/wp\/v2\/product"}],"about":[{"href":"https:\/\/rslbaltic.eu\/en\/wp-json\/wp\/v2\/types\/product"}],"wp:featuredmedia":[{"embeddable":true,"href":"https:\/\/rslbaltic.eu\/en\/wp-json\/wp\/v2\/media\/687"}],"wp:attachment":[{"href":"https:\/\/rslbaltic.eu\/en\/wp-json\/wp\/v2\/media?parent=683"}],"wp:term":[{"taxonomy":"product_brand","embeddable":true,"href":"https:\/\/rslbaltic.eu\/en\/wp-json\/wp\/v2\/product_brand?post=683"},{"taxonomy":"product_cat","embeddable":true,"href":"https:\/\/rslbaltic.eu\/en\/wp-json\/wp\/v2\/product_cat?post=683"},{"taxonomy":"product_tag","embeddable":true,"href":"https:\/\/rslbaltic.eu\/en\/wp-json\/wp\/v2\/product_tag?post=683"}],"curies":[{"name":"wp","href":"https:\/\/api.w.org\/{rel}","templated":true}]}}