{"id":717,"date":"2026-01-12T17:57:11","date_gmt":"2026-01-12T17:57:11","guid":{"rendered":"https:\/\/rslbaltic.eu\/?post_type=product&#038;p=717"},"modified":"2026-02-21T14:46:27","modified_gmt":"2026-02-21T14:46:27","slug":"rsl-amber-sortai-w","status":"publish","type":"product","link":"https:\/\/rslbaltic.eu\/en\/product\/rsl-amber-sortai-w\/","title":{"rendered":"RSL Amber \u0160ortai W"},"content":{"rendered":"<p>RSL gintaro spalvos moteri\u0161ki \u0161ortai<\/p>\n<p>Spalva: Rudens klevo spalva<br \/>\nMed\u017eiaga: 89 % poliesteris, 11 % elastanas<br \/>\nMoteri\u0161kas modelis<\/p>","protected":false},"excerpt":{"rendered":"<p>RSL gintaro spalvos moteri\u0161ki \u0161ortai<\/p>\n<p>Spalva: Rudens klevo spalva<br \/>\nMed\u017eiaga: 89 % poliesteris, 11 % elastanas<br \/>\nMoteri\u0161kas modelis<\/p>","protected":false},"featured_media":718,"template":"","meta":[],"product_brand":[],"product_cat":[27],"product_tag":[],"class_list":{"0":"post-717","1":"product","2":"type-product","3":"status-publish","4":"has-post-thumbnail","6":"product_cat-sortai-sijonai","8":"first","9":"onbackorder","10":"sale","11":"taxable","12":"shipping-taxable","13":"purchasable","14":"product-type-variable"},"aioseo_notices":[],"_links":{"self":[{"href":"https:\/\/rslbaltic.eu\/en\/wp-json\/wp\/v2\/product\/717","targetHints":{"allow":["GET"]}}],"collection":[{"href":"https:\/\/rslbaltic.eu\/en\/wp-json\/wp\/v2\/product"}],"about":[{"href":"https:\/\/rslbaltic.eu\/en\/wp-json\/wp\/v2\/types\/product"}],"wp:featuredmedia":[{"embeddable":true,"href":"https:\/\/rslbaltic.eu\/en\/wp-json\/wp\/v2\/media\/718"}],"wp:attachment":[{"href":"https:\/\/rslbaltic.eu\/en\/wp-json\/wp\/v2\/media?parent=717"}],"wp:term":[{"taxonomy":"product_brand","embeddable":true,"href":"https:\/\/rslbaltic.eu\/en\/wp-json\/wp\/v2\/product_brand?post=717"},{"taxonomy":"product_cat","embeddable":true,"href":"https:\/\/rslbaltic.eu\/en\/wp-json\/wp\/v2\/product_cat?post=717"},{"taxonomy":"product_tag","embeddable":true,"href":"https:\/\/rslbaltic.eu\/en\/wp-json\/wp\/v2\/product_tag?post=717"}],"curies":[{"name":"wp","href":"https:\/\/api.w.org\/{rel}","templated":true}]}}