{"id":734,"date":"2026-01-12T18:12:41","date_gmt":"2026-01-12T18:12:41","guid":{"rendered":"https:\/\/rslbaltic.eu\/?post_type=product&#038;p=734"},"modified":"2026-02-21T14:54:01","modified_gmt":"2026-02-21T14:54:01","slug":"rsl-june-shorts","status":"publish","type":"product","link":"https:\/\/rslbaltic.eu\/en\/product\/rsl-june-shorts\/","title":{"rendered":"RSL June Shorts"},"content":{"rendered":"<p>RSL bir\u017eelio m\u0117nesio moteri\u0161ki \u0161ortai<\/p>\n<p>Spalva: juoda<br \/>\nMed\u017eiaga: 100 % poliesteris<br \/>\nMoteri\u0161kas kirpimas<\/p>\n<p>Moteri\u0161ki \u0161ortai, puikiai tinkantys sportuojan\u010dioms moterims. \u0160ie \u0161ortai pagaminti i\u0161 kv\u0117puojan\u010di\u0173 med\u017eiag\u0173.<\/p>","protected":false},"excerpt":{"rendered":"<p>RSL bir\u017eelio m\u0117nesio moteri\u0161ki \u0161ortai<\/p>\n<p>Spalva: juoda<br \/>\nMed\u017eiaga: 100 % poliesteris<br \/>\nMoteri\u0161kas kirpimas<\/p>\n<p>Moteri\u0161ki \u0161ortai, puikiai tinkantys sportuojan\u010dioms moterims. \u0160ie \u0161ortai pagaminti i\u0161 kv\u0117puojan\u010di\u0173 med\u017eiag\u0173.<\/p>","protected":false},"featured_media":736,"template":"","meta":[],"product_brand":[],"product_cat":[27],"product_tag":[],"class_list":{"0":"post-734","1":"product","2":"type-product","3":"status-publish","4":"has-post-thumbnail","6":"product_cat-sortai-sijonai","8":"first","9":"onbackorder","10":"sale","11":"taxable","12":"shipping-taxable","13":"purchasable","14":"product-type-variable"},"aioseo_notices":[],"_links":{"self":[{"href":"https:\/\/rslbaltic.eu\/en\/wp-json\/wp\/v2\/product\/734","targetHints":{"allow":["GET"]}}],"collection":[{"href":"https:\/\/rslbaltic.eu\/en\/wp-json\/wp\/v2\/product"}],"about":[{"href":"https:\/\/rslbaltic.eu\/en\/wp-json\/wp\/v2\/types\/product"}],"wp:featuredmedia":[{"embeddable":true,"href":"https:\/\/rslbaltic.eu\/en\/wp-json\/wp\/v2\/media\/736"}],"wp:attachment":[{"href":"https:\/\/rslbaltic.eu\/en\/wp-json\/wp\/v2\/media?parent=734"}],"wp:term":[{"taxonomy":"product_brand","embeddable":true,"href":"https:\/\/rslbaltic.eu\/en\/wp-json\/wp\/v2\/product_brand?post=734"},{"taxonomy":"product_cat","embeddable":true,"href":"https:\/\/rslbaltic.eu\/en\/wp-json\/wp\/v2\/product_cat?post=734"},{"taxonomy":"product_tag","embeddable":true,"href":"https:\/\/rslbaltic.eu\/en\/wp-json\/wp\/v2\/product_tag?post=734"}],"curies":[{"name":"wp","href":"https:\/\/api.w.org\/{rel}","templated":true}]}}