{"id":752,"date":"2026-01-12T18:19:34","date_gmt":"2026-01-12T18:19:34","guid":{"rendered":"https:\/\/rslbaltic.eu\/?post_type=product&#038;p=752"},"modified":"2026-02-21T14:42:13","modified_gmt":"2026-02-21T14:42:13","slug":"rsl-may-sortai","status":"publish","type":"product","link":"https:\/\/rslbaltic.eu\/en\/product\/rsl-may-sortai\/","title":{"rendered":"RSL May \u0160ortai"},"content":{"rendered":"<p>RSL \u201eMay\u201c moteri\u0161ki \u0161ortai<\/p>\n<p>Spalva: balta<br \/>\nMed\u017eiaga: 100 % poliesteris<br \/>\nMoteri\u0161kas kirpimas<\/p>\n<p>Moteri\u0161ki \u0161ortai, puikiai tinkantys sportinink\u0117ms. \u0160ie \u0161ortai pagaminti i\u0161 kv\u0117puojan\u010di\u0173 med\u017eiag\u0173.<\/p>","protected":false},"excerpt":{"rendered":"<p>RSL \u201eMay\u201c moteri\u0161ki \u0161ortai<\/p>\n<p>Spalva: balta<br \/>\nMed\u017eiaga: 100 % poliesteris<br \/>\nMoteri\u0161kas kirpimas<\/p>\n<p>Moteri\u0161ki \u0161ortai, puikiai tinkantys sportinink\u0117ms. \u0160ie \u0161ortai pagaminti i\u0161 kv\u0117puojan\u010di\u0173 med\u017eiag\u0173.<\/p>","protected":false},"featured_media":753,"template":"","meta":[],"product_brand":[],"product_cat":[27],"product_tag":[],"class_list":{"0":"post-752","1":"product","2":"type-product","3":"status-publish","4":"has-post-thumbnail","6":"product_cat-sortai-sijonai","8":"first","9":"onbackorder","10":"sale","11":"taxable","12":"shipping-taxable","13":"purchasable","14":"product-type-variable"},"aioseo_notices":[],"_links":{"self":[{"href":"https:\/\/rslbaltic.eu\/en\/wp-json\/wp\/v2\/product\/752","targetHints":{"allow":["GET"]}}],"collection":[{"href":"https:\/\/rslbaltic.eu\/en\/wp-json\/wp\/v2\/product"}],"about":[{"href":"https:\/\/rslbaltic.eu\/en\/wp-json\/wp\/v2\/types\/product"}],"wp:featuredmedia":[{"embeddable":true,"href":"https:\/\/rslbaltic.eu\/en\/wp-json\/wp\/v2\/media\/753"}],"wp:attachment":[{"href":"https:\/\/rslbaltic.eu\/en\/wp-json\/wp\/v2\/media?parent=752"}],"wp:term":[{"taxonomy":"product_brand","embeddable":true,"href":"https:\/\/rslbaltic.eu\/en\/wp-json\/wp\/v2\/product_brand?post=752"},{"taxonomy":"product_cat","embeddable":true,"href":"https:\/\/rslbaltic.eu\/en\/wp-json\/wp\/v2\/product_cat?post=752"},{"taxonomy":"product_tag","embeddable":true,"href":"https:\/\/rslbaltic.eu\/en\/wp-json\/wp\/v2\/product_tag?post=752"}],"curies":[{"name":"wp","href":"https:\/\/api.w.org\/{rel}","templated":true}]}}