{"id":811,"date":"2026-01-12T18:37:42","date_gmt":"2026-01-12T18:37:42","guid":{"rendered":"https:\/\/rslbaltic.eu\/?post_type=product&#038;p=811"},"modified":"2026-02-21T14:33:03","modified_gmt":"2026-02-21T14:33:03","slug":"rsl-gefion-sijonas-w","status":"publish","type":"product","link":"https:\/\/rslbaltic.eu\/en\/product\/rsl-gefion-sijonas-w\/","title":{"rendered":"RSL Gefion Sijonas W"},"content":{"rendered":"<p>RSL Gefion sijonas, moteri\u0161kas<\/p>\n<p>Spalva: balta<br \/>\nMed\u017eiaga: 100 % poliesteris<br \/>\nMoteri\u0161kas kirpimas<\/p>\n<p>Moteri\u0161kas sijonas, puikiai tinkantis sportinink\u0117ms. \u0160is sijonas pagamintas i\u0161 kv\u0117puojan\u010di\u0173 med\u017eiag\u0173.<\/p>","protected":false},"excerpt":{"rendered":"<p>RSL Gefion sijonas, moteri\u0161kas<\/p>\n<p>Spalva: balta<br \/>\nMed\u017eiaga: 100 % poliesteris<br \/>\nMoteri\u0161kas kirpimas<\/p>\n<p>Moteri\u0161kas sijonas, puikiai tinkantis sportinink\u0117ms. \u0160is sijonas pagamintas i\u0161 kv\u0117puojan\u010di\u0173 med\u017eiag\u0173.<\/p>","protected":false},"featured_media":813,"template":"","meta":[],"product_brand":[],"product_cat":[27],"product_tag":[],"class_list":{"0":"post-811","1":"product","2":"type-product","3":"status-publish","4":"has-post-thumbnail","6":"product_cat-sortai-sijonai","8":"first","9":"onbackorder","10":"sale","11":"taxable","12":"shipping-taxable","13":"purchasable","14":"product-type-variable"},"aioseo_notices":[],"_links":{"self":[{"href":"https:\/\/rslbaltic.eu\/en\/wp-json\/wp\/v2\/product\/811","targetHints":{"allow":["GET"]}}],"collection":[{"href":"https:\/\/rslbaltic.eu\/en\/wp-json\/wp\/v2\/product"}],"about":[{"href":"https:\/\/rslbaltic.eu\/en\/wp-json\/wp\/v2\/types\/product"}],"wp:featuredmedia":[{"embeddable":true,"href":"https:\/\/rslbaltic.eu\/en\/wp-json\/wp\/v2\/media\/813"}],"wp:attachment":[{"href":"https:\/\/rslbaltic.eu\/en\/wp-json\/wp\/v2\/media?parent=811"}],"wp:term":[{"taxonomy":"product_brand","embeddable":true,"href":"https:\/\/rslbaltic.eu\/en\/wp-json\/wp\/v2\/product_brand?post=811"},{"taxonomy":"product_cat","embeddable":true,"href":"https:\/\/rslbaltic.eu\/en\/wp-json\/wp\/v2\/product_cat?post=811"},{"taxonomy":"product_tag","embeddable":true,"href":"https:\/\/rslbaltic.eu\/en\/wp-json\/wp\/v2\/product_tag?post=811"}],"curies":[{"name":"wp","href":"https:\/\/api.w.org\/{rel}","templated":true}]}}